{"id":43741,"date":"2025-05-02T14:57:18","date_gmt":"2025-05-02T14:57:18","guid":{"rendered":"https:\/\/westkust.nl\/?page_id=43741"},"modified":"2025-05-02T15:01:42","modified_gmt":"2025-05-02T15:01:42","slug":"ferienwohnung-zoutelande-2-personen","status":"publish","type":"page","link":"https:\/\/westkust.nl\/de\/ferienwohnung-zoutelande-2-personen\/","title":{"rendered":"Ferienwohnung Zoutelande 2 Personen"},"content":{"rendered":"<div class=\"flex_column av_one_full  flex_column_div av-zero-column-padding first  avia-builder-el-0  el_before_av_one_half  avia-builder-el-first  \" style='border-radius:0px; '><section class=\"av_textblock_section \"  itemscope=\"itemscope\" itemtype=\"https:\/\/schema.org\/CreativeWork\" ><div class='avia_textblock  '   itemprop=\"text\" ><h1 data-start=\"216\" data-end=\"293\">Ferienwohnung Zoutelande\u00a0f\u00fcr 2 Personen &#8211; Ihr Urlaub an der K\u00fcste Zeelands<\/h1>\n<\/div><\/section><br \/>\n<section class=\"av_textblock_section \"  itemscope=\"itemscope\" itemtype=\"https:\/\/schema.org\/CreativeWork\" ><div class='avia_textblock  '  style='font-size:16px; '  itemprop=\"text\" ><p>Sie m\u00f6chten zu zweit dem Alltag entfliehen, frische Meeresluft schnuppern und lange Spazierg\u00e4nge am Strand genie\u00dfen? Dann ist eine <strong data-start=\"426\" data-end=\"469\">Zoutelande Ferienwohnung f\u00fcr 2 Personen<\/strong> genau das Richtige f\u00fcr Sie. Bei <em data-start=\"502\" data-end=\"520\">Westkust Holiday<\/em> finden Sie gem\u00fctliche und gut ausgestattete Unterk\u00fcnfte, die sich perfekt f\u00fcr einen entspannten Urlaub an der niederl\u00e4ndischen Nordseek\u00fcste eignen.<\/p>\n<\/div><\/section><br \/>\n<div  class='avia-button-wrap avia-button-center  avia-builder-el-3  el_after_av_textblock  avia-builder-el-last ' ><a href='https:\/\/westkust.nl\/de\/unsere-unterkuenfte\/'  class='avia-button  avia-color-theme-color   avia-icon_select-yes-left-icon avia-size-large avia-position-center '   ><span class='avia_button_icon avia_button_icon_left ' aria-hidden='true' data-av_icon='\ue821' data-av_iconfont='entypo-fontello'><\/span><span class='avia_iconbox_title' >Direkt zu den Ferienwohungen<\/span><\/a><\/div><\/p><\/div><div class=\"flex_column av_one_half  flex_column_div av-zero-column-padding first  avia-builder-el-4  el_after_av_one_full  el_before_av_one_half  column-top-margin\" style='border-radius:0px; '><section class=\"av_textblock_section \"  itemscope=\"itemscope\" itemtype=\"https:\/\/schema.org\/CreativeWork\" ><div class='avia_textblock  '  style='font-size:16px; '  itemprop=\"text\" ><h2 data-start=\"670\" data-end=\"732\">Urlaub zu zweit \u2013 zwischen D\u00fcnen, Meer und Entschleunigung<\/h2>\n<p class=\"\" data-start=\"734\" data-end=\"1192\">Zoutelande liegt an der sogenannten \u201eZeeuwse Rivi\u00e8ra\u201c \u2013 einer der sonnenreichsten Regionen der Niederlande. Der breite Sandstrand ist in wenigen Minuten zu Fu\u00df erreichbar und eignet sich ideal f\u00fcr ausgedehnte Spazierg\u00e4nge, ein Picknick im Sand oder einen gem\u00fctlichen Nachmittag im Strandpavillon. Unsere <strong data-start=\"1038\" data-end=\"1086\">Ferienwohnungen f\u00fcr 2 Personen in Zoutelande<\/strong> sind ideal f\u00fcr Paare, Freunde oder alleinreisende G\u00e4ste, die ein ruhiges Pl\u00e4tzchen mit viel Natur suchen.<\/p>\n<\/div><\/section><br \/>\n<section class=\"av_textblock_section \"  itemscope=\"itemscope\" itemtype=\"https:\/\/schema.org\/CreativeWork\" ><div class='avia_textblock  '  style='font-size:16px; '  itemprop=\"text\" ><h2 data-start=\"1918\" data-end=\"1969\">Zoutelande erleben \u2013 Tipps f\u00fcr Ihren Aufenthalt<\/h2>\n<p class=\"\" data-start=\"1971\" data-end=\"2340\">Auch au\u00dferhalb der Sommermonate lohnt sich ein Urlaub in Zeeland. Im Fr\u00fchling und Herbst ist es ruhig und die Str\u00e4nde fast menschenleer \u2013 perfekt zum Abschalten. Sie k\u00f6nnen Fahrr\u00e4der mieten und die Region auf gut ausgeschilderten Radwegen erkunden, etwa entlang der K\u00fcste oder durchs Hinterland. F\u00fcr Wanderfreunde gibt es herrliche D\u00fcnenpfade mit Aussicht auf das Meer.<\/p>\n<p class=\"\" data-start=\"2342\" data-end=\"2561\">Und wenn Sie Lust auf einen Ausflug haben: Besuchen Sie die St\u00e4dte Middelburg oder Vlissingen mit ihren kleinen L\u00e4den, Caf\u00e9s und Museen. Oder entdecken Sie den Deltapark <em data-start=\"2512\" data-end=\"2526\">Neeltje Jans<\/em> \u2013 spannend und lehrreich zugleich.<\/p>\n<\/div><\/section><\/p><\/div><\/p>\n<div class=\"flex_column av_one_half  flex_column_div av-zero-column-padding   avia-builder-el-7  el_after_av_one_half  el_before_av_one_full  column-top-margin\" style='border-radius:0px; '><p><div  class='avia-image-container  av-styling-    avia-builder-el-8  el_before_av_textblock  avia-builder-el-first  avia-align-center '  itemprop=\"image\" itemscope=\"itemscope\" itemtype=\"https:\/\/schema.org\/ImageObject\"  ><div class='avia-image-container-inner'><div class='avia-image-overlay-wrap'><img decoding=\"async\" class='wp-image-43742 avia-img-lazy-loading-not-43742 avia_image' src=\"https:\/\/westkust.nl\/wp-content\/uploads\/2025\/05\/ferienwohnung-zoutelande-2-personen.webp\" alt='Ferienwohnung Zoutelande 2 Personen' title='ferienwohnung zoutelande 2 personen' height=\"678\" width=\"1030\"  itemprop=\"thumbnailUrl\" srcset=\"https:\/\/westkust.nl\/wp-content\/uploads\/2025\/05\/ferienwohnung-zoutelande-2-personen.webp 1030w, https:\/\/westkust.nl\/wp-content\/uploads\/2025\/05\/ferienwohnung-zoutelande-2-personen-300x197.webp 300w, https:\/\/westkust.nl\/wp-content\/uploads\/2025\/05\/ferienwohnung-zoutelande-2-personen-768x506.webp 768w, https:\/\/westkust.nl\/wp-content\/uploads\/2025\/05\/ferienwohnung-zoutelande-2-personen-705x464.webp 705w\" sizes=\"(max-width: 1030px) 100vw, 1030px\" \/><\/div><\/div><\/div><br \/>\n<section class=\"av_textblock_section \"  itemscope=\"itemscope\" itemtype=\"https:\/\/schema.org\/CreativeWork\" ><div class='avia_textblock  '   itemprop=\"text\" ><h2 data-start=\"1194\" data-end=\"1258\">Ihre Ferienwohnung f\u00fcr zwei in Zoutelande \u2013 das erwartet Sie<\/h2>\n<p class=\"\" data-start=\"1260\" data-end=\"1648\">Unsere Unterk\u00fcnfte sind mit allem ausgestattet, was Sie f\u00fcr einen angenehmen Aufenthalt brauchen: ein gem\u00fctlicher Wohnbereich, eine komplett ausgestattete K\u00fcche, WLAN, TV und oft auch eine kleine Terrasse oder ein Balkon. Viele Wohnungen liegen strandnah oder mitten im Zentrum \u2013 je nachdem, ob Sie lieber ruhig in den D\u00fcnen wohnen oder abends direkt in ein Restaurant spazieren m\u00f6chten.<\/p>\n<p class=\"\" data-start=\"1650\" data-end=\"1916\">Einige Unterk\u00fcnfte bieten sogar Extras wie eine Sp\u00fclmaschine oder einen eigenen Parkplatz. In den Ferienwohnungen im Park <em data-start=\"1772\" data-end=\"1781\">Zandput<\/em> oder im <em data-start=\"1790\" data-end=\"1801\">Kustlicht<\/em> wohnen Sie ruhig und naturnah \u2013 ideal, wenn Sie morgens erst mal bei Vogelgezwitscher den Kaffee genie\u00dfen m\u00f6chten.<\/p>\n<\/div><\/section><br \/>\n<section class=\"av_textblock_section \"  itemscope=\"itemscope\" itemtype=\"https:\/\/schema.org\/CreativeWork\" ><div class='avia_textblock  '   itemprop=\"text\" ><h2 data-start=\"2563\" data-end=\"2609\">Pers\u00f6nliche Betreuung und einfache Buchung<\/h2>\n<p class=\"\" data-start=\"2611\" data-end=\"2996\">Bei <em data-start=\"2615\" data-end=\"2633\">Westkust Holiday<\/em> legen wir Wert auf pers\u00f6nlichen Service. Wenn Sie eine <strong data-start=\"2689\" data-end=\"2732\">Zoutelande Ferienwohnung f\u00fcr 2 Personen<\/strong> buchen m\u00f6chten, helfen wir Ihnen gerne dabei, die passende Unterkunft zu finden \u2013 per Telefon, E-Mail oder WhatsApp. Auf unserer Website k\u00f6nnen Sie gezielt nach Reisezeitraum und Personenanzahl filtern und so schnell sehen, welche Ferienwohnungen verf\u00fcgbar sind.<\/p>\n<p class=\"\" data-start=\"2998\" data-end=\"3108\">Sie haben Fragen zur Ausstattung oder Lage? Schreiben Sie uns einfach \u2013 wir kennen jede Unterkunft pers\u00f6nlich.<\/p>\n<\/div><\/section><\/p><\/div>\n<div class=\"flex_column av_one_full  flex_column_div av-zero-column-padding first  avia-builder-el-11  el_after_av_one_half  avia-builder-el-last  column-top-margin\" style='border-radius:0px; '><section class=\"av_textblock_section \"  itemscope=\"itemscope\" itemtype=\"https:\/\/schema.org\/CreativeWork\" ><div class='avia_textblock  '  style='font-size:16px; '  itemprop=\"text\" ><h2><strong data-start=\"3115\" data-end=\"3174\">Jetzt Ferienwohnung f\u00fcr 2 Personen in Zoutelande buchen<\/strong><\/h2>\n<p>St\u00f6bern Sie durch unser Angebot und sichern Sie sich Ihre Wunschunterkunft f\u00fcr Ihren n\u00e4chsten Zeeland-Urlaub. Ob Fr\u00fchjahr, Sommer oder Herbst \u2013 eine Auszeit an der K\u00fcste tut immer gut.<\/p>\n<\/div><\/section><br \/>\n<div  class='avia-button-wrap avia-button-center  avia-builder-el-13  el_after_av_textblock  avia-builder-el-last ' ><a href='https:\/\/westkust.nl\/de\/unsere-unterkuenfte\/'  class='avia-button  avia-color-theme-color   avia-icon_select-yes-left-icon avia-size-large avia-position-center '   ><span class='avia_button_icon avia_button_icon_left ' aria-hidden='true' data-av_icon='\ue821' data-av_iconfont='entypo-fontello'><\/span><span class='avia_iconbox_title' >Alle Ferienwohnungen ansehen<\/span><\/a><\/div><\/p><\/div>\n","protected":false},"excerpt":{"rendered":"","protected":false},"author":3,"featured_media":0,"parent":0,"menu_order":0,"comment_status":"closed","ping_status":"closed","template":"","meta":{"_acf_changed":false,"footnotes":""},"class_list":["post-43741","page","type-page","status-publish","hentry"],"acf":[],"_links":{"self":[{"href":"https:\/\/westkust.nl\/de\/wp-json\/wp\/v2\/pages\/43741","targetHints":{"allow":["GET"]}}],"collection":[{"href":"https:\/\/westkust.nl\/de\/wp-json\/wp\/v2\/pages"}],"about":[{"href":"https:\/\/westkust.nl\/de\/wp-json\/wp\/v2\/types\/page"}],"author":[{"embeddable":true,"href":"https:\/\/westkust.nl\/de\/wp-json\/wp\/v2\/users\/3"}],"replies":[{"embeddable":true,"href":"https:\/\/westkust.nl\/de\/wp-json\/wp\/v2\/comments?post=43741"}],"version-history":[{"count":4,"href":"https:\/\/westkust.nl\/de\/wp-json\/wp\/v2\/pages\/43741\/revisions"}],"predecessor-version":[{"id":43746,"href":"https:\/\/westkust.nl\/de\/wp-json\/wp\/v2\/pages\/43741\/revisions\/43746"}],"wp:attachment":[{"href":"https:\/\/westkust.nl\/de\/wp-json\/wp\/v2\/media?parent=43741"}],"curies":[{"name":"wp","href":"https:\/\/api.w.org\/{rel}","templated":true}]}}