{"id":43578,"date":"2025-02-12T14:40:15","date_gmt":"2025-02-12T14:40:15","guid":{"rendered":"https:\/\/westkust.nl\/?page_id=43578"},"modified":"2025-02-12T14:42:13","modified_gmt":"2025-02-12T14:42:13","slug":"datenschutzerklaerung","status":"publish","type":"page","link":"https:\/\/westkust.nl\/de\/datenschutzerklaerung\/","title":{"rendered":"Datenschutzerkl\u00e4rung"},"content":{"rendered":"<div class=\"flex_column av_one_full  flex_column_div av-zero-column-padding first  avia-builder-el-0  avia-builder-el-no-sibling  \" style='border-radius:0px; '><section class=\"av_textblock_section \"  itemscope=\"itemscope\" itemtype=\"https:\/\/schema.org\/CreativeWork\" ><div class='avia_textblock  '   itemprop=\"text\" ><h2 data-start=\"0\" data-end=\"67\">Wie sind wir?<\/h2>\n<p data-start=\"0\" data-end=\"67\">Unsere Website-Adresse lautet: <a href=\"https:\/\/westkust.nl\" target=\"_new\" rel=\"noopener\" data-start=\"47\" data-end=\"66\">https:\/\/westkust.nl<\/a>.<\/p>\n<h2 data-start=\"69\" data-end=\"280\">Kommentare<\/h2>\n<p data-start=\"69\" data-end=\"280\">Wenn Besucher Kommentare auf der Seite hinterlassen, sammeln wir die im Kommentarformular angezeigten Daten sowie die IP-Adresse des Besuchers und die Browser-User-Agent-String, um Spam zu erkennen.<\/p>\n<p data-start=\"282\" data-end=\"681\">Ein anonymisierter String, der aus Ihrer E-Mail-Adresse erstellt wird (auch als Hash bezeichnet), kann dem Gravatar-Dienst zur Verf\u00fcgung gestellt werden, um zu sehen, ob Sie diesen verwenden. Die Datenschutzerkl\u00e4rung des Gravatar-Dienstes ist hier verf\u00fcgbar: <a href=\"https:\/\/automattic.com\/privacy\/\" target=\"_new\" rel=\"noopener\" data-start=\"541\" data-end=\"572\">https:\/\/automattic.com\/privacy\/<\/a>. Nach der Genehmigung Ihres Kommentars wird Ihr Profilbild \u00f6ffentlich im Kontext Ihres Kommentars angezeigt.<\/p>\n<h2 data-start=\"683\" data-end=\"921\">Medien<\/h2>\n<p data-start=\"683\" data-end=\"921\">Wenn Sie Bilder auf die Website hochladen, sollten Sie vermeiden, Bilder mit eingebetteten Standortdaten (EXIF GPS) hochzuladen. Besucher der Website k\u00f6nnen Standortdaten von Bildern auf der Website herunterladen und extrahieren.<\/p>\n<h2 data-start=\"923\" data-end=\"1263\">Cookies<\/h2>\n<p data-start=\"923\" data-end=\"1263\">Wenn Sie einen Kommentar auf unserer Seite hinterlassen, k\u00f6nnen Sie w\u00e4hlen, Ihren Namen, Ihre E-Mail-Adresse und Ihre Website in Cookies zu speichern. Diese dienen Ihrer Bequemlichkeit, damit Sie Ihre Daten nicht erneut eingeben m\u00fcssen, wenn Sie einen weiteren Kommentar hinterlassen. Diese Cookies bleiben ein Jahr lang bestehen.<\/p>\n<p data-start=\"1265\" data-end=\"1490\">Wenn Sie unsere Anmeldeseite besuchen, setzen wir ein tempor\u00e4res Cookie, um festzustellen, ob Ihr Browser Cookies akzeptiert. Dieses Cookie enth\u00e4lt keine pers\u00f6nlichen Daten und wird gel\u00f6scht, wenn Sie Ihren Browser schlie\u00dfen.<\/p>\n<p data-start=\"1492\" data-end=\"1911\">Wenn Sie sich einloggen, setzen wir auch verschiedene Cookies, um Ihre Anmeldeinformationen und Ihre Anzeigeoptionen zu speichern. Die Anmelde-Cookies werden zwei Tage lang gespeichert und die Cookies f\u00fcr Anzeigeoptionen bleiben ein Jahr lang bestehen. Wenn Sie \u201eAngemeldet bleiben\u201c ausw\u00e4hlen, bleibt Ihre Anmeldung zwei Wochen lang erhalten. Wenn Sie sich aus Ihrem Konto abmelden, werden die Anmelde-Cookies entfernt.<\/p>\n<p data-start=\"1913\" data-end=\"2177\">Wenn Sie einen Artikel bearbeiten oder ver\u00f6ffentlichen, wird ein zus\u00e4tzliches Cookie in Ihrem Browser gespeichert. Dieses Cookie enth\u00e4lt keine pers\u00f6nlichen Daten und gibt nur die Post-ID des Artikels an, den Sie gerade bearbeitet haben. Es l\u00e4uft nach einem Tag ab.<\/p>\n<p data-start=\"2179\" data-end=\"2443\">Eingebettete Inhalte von anderen Websites<br data-start=\"2220\" data-end=\"2223\" \/>Artikel auf dieser Seite k\u00f6nnen eingebettete Inhalte enthalten (z. B. Videos, Bilder, Artikel usw.). Eingebettete Inhalte von anderen Websites verhalten sich genau wie, wenn der Besucher die andere Website besucht h\u00e4tte.<\/p>\n<p data-start=\"2445\" data-end=\"2764\">Diese Websites k\u00f6nnen Daten \u00fcber Sie sammeln, Cookies verwenden, zus\u00e4tzliches Tracking durch Dritte einf\u00fcgen und Ihre Interaktion mit diesen eingebetteten Inhalten verfolgen, einschlie\u00dflich der Verfolgung Ihrer Interaktion mit den eingebetteten Inhalten, wenn Sie ein Konto haben und auf dieser Website angemeldet sind.<\/p>\n<h2 data-start=\"2766\" data-end=\"2907\">Mit wem wir Ihre Daten teilen<\/h2>\n<p data-start=\"2766\" data-end=\"2907\">Wenn Sie eine Passwortzur\u00fccksetzung anfordern, wird Ihre IP-Adresse in der Zur\u00fccksetzungs-E-Mail aufgenommen.<\/p>\n<h2 data-start=\"2909\" data-end=\"3193\">Wie lange wir Ihre Daten aufbewahren<\/h2>\n<p data-start=\"2909\" data-end=\"3193\">Wenn Sie einen Kommentar hinterlassen, werden der Kommentar und seine Metadaten unbegrenzt aufbewahrt. Dies geschieht, damit wir Folgekommentare automatisch erkennen und genehmigen k\u00f6nnen, anstatt sie in einer Moderationswarteschlange zu halten.<\/p>\n<p data-start=\"3195\" data-end=\"3604\">F\u00fcr Benutzer, die sich auf unserer Website registrieren (sofern zutreffend), speichern wir auch die pers\u00f6nlichen Informationen, die sie in ihrem Benutzerprofil angeben. Alle Benutzer k\u00f6nnen ihre pers\u00f6nlichen Informationen jederzeit einsehen, bearbeiten oder l\u00f6schen (au\u00dfer dass sie ihren Benutzernamen nicht \u00e4ndern k\u00f6nnen). Website-Administratoren k\u00f6nnen diese Informationen ebenfalls einsehen und bearbeiten.<\/p>\n<h2 data-start=\"3606\" data-end=\"4105\">Welche Rechte Sie an Ihren Daten haben<\/h2>\n<p data-start=\"3606\" data-end=\"4105\">Wenn Sie ein Konto auf dieser Seite haben oder Kommentare hinterlassen haben, k\u00f6nnen Sie verlangen, eine exportierte Datei der personenbezogenen Daten zu erhalten, die wir \u00fcber Sie speichern, einschlie\u00dflich aller Daten, die Sie uns zur Verf\u00fcgung gestellt haben. Sie k\u00f6nnen auch verlangen, dass wir Ihre personenbezogenen Daten l\u00f6schen. Dies gilt nicht f\u00fcr Daten, die wir aus administrativen, rechtlichen oder sicherheitsrelevanten Gr\u00fcnden aufbewahren m\u00fcssen.<\/p>\n<h2 data-start=\"4107\" data-end=\"4235\">Wo wir Ihre Daten hin senden<\/h2>\n<p data-start=\"4107\" data-end=\"4235\" data-is-last-node=\"\">Kommentare von Besuchern k\u00f6nnen von einem automatisierten Spam-Erkennungsdienst \u00fcberpr\u00fcft werden.<\/p>\n<\/div><\/section><\/div>\n","protected":false},"excerpt":{"rendered":"","protected":false},"author":3,"featured_media":0,"parent":0,"menu_order":0,"comment_status":"closed","ping_status":"open","template":"","meta":{"_acf_changed":false,"footnotes":""},"class_list":["post-43578","page","type-page","status-publish","hentry"],"acf":[],"_links":{"self":[{"href":"https:\/\/westkust.nl\/de\/wp-json\/wp\/v2\/pages\/43578","targetHints":{"allow":["GET"]}}],"collection":[{"href":"https:\/\/westkust.nl\/de\/wp-json\/wp\/v2\/pages"}],"about":[{"href":"https:\/\/westkust.nl\/de\/wp-json\/wp\/v2\/types\/page"}],"author":[{"embeddable":true,"href":"https:\/\/westkust.nl\/de\/wp-json\/wp\/v2\/users\/3"}],"replies":[{"embeddable":true,"href":"https:\/\/westkust.nl\/de\/wp-json\/wp\/v2\/comments?post=43578"}],"version-history":[{"count":4,"href":"https:\/\/westkust.nl\/de\/wp-json\/wp\/v2\/pages\/43578\/revisions"}],"predecessor-version":[{"id":43581,"href":"https:\/\/westkust.nl\/de\/wp-json\/wp\/v2\/pages\/43578\/revisions\/43581"}],"wp:attachment":[{"href":"https:\/\/westkust.nl\/de\/wp-json\/wp\/v2\/media?parent=43578"}],"curies":[{"name":"wp","href":"https:\/\/api.w.org\/{rel}","templated":true}]}}