{"id":43211,"date":"2025-01-03T17:52:15","date_gmt":"2025-01-03T17:52:15","guid":{"rendered":"https:\/\/westkust.nl\/?page_id=43211"},"modified":"2025-01-03T17:52:15","modified_gmt":"2025-01-03T17:52:15","slug":"apartment-zoutelande","status":"publish","type":"page","link":"https:\/\/westkust.nl\/de\/apartment-zoutelande\/","title":{"rendered":"Apartment Zoutelande"},"content":{"rendered":"<div class=\"flex_column av_one_full  flex_column_div av-zero-column-padding first  avia-builder-el-0  el_before_av_one_half  avia-builder-el-first  \" style='border-radius:0px; '><section class=\"av_textblock_section \"  itemscope=\"itemscope\" itemtype=\"https:\/\/schema.org\/CreativeWork\" ><div class='avia_textblock  '   itemprop=\"text\" ><h1><strong>Urlaub an der K\u00fcste Zeelands: Ihr Apartment in Zoutelande bei Westkust Holiday<\/strong><\/h1>\n<p>Entdecken Sie den Charme von Zoutelande, einem der sch\u00f6nsten K\u00fcstenorte in Zeeland! Mit einem Apartment in Zoutelande erleben Sie die perfekte Mischung aus Erholung, Natur und Komfort. Bei Westkust Holiday finden Sie eine gro\u00dfe Auswahl an Ferienwohnungen, die ideal f\u00fcr Ihren Urlaub an der niederl\u00e4ndischen K\u00fcste geeignet sind.<\/p>\n<\/div><\/section><br \/>\n<div  class='avia-button-wrap avia-button-center  avia-builder-el-2  el_after_av_textblock  avia-builder-el-last ' ><a href='https:\/\/westkust.nl\/de\/unsere-unterkuenfte\/'  class='avia-button  avia-color-theme-color   avia-icon_select-no avia-size-small avia-position-center '   ><span class='avia_iconbox_title' >Jetzt Angebot entdecken<\/span><\/a><\/div><\/p><\/div><div class=\"flex_column av_one_half  flex_column_div av-zero-column-padding first  avia-builder-el-3  el_after_av_one_full  el_before_av_one_half  column-top-margin\" style='border-radius:0px; '><section class=\"av_textblock_section \"  itemscope=\"itemscope\" itemtype=\"https:\/\/schema.org\/CreativeWork\" ><div class='avia_textblock  '   itemprop=\"text\" ><h2><strong>Warum ein Apartment in Zoutelande?<\/strong><\/h2>\n<p>Zoutelande ist bekannt f\u00fcr seinen breiten Sandstrand, die beeindruckenden D\u00fcnen und die entspannte Atmosph\u00e4re. Unsere Apartments in Zoutelande bieten Ihnen die M\u00f6glichkeit, diese Idylle hautnah zu erleben. Ob Sie einen romantischen Kurzurlaub planen, mit Freunden verreisen oder als Familie die Ferien genie\u00dfen m\u00f6chten \u2013 die Apartments sind f\u00fcr jeden Anspruch geeignet.<\/p>\n<\/div><\/section><\/div><div class=\"flex_column av_one_half  flex_column_div av-zero-column-padding   avia-builder-el-5  el_after_av_one_half  el_before_av_one_full  column-top-margin\" style='border-radius:0px; '><div  class='avia-image-container  av-styling-    avia-builder-el-6  avia-builder-el-no-sibling  avia-align-center '  itemprop=\"image\" itemscope=\"itemscope\" itemtype=\"https:\/\/schema.org\/ImageObject\"  ><div class='avia-image-container-inner'><div class='avia-image-overlay-wrap'><img decoding=\"async\" class='wp-image-43212 avia-img-lazy-loading-not-43212 avia_image' src=\"https:\/\/westkust.nl\/wp-content\/uploads\/2025\/01\/apartment-zoutelande-westkust.jpg\" alt='Modernes Apartment in Zoutelande' title='apartment zoutelande westkust' height=\"450\" width=\"980\"  itemprop=\"thumbnailUrl\" srcset=\"https:\/\/westkust.nl\/wp-content\/uploads\/2025\/01\/apartment-zoutelande-westkust.jpg 980w, https:\/\/westkust.nl\/wp-content\/uploads\/2025\/01\/apartment-zoutelande-westkust-300x138.jpg 300w, https:\/\/westkust.nl\/wp-content\/uploads\/2025\/01\/apartment-zoutelande-westkust-768x353.jpg 768w, https:\/\/westkust.nl\/wp-content\/uploads\/2025\/01\/apartment-zoutelande-westkust-705x324.jpg 705w\" sizes=\"(max-width: 980px) 100vw, 980px\" \/><\/div><\/div><\/div><\/div><div class=\"flex_column av_one_full  flex_column_div av-zero-column-padding first  avia-builder-el-7  el_after_av_one_half  el_before_av_one_third  column-top-margin\" style='border-radius:0px; '><section class=\"av_textblock_section \"  itemscope=\"itemscope\" itemtype=\"https:\/\/schema.org\/CreativeWork\" ><div class='avia_textblock  '   itemprop=\"text\" ><h2><strong>Vorteile unserer Apartments in Zoutelande<\/strong><\/h2>\n<\/div><\/section><\/div><div class=\"flex_column av_one_third  flex_column_div av-zero-column-padding first  avia-builder-el-9  el_after_av_one_full  el_before_av_one_third  column-top-margin\" style='border-radius:0px; '><section class=\"av_textblock_section \"  itemscope=\"itemscope\" itemtype=\"https:\/\/schema.org\/CreativeWork\" ><div class='avia_textblock  '   itemprop=\"text\" ><p><strong>Zentrale Lage<\/strong><\/p>\n<p>Viele unserer Apartments befinden sich direkt im Herzen von Zoutelande. Von hier aus haben Sie den Strand, gem\u00fctliche Caf\u00e9s und Restaurants sowie Einkaufsm\u00f6glichkeiten in unmittelbarer N\u00e4he.<\/p>\n<\/div><\/section><\/div><div class=\"flex_column av_one_third  flex_column_div av-zero-column-padding   avia-builder-el-11  el_after_av_one_third  el_before_av_one_third  column-top-margin\" style='border-radius:0px; '><section class=\"av_textblock_section \"  itemscope=\"itemscope\" itemtype=\"https:\/\/schema.org\/CreativeWork\" ><div class='avia_textblock  '   itemprop=\"text\" ><p><strong>Moderne Ausstattung<\/strong><\/p>\n<p>Unsere Ferienwohnungen bieten eine hochwertige Ausstattung, darunter WLAN, moderne K\u00fcchen und oft auch private Balkone oder Terrassen.<\/p>\n<\/div><\/section><\/div><div class=\"flex_column av_one_third  flex_column_div av-zero-column-padding   avia-builder-el-13  el_after_av_one_third  el_before_av_two_third  column-top-margin\" style='border-radius:0px; '><section class=\"av_textblock_section \"  itemscope=\"itemscope\" itemtype=\"https:\/\/schema.org\/CreativeWork\" ><div class='avia_textblock  '   itemprop=\"text\" ><p><strong>Flexibilit\u00e4t<\/strong><\/p>\n<p>Ob Sie ein verl\u00e4ngertes Wochenende oder einen l\u00e4ngeren Aufenthalt planen \u2013 wir haben die passende Unterkunft f\u00fcr Sie.<\/p>\n<\/div><\/section><\/div><div class=\"flex_column av_two_third  flex_column_div av-zero-column-padding first  avia-builder-el-15  el_after_av_one_third  el_before_av_one_third  column-top-margin\" style='border-radius:0px; '><section class=\"av_textblock_section \"  itemscope=\"itemscope\" itemtype=\"https:\/\/schema.org\/CreativeWork\" ><div class='avia_textblock  '   itemprop=\"text\" ><h2><strong>Zoutelande: Aktivit\u00e4ten f\u00fcr jeden Geschmack<\/strong><\/h2>\n<p>Ein Apartment in Zoutelande ist der ideale Ausgangspunkt f\u00fcr zahlreiche Aktivit\u00e4ten:<\/p>\n<h3><strong>Strand und Meer<\/strong><\/h3>\n<p>Der Strand von Zoutelande geh\u00f6rt zur &#8220;Zeeuwse Riviera&#8221; und ist ein Paradies f\u00fcr Sonnenanbeter, Strandspazierg\u00e4nger und Wassersportler. Genie\u00dfen Sie die frische Brise, entspannen Sie in einem Strandpavillon oder erleben Sie die unvergesslichen Sonnenunterg\u00e4nge.<\/p>\n<h3><strong>Wandern und Radfahren<\/strong><\/h3>\n<p>Zeeland ist ein Paradies f\u00fcr Outdoor-Fans. Direkt von Zoutelande aus f\u00fchren zahlreiche Wander- und Radwege durch die beeindruckende D\u00fcnenlandschaft. Erkunden Sie die Umgebung auf einer Radtour entlang der K\u00fcste oder entdecken Sie die kleinen, charmanten D\u00f6rfer in der N\u00e4he.<\/p>\n<h3><strong>Kulturelle Highlights in der Umgebung<\/strong><\/h3>\n<p>Zoutelande liegt zentral, sodass Sie von Ihrem Apartment aus viele Sehensw\u00fcrdigkeiten in Zeeland erreichen. Besuchen Sie die historische Stadt Middelburg, den Hafen von Vlissingen oder den interaktiven Themenpark Neeltje Jans.<\/p>\n<\/div><\/section><\/div><div class=\"flex_column av_one_third  flex_column_div av-zero-column-padding   avia-builder-el-17  el_after_av_two_third  el_before_av_one_full  column-top-margin\" style='border-radius:0px; '><div  class='avia-image-container  av-styling-    avia-builder-el-18  avia-builder-el-no-sibling  avia-align-center '  itemprop=\"image\" itemscope=\"itemscope\" itemtype=\"https:\/\/schema.org\/ImageObject\"  ><div class='avia-image-container-inner'><div class='avia-image-overlay-wrap'><img decoding=\"async\" class='wp-image-43214 avia-img-lazy-loading-not-43214 avia_image' src=\"https:\/\/westkust.nl\/wp-content\/uploads\/2025\/01\/Apartment-Zoutelande-nah-am-Strand-Westkust-scaled.jpg\" alt='Apartment Zoutelande nah am Strand' title='Apartment Zoutelande nah am Strand Westkust' height=\"2560\" width=\"1707\"  itemprop=\"thumbnailUrl\" srcset=\"https:\/\/westkust.nl\/wp-content\/uploads\/2025\/01\/Apartment-Zoutelande-nah-am-Strand-Westkust-scaled.jpg 1707w, https:\/\/westkust.nl\/wp-content\/uploads\/2025\/01\/Apartment-Zoutelande-nah-am-Strand-Westkust-200x300.jpg 200w, https:\/\/westkust.nl\/wp-content\/uploads\/2025\/01\/Apartment-Zoutelande-nah-am-Strand-Westkust-687x1030.jpg 687w, https:\/\/westkust.nl\/wp-content\/uploads\/2025\/01\/Apartment-Zoutelande-nah-am-Strand-Westkust-768x1152.jpg 768w, https:\/\/westkust.nl\/wp-content\/uploads\/2025\/01\/Apartment-Zoutelande-nah-am-Strand-Westkust-1024x1536.jpg 1024w, https:\/\/westkust.nl\/wp-content\/uploads\/2025\/01\/Apartment-Zoutelande-nah-am-Strand-Westkust-1365x2048.jpg 1365w, https:\/\/westkust.nl\/wp-content\/uploads\/2025\/01\/Apartment-Zoutelande-nah-am-Strand-Westkust-1000x1500.jpg 1000w, https:\/\/westkust.nl\/wp-content\/uploads\/2025\/01\/Apartment-Zoutelande-nah-am-Strand-Westkust-470x705.jpg 470w\" sizes=\"(max-width: 1707px) 100vw, 1707px\" \/><\/div><\/div><\/div><\/div><div class=\"flex_column av_one_full  flex_column_div av-zero-column-padding first  avia-builder-el-19  el_after_av_one_third  avia-builder-el-last  column-top-margin\" style='border-radius:0px; '><section class=\"av_textblock_section \"  itemscope=\"itemscope\" itemtype=\"https:\/\/schema.org\/CreativeWork\" ><div class='avia_textblock  '   itemprop=\"text\" ><h2><strong>Jetzt Ihr Apartment in Zoutelande buchen<\/strong><\/h2>\n<p>Die Buchung eines Apartments in Zoutelande bei Westkust Holiday ist unkompliziert. Geben Sie einfach Ihre Reisedaten und die Anzahl der Personen auf unserer Webseite ein, und wir zeigen Ihnen die besten verf\u00fcgbaren Unterk\u00fcnfte. Bei Fragen stehen wir Ihnen jederzeit telefonisch, per E-Mail oder WhatsApp zur Verf\u00fcgung.<\/p>\n<\/div><\/section><br \/>\n<div  class='avia-button-wrap avia-button-center  avia-builder-el-21  el_after_av_textblock  avia-builder-el-last ' ><a href='https:\/\/westkust.nl\/de\/unsere-unterkuenfte\/'  class='avia-button  avia-color-theme-color   avia-icon_select-no avia-size-small avia-position-center '   ><span class='avia_iconbox_title' >Apartment in Zoutelande buchen<\/span><\/a><\/div><\/p><\/div><\/p>\n","protected":false},"excerpt":{"rendered":"","protected":false},"author":3,"featured_media":0,"parent":0,"menu_order":0,"comment_status":"closed","ping_status":"closed","template":"","meta":{"_acf_changed":false,"footnotes":""},"class_list":["post-43211","page","type-page","status-publish","hentry"],"acf":[],"_links":{"self":[{"href":"https:\/\/westkust.nl\/de\/wp-json\/wp\/v2\/pages\/43211","targetHints":{"allow":["GET"]}}],"collection":[{"href":"https:\/\/westkust.nl\/de\/wp-json\/wp\/v2\/pages"}],"about":[{"href":"https:\/\/westkust.nl\/de\/wp-json\/wp\/v2\/types\/page"}],"author":[{"embeddable":true,"href":"https:\/\/westkust.nl\/de\/wp-json\/wp\/v2\/users\/3"}],"replies":[{"embeddable":true,"href":"https:\/\/westkust.nl\/de\/wp-json\/wp\/v2\/comments?post=43211"}],"version-history":[{"count":3,"href":"https:\/\/westkust.nl\/de\/wp-json\/wp\/v2\/pages\/43211\/revisions"}],"predecessor-version":[{"id":43218,"href":"https:\/\/westkust.nl\/de\/wp-json\/wp\/v2\/pages\/43211\/revisions\/43218"}],"wp:attachment":[{"href":"https:\/\/westkust.nl\/de\/wp-json\/wp\/v2\/media?parent=43211"}],"curies":[{"name":"wp","href":"https:\/\/api.w.org\/{rel}","templated":true}]}}