{"id":42054,"date":"2024-02-06T13:36:20","date_gmt":"2024-02-06T13:36:20","guid":{"rendered":"https:\/\/westkust.nl\/?page_id=42054"},"modified":"2025-03-03T13:39:08","modified_gmt":"2025-03-03T13:39:08","slug":"uebernachten-zeeland","status":"publish","type":"page","link":"https:\/\/westkust.nl\/de\/uebernachten-zeeland\/","title":{"rendered":"\u00dcbernachten Zeeland"},"content":{"rendered":"<div class=\"flex_column av_one_full  flex_column_div av-zero-column-padding first  avia-builder-el-0  el_before_av_two_third  avia-builder-el-first  \" style='border-radius:0px; '><section class=\"av_textblock_section \"  itemscope=\"itemscope\" itemtype=\"https:\/\/schema.org\/CreativeWork\" ><div class='avia_textblock  '  style='font-size:16px; '  itemprop=\"text\" ><h1><b>\u00dcbernachten in Zeeland mit Westkust Holiday<\/b><\/h1>\n<p><span style=\"font-weight: 400;\">Zeeland, eine der bezaubernden Provinzen der Niederlande, besticht durch ihre einzigartige Naturlandschaft, reiche Kultur und gastfreundliche Atmosph\u00e4re. Die Region, bekannt f\u00fcr ihre ausgedehnten Str\u00e4nde, malerischen D\u00fcnen und historischen St\u00e4dte, bietet Besuchern eine vielf\u00e4ltige Palette von Erlebnissen.<\/span><\/p>\n<p><span style=\"font-weight: 400;\">Einer der beliebtesten Orte in Zeeland ist Zoutelande, ein charmantes St\u00e4dtchen an der Westk\u00fcste der Insel Walcheren. Westkust Holiday bietet Ihnen sorgf\u00e4ltig ausgew\u00e4hlte Ferienwohnungen und Ferienh\u00e4user in Zoutelande und Umgebung. Finden Sie mit uns Ihre ideale \u00dcbernachtung in Zeeland.\u00a0<\/span><\/p>\n<\/div><\/section><br \/>\n<div  class='avia-button-wrap avia-button-center  avia-builder-el-2  el_after_av_textblock  avia-builder-el-last ' ><a href='https:\/\/westkust.nl\/de\/unsere-unterkuenfte\/'  class='avia-button  avia-color-theme-color   avia-icon_select-yes-right-icon avia-size-medium avia-position-center '   ><span class='avia_iconbox_title' >\u00dcbernachten in Zeeland<\/span><span class='avia_button_icon avia_button_icon_right' aria-hidden='true' data-av_icon='\ue821' data-av_iconfont='entypo-fontello'><\/span><\/a><\/div><\/p><\/div>\n<div class=\"flex_column av_two_third  flex_column_div av-zero-column-padding first  avia-builder-el-3  el_after_av_one_full  el_before_av_one_third  column-top-margin\" style='border-radius:0px; '><section class=\"av_textblock_section \"  itemscope=\"itemscope\" itemtype=\"https:\/\/schema.org\/CreativeWork\" ><div class='avia_textblock  '  style='font-size:16px; '  itemprop=\"text\" ><h2><span style=\"font-weight: 600;\">Urlaub in Zeeland<\/span><\/h2>\n<p><span style=\"font-weight: 400;\">Zeeland ist ein wahres Paradies f\u00fcr Naturliebhaber, Wassersportfans und Erholungssuchende gleicherma\u00dfen. Hier kann man die salzige Meeresluft einatmen, die endlosen K\u00fcsten erkunden und in die entspannte Atmosph\u00e4re eintauchen, die diese Region so einzigartig macht. Zeeland vereint Gelassenheit und Aktivit\u00e4t auf harmonische Weise und l\u00e4dt dazu ein, die Sch\u00f6nheit und Vielfalt der niederl\u00e4ndischen K\u00fcste in vollen Z\u00fcgen zu genie\u00dfen.<\/span><\/p>\n<\/div><\/section><\/div>\n<div class=\"flex_column av_one_third  flex_column_div av-zero-column-padding   avia-builder-el-5  el_after_av_two_third  el_before_av_one_half  column-top-margin\" style='border-radius:0px; '><div  class='avia-image-container  av-styling-    avia-builder-el-6  avia-builder-el-no-sibling  avia-align-center '  itemprop=\"image\" itemscope=\"itemscope\" itemtype=\"https:\/\/schema.org\/ImageObject\"  ><div class='avia-image-container-inner'><div class='avia-image-overlay-wrap'><img decoding=\"async\" class='wp-image-42055 avia-img-lazy-loading-not-42055 avia_image' src=\"https:\/\/westkust.nl\/wp-content\/uploads\/2024\/02\/ubernachten-zeeland-aktivitaten-300x200.jpg\" alt='\u00dcbernachten Zeeland mit vielen Aktivit\u00e4ten' title='\u00fcbernachten zeeland aktivit\u00e4ten' height=\"200\" width=\"300\"  itemprop=\"thumbnailUrl\" srcset=\"https:\/\/westkust.nl\/wp-content\/uploads\/2024\/02\/ubernachten-zeeland-aktivitaten-300x200.jpg 300w, https:\/\/westkust.nl\/wp-content\/uploads\/2024\/02\/ubernachten-zeeland-aktivitaten-768x512.jpg 768w, https:\/\/westkust.nl\/wp-content\/uploads\/2024\/02\/ubernachten-zeeland-aktivitaten-705x470.jpg 705w, https:\/\/westkust.nl\/wp-content\/uploads\/2024\/02\/ubernachten-zeeland-aktivitaten.jpg 800w\" sizes=\"(max-width: 300px) 100vw, 300px\" \/><\/div><\/div><\/div><\/div>\n<div class=\"flex_column av_one_half  flex_column_div av-zero-column-padding first  avia-builder-el-7  el_after_av_one_third  el_before_av_one_half  column-top-margin\" style='border-radius:0px; '><section class=\"av_textblock_section \"  itemscope=\"itemscope\" itemtype=\"https:\/\/schema.org\/CreativeWork\" ><div class='avia_textblock  '  style='font-size:16px; '  itemprop=\"text\" ><h2><span style=\"font-weight: 600;\">Entdecken Sie vielf\u00e4ltige Aktivit\u00e4ten in Zeeland<\/span><\/h2>\n<p><span style=\"font-weight: 400;\">Tauchen Sie ein in die F\u00fclle von Aktivit\u00e4ten, die Zeeland zu bieten hat \u2013 eine Region, die weit \u00fcber ihre malerischen Str\u00e4nde hinausgeht. Hier erwarten Sie vielf\u00e4ltige Erlebnisse, die jeden Geschmack ansprechen.<\/span><\/p>\n<h3><b>Wassersportparadies<\/b><\/h3>\n<p><span style=\"font-weight: 400;\">Zeeland, als von Wasser umgebene Provinz, ist ein wahres Eldorado f\u00fcr Wassersportfans. Wagen Sie sich aufs Surfbrett, setzen Sie die Segel oder erkunden Sie die Unterwasserwelt beim Tauchen. Die klaren Gew\u00e4sser und die stetige Brise machen jeden Wassersport zu einem unvergesslichen Abenteuer.<\/span><\/p>\n<\/div><\/section><\/div>\n<div class=\"flex_column av_one_half  flex_column_div av-zero-column-padding   avia-builder-el-9  el_after_av_one_half  el_before_av_two_third  column-top-margin\" style='border-radius:0px; '><section class=\"av_textblock_section \"  itemscope=\"itemscope\" itemtype=\"https:\/\/schema.org\/CreativeWork\" ><div class='avia_textblock  '  style='font-size:16px; '  itemprop=\"text\" ><h3><b>Kulturelle Entdeckungen<\/b><\/h3>\n<p><span style=\"font-weight: 400;\">F\u00fcr diejenigen, die sich f\u00fcr Kultur und Geschichte interessieren, bietet Zeeland eine F\u00fclle von Sehensw\u00fcrdigkeiten. Besuchen Sie historische St\u00e4dte wie Middelburg und entdecken Sie die faszinierende Vergangenheit der Region. Zahlreiche Museen und Denkm\u00e4ler erz\u00e4hlen spannende Geschichten, die einen Einblick in die reiche Geschichte von Zeeland gew\u00e4hren.<\/span><\/p>\n<h3><b>Radurlaub in Zeeland<\/b><\/h3>\n<p><span style=\"font-weight: 400;\">Erkunden Sie die bezaubernde Umgebung Zeelands auf dem Fahrrad. Gut ausgeschilderte Radwege f\u00fchren durch malerische D\u00f6rfer, entlang gr\u00fcner Deiche und durch atemberaubende Naturreservate. Die Fahrradwege bieten die perfekte M\u00f6glichkeit, die Sch\u00f6nheit der Region in aller Ruhe zu genie\u00dfen.<\/span><\/p>\n<\/div><\/section><br \/>\n<div  class='avia-button-wrap avia-button-center  avia-builder-el-11  el_after_av_textblock  avia-builder-el-last ' ><a href='https:\/\/westkust.nl\/de\/ausfluege-in-zeeland\/'  class='avia-button  avia-color-theme-color   avia-icon_select-yes-right-icon avia-size-small avia-position-center '   ><span class='avia_iconbox_title' >Mehr \u00fcber die Umgebung erfahren<\/span><span class='avia_button_icon avia_button_icon_right' aria-hidden='true' data-av_icon='\ue866' data-av_iconfont='entypo-fontello'><\/span><\/a><\/div><\/p><\/div>\n<div class=\"flex_column av_two_third  flex_column_div av-zero-column-padding first  avia-builder-el-12  el_after_av_one_half  el_before_av_one_third  column-top-margin\" style='border-radius:0px; '><section class=\"av_textblock_section \"  itemscope=\"itemscope\" itemtype=\"https:\/\/schema.org\/CreativeWork\" ><div class='avia_textblock  '  style='font-size:16px; '  itemprop=\"text\" ><h2><span style=\"font-weight: 600;\">Exklusives \u00dcbernachten in Zeeland mit Westkust Holiday<\/span><\/h2>\n<p><span style=\"font-weight: 400;\">Ihr perfekter Urlaub in Zeeland beginnt mit einer einzigartigen \u00dcbernachtungserfahrung bei Westkust Holiday. Unsere exklusiven Unterk\u00fcnfte bieten nicht nur h\u00f6chsten Komfort, sondern auch eine erstklassige Lage, um die Sch\u00f6nheit dieser Region in vollen Z\u00fcgen zu genie\u00dfen.<\/span><\/p>\n<h3><b>Komfortable Ferienh\u00e4user<\/b><\/h3>\n<p><span style=\"font-weight: 400;\">Entdecken Sie unsere sorgf\u00e4ltig ausgew\u00e4hlten Ferienh\u00e4user, die modernen Luxus mit traditionellem Charme verbinden. Jede Unterkunft ist liebevoll gestaltet und ausgestattet, um Ihnen einen unvergesslichen Aufenthalt zu garantieren. Von ger\u00e4umigen Familienh\u00e4usern bis hin zu gem\u00fctlichen Apartments am Boulevard \u2013 bei Westkust Holiday finden Sie die ideale Unterkunft f\u00fcr Ihre Bed\u00fcrfnisse.<\/span><\/p>\n<\/div><\/section><br \/>\n<div  class='avia-button-wrap avia-button-center  avia-builder-el-14  el_after_av_textblock  el_before_av_textblock ' ><a href='https:\/\/westkust.nl\/de\/unsere-unterkuenfte\/'  class='avia-button  avia-color-theme-color   avia-icon_select-no avia-size-small avia-position-center '   ><span class='avia_iconbox_title' >Alle Unterk\u00fcnfte ansehen<\/span><\/a><\/div><br \/>\n<section class=\"av_textblock_section \"  itemscope=\"itemscope\" itemtype=\"https:\/\/schema.org\/CreativeWork\" ><div class='avia_textblock  '  style='font-size:16px; '  itemprop=\"text\" ><h3><b>Die Nordsee immer in der N\u00e4he<\/b><\/h3>\n<p><span style=\"font-weight: 400;\">Genie\u00dfen Sie die N\u00e4he zu den sch\u00f6nsten Nordseestr\u00e4nden von fast allen unseren <a href=\"https:\/\/westkust.nl\/de\/ferienwohnung-in-zoutelande\/\">Ferienwohnungen in Zoutelande<\/a> aus. Unsere Lage an der Westk\u00fcste von Zeeland bietet nicht nur die N\u00e4he zur Nordsee und den D\u00fcnen, sondern auch malerische Sonnenunterg\u00e4nge, die Ihre Abende unvergesslich machen. Erleben Sie die Sch\u00f6nheit der Natur direkt vor Ihrer Haust\u00fcr.<\/span><\/p>\n<h3><b>Exzellenter Service<\/b><\/h3>\n<p><span style=\"font-weight: 400;\">Bei Westkust Holiday legen wir gro\u00dfen Wert auf Ihren Komfort und Ihre Zufriedenheit. Unser Service-Team steht Ihnen jederzeit zur Verf\u00fcgung, um sicherzustellen, dass Ihr Aufenthalt reibungslos und unvergesslich wird. Entspannen Sie sich, lassen Sie sich von der einzigartigen Atmosph\u00e4re Zeelands verzaubern und machen Sie Ihren Urlaub mit Westkust Holiday zu etwas Besonderem.<\/span><\/p>\n<\/div><\/section><\/p><\/div>\n<div class=\"flex_column av_one_third  flex_column_div av-zero-column-padding   avia-builder-el-16  el_after_av_two_third  el_before_av_one_full  column-top-margin\" style='border-radius:0px; '><p><div  class='avia-image-container  av-styling-    avia-builder-el-17  el_before_av_image  avia-builder-el-first  avia-align-center '  itemprop=\"image\" itemscope=\"itemscope\" itemtype=\"https:\/\/schema.org\/ImageObject\"  ><div class='avia-image-container-inner'><div class='avia-image-overlay-wrap'><img decoding=\"async\" class='wp-image-42059 avia-img-lazy-loading-not-42059 avia_image' src=\"https:\/\/westkust.nl\/wp-content\/uploads\/2024\/02\/westkust-zandput-41-ubernachten-zeeland-300x214.jpg\" alt='\u00fcbernachten zeeland mit komfort' title='westkust zandput 41 \u00fcbernachten zeeland' height=\"214\" width=\"300\"  itemprop=\"thumbnailUrl\" srcset=\"https:\/\/westkust.nl\/wp-content\/uploads\/2024\/02\/westkust-zandput-41-ubernachten-zeeland-300x214.jpg 300w, https:\/\/westkust.nl\/wp-content\/uploads\/2024\/02\/westkust-zandput-41-ubernachten-zeeland-768x549.jpg 768w, https:\/\/westkust.nl\/wp-content\/uploads\/2024\/02\/westkust-zandput-41-ubernachten-zeeland-260x185.jpg 260w, https:\/\/westkust.nl\/wp-content\/uploads\/2024\/02\/westkust-zandput-41-ubernachten-zeeland-705x504.jpg 705w, https:\/\/westkust.nl\/wp-content\/uploads\/2024\/02\/westkust-zandput-41-ubernachten-zeeland.jpg 980w\" sizes=\"(max-width: 300px) 100vw, 300px\" \/><\/div><\/div><\/div><br \/>\n<div  class='avia-image-container  av-styling-    avia-builder-el-18  el_after_av_image  el_before_av_hr  avia-align-center '  itemprop=\"image\" itemscope=\"itemscope\" itemtype=\"https:\/\/schema.org\/ImageObject\"  ><div class='avia-image-container-inner'><div class='avia-image-overlay-wrap'><img decoding=\"async\" class='wp-image-42057 avia-img-lazy-loading-not-42057 avia_image' src=\"https:\/\/westkust.nl\/wp-content\/uploads\/2024\/02\/ubernachten-zeeland-westkust-zandput-36-300x214.jpg\" alt='\u00fcbernachten zeeland im ferienhaus zandput' title='\u00fcbernachten zeeland westkust zandput 36' height=\"214\" width=\"300\"  itemprop=\"thumbnailUrl\" srcset=\"https:\/\/westkust.nl\/wp-content\/uploads\/2024\/02\/ubernachten-zeeland-westkust-zandput-36-300x214.jpg 300w, https:\/\/westkust.nl\/wp-content\/uploads\/2024\/02\/ubernachten-zeeland-westkust-zandput-36-768x549.jpg 768w, https:\/\/westkust.nl\/wp-content\/uploads\/2024\/02\/ubernachten-zeeland-westkust-zandput-36-260x185.jpg 260w, https:\/\/westkust.nl\/wp-content\/uploads\/2024\/02\/ubernachten-zeeland-westkust-zandput-36-705x504.jpg 705w, https:\/\/westkust.nl\/wp-content\/uploads\/2024\/02\/ubernachten-zeeland-westkust-zandput-36.jpg 980w\" sizes=\"(max-width: 300px) 100vw, 300px\" \/><\/div><\/div><\/div><br \/>\n<div  style='height:50px' class='hr hr-invisible   avia-builder-el-19  el_after_av_image  el_before_av_textblock '><span class='hr-inner ' ><span class='hr-inner-style'><\/span><\/span><\/div><br \/>\n<section class=\"av_textblock_section \"  itemscope=\"itemscope\" itemtype=\"https:\/\/schema.org\/CreativeWork\" ><div class='avia_textblock  '  style='font-size:16px; '  itemprop=\"text\" ><h4>\u00dcbernachten in Zeeland mit Hund<\/h4>\n<p>Auch f\u00fcr Hunde die Gegend rund um Zoutelande mit seinen vielen Str\u00e4nden ein Paradies! Bei uns finden Sie Ihr ideales <a href=\"https:\/\/westkust.nl\/de\/ferienhaus-zeeland-mit-hund\/\">Ferienhaus in Zeeland mit Hund<\/a>!<\/p>\n<\/div><\/section><\/p><\/div><div class=\"flex_column av_one_full  flex_column_div av-zero-column-padding first  avia-builder-el-21  el_after_av_one_third  el_before_av_button  column-top-margin\" style='border-radius:0px; '><section class=\"av_textblock_section \"  itemscope=\"itemscope\" itemtype=\"https:\/\/schema.org\/CreativeWork\" ><div class='avia_textblock  '  style='font-size:16px; '  itemprop=\"text\" ><h2><span style=\"font-weight: 600;\">Ihr Traumurlaub wartet \u2013 Jetzt bei Westkust Holiday buchen!<\/span><\/h2>\n<p><span style=\"font-weight: 400;\">Erleben Sie das authentische Zeeland und sichern Sie sich Ihre Traum\u00fcbernachtung bei Westkust Holiday. Erleben Sie Komfort, Luxus und die einzigartige\u00a0 Nordsee-Atmosph\u00e4re in Ihrem gem\u00fctlichen <a href=\"https:\/\/westkust.nl\/de\/ferienhaus-in-zeeland\/\">Ferienhaus in Zeeland<\/a>. Buchen Sie noch heute und seien Sie sicher, dass Ihr n\u00e4chster Urlaub zu einem unvergesslichen Erlebnis wird. Wir freuen uns darauf, Sie in Zeeland willkommen zu hei\u00dfen und Ihnen eine Auszeit vom Alltag zu bieten. <\/span><\/p>\n<\/div><\/section><\/div><\/p>\n<div  class='avia-button-wrap avia-button-center  avia-builder-el-23  el_after_av_one_full  avia-builder-el-last ' ><a href='https:\/\/westkust.nl\/de\/unsere-unterkuenfte\/'  class='avia-button  avia-color-theme-color   avia-icon_select-yes-right-icon avia-size-medium avia-position-center '   ><span class='avia_iconbox_title' >Jetzt buchen<\/span><span class='avia_button_icon avia_button_icon_right' aria-hidden='true' data-av_icon='\ue821' data-av_iconfont='entypo-fontello'><\/span><\/a><\/div>\n","protected":false},"excerpt":{"rendered":"","protected":false},"author":3,"featured_media":0,"parent":0,"menu_order":0,"comment_status":"closed","ping_status":"closed","template":"","meta":{"_acf_changed":false,"footnotes":""},"class_list":["post-42054","page","type-page","status-publish","hentry"],"acf":[],"_links":{"self":[{"href":"https:\/\/westkust.nl\/de\/wp-json\/wp\/v2\/pages\/42054","targetHints":{"allow":["GET"]}}],"collection":[{"href":"https:\/\/westkust.nl\/de\/wp-json\/wp\/v2\/pages"}],"about":[{"href":"https:\/\/westkust.nl\/de\/wp-json\/wp\/v2\/types\/page"}],"author":[{"embeddable":true,"href":"https:\/\/westkust.nl\/de\/wp-json\/wp\/v2\/users\/3"}],"replies":[{"embeddable":true,"href":"https:\/\/westkust.nl\/de\/wp-json\/wp\/v2\/comments?post=42054"}],"version-history":[{"count":6,"href":"https:\/\/westkust.nl\/de\/wp-json\/wp\/v2\/pages\/42054\/revisions"}],"predecessor-version":[{"id":42062,"href":"https:\/\/westkust.nl\/de\/wp-json\/wp\/v2\/pages\/42054\/revisions\/42062"}],"wp:attachment":[{"href":"https:\/\/westkust.nl\/de\/wp-json\/wp\/v2\/media?parent=42054"}],"curies":[{"name":"wp","href":"https:\/\/api.w.org\/{rel}","templated":true}]}}