{"id":41627,"date":"2023-11-28T15:42:35","date_gmt":"2023-11-28T15:42:35","guid":{"rendered":"https:\/\/westkust.nl\/?page_id=41627"},"modified":"2025-03-03T12:24:29","modified_gmt":"2025-03-03T12:24:29","slug":"ferienhaus-zoutelande","status":"publish","type":"page","link":"https:\/\/westkust.nl\/de\/ferienhaus-zoutelande\/","title":{"rendered":"Ferienhaus Zoutelande"},"content":{"rendered":"<div class=\"flex_column av_one_full  flex_column_div av-zero-column-padding first  avia-builder-el-0  el_before_av_one_half  avia-builder-el-first  \" style='border-radius:0px; '><p><div  class='avia-image-container  av-styling-    avia-builder-el-1  el_before_av_hr  avia-builder-el-first  avia-align-center '  itemprop=\"image\" itemscope=\"itemscope\" itemtype=\"https:\/\/schema.org\/ImageObject\"  ><div class='avia-image-container-inner'><div class='avia-image-overlay-wrap'><img decoding=\"async\" class='wp-image-40303 avia-img-lazy-loading-not-40303 avia_image' src=\"https:\/\/westkust.nl\/wp-content\/uploads\/2023\/04\/vakantie-kust-zoutelande.webp\" alt='Vakantie kust Zoutelande' title='vakantie-kust-zoutelande' height=\"454\" width=\"1499\"  itemprop=\"thumbnailUrl\" srcset=\"https:\/\/westkust.nl\/wp-content\/uploads\/2023\/04\/vakantie-kust-zoutelande.webp 1499w, https:\/\/westkust.nl\/wp-content\/uploads\/2023\/04\/vakantie-kust-zoutelande-300x91.webp 300w, https:\/\/westkust.nl\/wp-content\/uploads\/2023\/04\/vakantie-kust-zoutelande-1030x312.webp 1030w, https:\/\/westkust.nl\/wp-content\/uploads\/2023\/04\/vakantie-kust-zoutelande-768x233.webp 768w, https:\/\/westkust.nl\/wp-content\/uploads\/2023\/04\/vakantie-kust-zoutelande-705x214.webp 705w\" sizes=\"(max-width: 1499px) 100vw, 1499px\" \/><\/div><\/div><\/div><br \/>\n<div   class='hr hr-default   avia-builder-el-2  el_after_av_image  el_before_av_textblock '><span class='hr-inner ' ><span class='hr-inner-style'><\/span><\/span><\/div><br \/>\n<section class=\"av_textblock_section \"  itemscope=\"itemscope\" itemtype=\"https:\/\/schema.org\/CreativeWork\" ><div class='avia_textblock  '  style='font-size:18px; '  itemprop=\"text\" ><h1><strong>Ferienhaus in Zoutelande \u2013 Urlaub an Zeelands K\u00fcste<\/strong><\/h1>\n<p>Zoutelande ist bekannt f\u00fcr seinen langen Sandstrand, die beeindruckenden D\u00fcnen und die entspannte Atmosph\u00e4re. Ob Sie lange Spazierg\u00e4nge am Meer, Radtouren durch die Natur oder gem\u00fctliche Stunden in einem Caf\u00e9 genie\u00dfen m\u00f6chten \u2013 hier finden Sie die perfekte Mischung aus Erholung und Aktivit\u00e4t.<\/p>\n<p>Mit einem <strong>Ferienhaus in Zoutelande<\/strong> haben Sie die ideale Basis f\u00fcr Ihren Urlaub. Westkust Holidays bietet eine Auswahl an Unterk\u00fcnften in direkter Strandn\u00e4he oder in ruhiger Lage mit Garten. Schauen Sie sich unsere Ferienh\u00e4user an und planen Sie Ihren n\u00e4chsten Zeeland-Urlaub!<\/p>\n<\/div><\/section><br \/>\n<div  class='avia-button-wrap avia-button-center  avia-builder-el-4  el_after_av_textblock  avia-builder-el-last ' ><a href='https:\/\/westkust.nl\/de\/unsere-unterkuenfte\/'  class='avia-button  avia-color-theme-color   avia-icon_select-yes-left-icon avia-size-small avia-position-center '   ><span class='avia_button_icon avia_button_icon_left ' aria-hidden='true' data-av_icon='\ue821' data-av_iconfont='entypo-fontello'><\/span><span class='avia_iconbox_title' >Direkt Ferienhaus ausw\u00e4hlen<\/span><\/a><\/div><\/p><\/div><div class=\"flex_column av_one_half  flex_column_div av-zero-column-padding first  avia-builder-el-5  el_after_av_one_full  el_before_av_one_half  column-top-margin\" style='border-radius:0px; '><section class=\"av_textblock_section \"  itemscope=\"itemscope\" itemtype=\"https:\/\/schema.org\/CreativeWork\" ><div class='avia_textblock  '  style='font-size:16px; '  itemprop=\"text\" ><h2><b>Warum Zoutelande?<\/b><\/h2>\n<h4><b>Str\u00e4nde und D\u00fcnen<\/b><\/h4>\n<p><span style=\"font-weight: 400;\">Der breite Sandstrand von Zoutelande erstreckt sich entlang einer malerischen K\u00fcstenlinie und bietet ideale Bedingungen f\u00fcr einen entspannten Tag am Meer. Die charakteristischen D\u00fcnen laden zu erholsamen Spazierg\u00e4ngen ein.<\/span><\/p>\n<h4><b>Gem\u00fctliche Atmosph\u00e4re<\/b><\/h4>\n<p><span style=\"font-weight: 400;\">Zoutelande besticht durch seine entspannte und gem\u00fctliche Atmosph\u00e4re. Die zahlreichen Caf\u00e9s, Restaurants und Gesch\u00e4fte tragen dazu bei, dass sich Besucher hier sofort willkommen f\u00fchlen.<\/span><\/p>\n<h4><b>Beliebte Orte und Aktivit\u00e4ten in der Umgebung<\/b><\/h4>\n<p><span style=\"font-weight: 400;\">Die Region um Zoutelande bietet eine F\u00fclle von Aktivit\u00e4ten f\u00fcr jeden Geschmack. Von Wassersport \u00fcber kulturelle Entdeckungen bis hin zu Familienausfl\u00fcgen \u2013 hier kommt jeder auf seine Kosten.<\/span><\/p>\n<\/div><\/section><br \/>\n<div  class='avia-image-container  av-styling-    avia-builder-el-7  el_after_av_textblock  el_before_av_hr  avia-align-left '  itemprop=\"image\" itemscope=\"itemscope\" itemtype=\"https:\/\/schema.org\/ImageObject\"  ><div class='avia-image-container-inner'><div class='avia-image-overlay-wrap'><img decoding=\"async\" class='wp-image-41628 avia-img-lazy-loading-not-41628 avia_image' src=\"https:\/\/westkust.nl\/wp-content\/uploads\/2023\/11\/ferienhaus-zoutelande-kustlicht-495x400.jpg\" alt='Ger\u00e4umiges Ferienhaus Zoutelande mit Garten' title='ferienhaus zoutelande kustlicht' height=\"400\" width=\"495\"  itemprop=\"thumbnailUrl\" srcset=\"https:\/\/westkust.nl\/wp-content\/uploads\/2023\/11\/ferienhaus-zoutelande-kustlicht-495x400.jpg 495w, https:\/\/westkust.nl\/wp-content\/uploads\/2023\/11\/ferienhaus-zoutelande-kustlicht-845x684.jpg 845w\" sizes=\"(max-width: 495px) 100vw, 495px\" \/><\/div><\/div><\/div><br \/>\n<div  style='height:50px' class='hr hr-invisible   avia-builder-el-8  el_after_av_image  el_before_av_textblock '><span class='hr-inner ' ><span class='hr-inner-style'><\/span><\/span><\/div><br \/>\n<section class=\"av_textblock_section \"  itemscope=\"itemscope\" itemtype=\"https:\/\/schema.org\/CreativeWork\" ><div class='avia_textblock  '  style='font-size:16px; '  itemprop=\"text\" ><h2><span style=\"font-weight: 600;\">Die Unterk\u00fcnfte von Westkust Holiday<\/span><\/h2>\n<p><span style=\"font-weight: 400;\">Westkust Holiday bietet eine Vielzahl von Ferienwohnungen an verschiedenen Standorten in Zoutelande. Hierzu z\u00e4hlt das moderne Appartement Kurhaus 1 mit Platz f\u00fcr bis zu vier Personen. Ebenso stehen gem\u00fctliche Optionen wie das Appartement Kurhaus 3 oder ger\u00e4umige Unterk\u00fcnfte wie das Appartement Kurhaus 18 zur Auswahl.<\/span><\/p>\n<p><span style=\"font-weight: 400;\">Unsere Ferienh\u00e4user bieten nicht nur eine komfortable \u00dcbernachtungsm\u00f6glichkeit, sondern sind auch mit modernen Annehmlichkeiten ausgestattet. Von gut ausgestatteten K\u00fcchen bis zu stilvollen Wohnbereichen \u2013 wir sorgen daf\u00fcr, dass Ihr Aufenthalt unvergesslich wird.<\/span><\/p>\n<\/div><\/section><br \/>\n<div  class='avia-button-wrap avia-button-center  avia-builder-el-10  el_after_av_textblock  avia-builder-el-last ' ><a href='https:\/\/westkust.nl\/de\/unsere-unterkuenfte\/'  class='avia-button  avia-color-theme-color   avia-icon_select-yes-left-icon avia-size-small avia-position-center '   ><span class='avia_button_icon avia_button_icon_left ' aria-hidden='true' data-av_icon='\ue821' data-av_iconfont='entypo-fontello'><\/span><span class='avia_iconbox_title' >Zur Auswahl der Unterk\u00fcnfte<\/span><\/a><\/div><\/p><\/div><div class=\"flex_column av_one_half  flex_column_div av-zero-column-padding   avia-builder-el-11  el_after_av_one_half  el_before_av_one_full  column-top-margin\" style='border-radius:0px; '><p><div  class='avia-image-container  av-styling-    avia-builder-el-12  el_before_av_textblock  avia-builder-el-first  avia-align-center '  itemprop=\"image\" itemscope=\"itemscope\" itemtype=\"https:\/\/schema.org\/ImageObject\"  ><div class='avia-image-container-inner'><div class='avia-image-overlay-wrap'><img decoding=\"async\" class='wp-image-41633 avia-img-lazy-loading-not-41633 avia_image' src=\"https:\/\/westkust.nl\/wp-content\/uploads\/2023\/11\/ferienhaus-zoutelande-dunen.jpg\" alt='Ihr Ferienhaus Zoutelande gleich hinter den D\u00fcnen' title='ferienhaus zoutelande d\u00fcnen' height=\"324\" width=\"640\"  itemprop=\"thumbnailUrl\" srcset=\"https:\/\/westkust.nl\/wp-content\/uploads\/2023\/11\/ferienhaus-zoutelande-dunen.jpg 640w, https:\/\/westkust.nl\/wp-content\/uploads\/2023\/11\/ferienhaus-zoutelande-dunen-300x152.jpg 300w\" sizes=\"(max-width: 640px) 100vw, 640px\" \/><\/div><\/div><\/div><br \/>\n<section class=\"av_textblock_section \"  itemscope=\"itemscope\" itemtype=\"https:\/\/schema.org\/CreativeWork\" ><div class='avia_textblock  '  style='font-size:16px; '  itemprop=\"text\" ><h2><span style=\"font-weight: 600;\">Aktivit\u00e4ten in und um Zoutelande<\/span><\/h2>\n<h3><b>Wandern und Radfahren in Zeeland<\/b><\/h3>\n<p><span style=\"font-weight: 400;\">Die Umgebung von Zoutelande l\u00e4dt zu abwechslungsreichen <\/span><a href=\"https:\/\/westkust.nl\/de\/ausfluege-in-zeeland\/wandern-in-zeeland\/\"><span style=\"font-weight: 400;\">Wanderungen und Radtouren<\/span><\/a><span style=\"font-weight: 400;\"> ein. Erleben Sie die Sch\u00f6nheit der D\u00fcnen, entdecken Sie das Naturgebiet De Manteling oder erkunden Sie die K\u00fcste auf dem Radweg von Zoutelande nach Vlissingen.<\/span><\/p>\n<h3><b>Familienausfl\u00fcge und Freizeitparks<\/b><\/h3>\n<p><span style=\"font-weight: 400;\">Planen Sie einen <\/span><a href=\"https:\/\/westkust.nl\/de\/ausfluege-in-zeeland\/zeeland-mit-kindern\/\"><span style=\"font-weight: 400;\">Familienausflug<\/span><\/a><span style=\"font-weight: 400;\">? Zeeland bietet eine Vielzahl von Freizeitparks und Aktivit\u00e4ten f\u00fcr Kinder. Besuchen Sie den Reptilienzoo Iguana oder erleben Sie den Nervenkitzel im Mini Mundi in Middelburg.<\/span><\/p>\n<h3><b>Erkundung der D\u00f6rfer und St\u00e4dte in Zeeland<\/b><\/h3>\n<p><span style=\"font-weight: 400;\">Tauchen Sie ein in die Kultur von Zeeland, indem Sie charmante <\/span><a href=\"https:\/\/westkust.nl\/de\/ausfluege-in-zeeland\/staedte-und-doerfer\/\"><span style=\"font-weight: 400;\">D\u00f6rfer und St\u00e4dte<\/span><\/a><span style=\"font-weight: 400;\"> besuchen. Schlendern Sie \u00fcber <\/span><a href=\"https:\/\/westkust.nl\/de\/sommermaerkte-in-zeeland\/\"><span style=\"font-weight: 400;\">Sommerm\u00e4rkte<\/span><\/a><span style=\"font-weight: 400;\">, entdecken Sie historische Pl\u00e4tze und genie\u00dfen Sie die entspannte Atmosph\u00e4re.<\/span><\/p>\n<h3><b>Empfehlenswerte Restaurants und Caf\u00e9s<\/b><\/h3>\n<p><span style=\"font-weight: 400;\">Verw\u00f6hnen Sie Ihren Gaumen in den Restaurants von Zoutelande und Umgebung. Von Eetcaf\u00e9 De Babbel mit seiner gem\u00fctlichen Atmosph\u00e4re bis zu Il Punto Zoutelande mit k\u00f6stlichen italienischen Spezialit\u00e4ten \u2013 bei unseren <\/span><a href=\"https:\/\/westkust.nl\/de\/ausfluege-in-zeeland\/restaurants-in-zeeland\/\"><span style=\"font-weight: 400;\">Restaurant-Tipps <\/span><\/a><span style=\"font-weight: 400;\">findet jeder etwas nach seinem Geschmack.<\/span><\/p>\n<h2><span style=\"font-weight: 600;\">Ausfl\u00fcge zu den sch\u00f6nsten Orten in Zeeland<\/span><\/h2>\n<p><span style=\"font-weight: 400;\">In Zeeland gibt es viele reizvolle Orte zu entdecken. Middelburg, die malerische Hauptstadt, bezaubert mit historischen Grachten und alten Geb\u00e4uden. Vlissingen verzaubert mit traumhaften Str\u00e4nden und einer fesselnden maritimen Geschichte. Zoutelande beeindruckt durch seinen wundersch\u00f6nen Strand und D\u00fcnen, w\u00e4hrend Domburg mit historischem Charme und k\u00fcnstlerischem Licht lockt.<\/span><\/p>\n<p><span style=\"font-weight: 400;\">Besuchen Sie Neeltje Jans, einen interaktiven Delta- und Themenpark, der die Geschichte der Deltawerke und den Kampf gegen das Wasser zeigt. Der Brouwersdam trennt das Grevelingenmeer von der Nordsee und bietet ideale Bedingungen f\u00fcr Wassersport und Strandaktivit\u00e4ten.<\/span><\/p>\n<p><span style=\"font-weight: 400;\">Zeeland ist ber\u00fchmt f\u00fcr seine breiten Sandstr\u00e4nde, ideal f\u00fcr entspannte Tage am Meer. Die Region bietet auch beeindruckende Rad- und Wanderwege, wie das Deltapad entlang der K\u00fcste und die Radtour an der &#8220;Zeeuwse Rivi\u00e8ra&#8221;.<\/span><\/p>\n<\/div><\/section><\/p><\/div><\/p>\n<div class=\"flex_column av_one_full  flex_column_div av-zero-column-padding first  avia-builder-el-14  el_after_av_one_half  el_before_av_one_full  column-top-margin\" style='border-radius:0px; '><section class=\"av_textblock_section \"  itemscope=\"itemscope\" itemtype=\"https:\/\/schema.org\/CreativeWork\" ><div class='avia_textblock  '  style='font-size:16px; '  itemprop=\"text\" ><h2><span style=\"font-weight: 600;\">Buchen Sie jetzt Ihren Traumurlaub in Zeeland<\/span><\/h2>\n<p><span style=\"font-weight: 400;\">Nutzen Sie die Gelegenheit, Ihren Traumurlaub in Zoutelande zu planen. Buchen Sie jetzt eines unserer komfortablen Ferienh\u00e4user und freuen Sie sich auf unvergessliche Tage an der zeel\u00e4ndischen K\u00fcste. Westkust Holiday steht Ihnen mit Rat und Tat zur Seite \u2013 wir freuen uns auf Ihren Besuch!<\/span><\/p>\n<\/div><\/section><br \/>\n<div  class='avia-button-wrap avia-button-center  avia-builder-el-16  el_after_av_textblock  avia-builder-el-last ' ><a href='https:\/\/westkust.nl\/de\/unsere-unterkuenfte\/'  class='avia-button  avia-color-theme-color   avia-icon_select-yes-left-icon avia-size-small avia-position-center '   ><span class='avia_button_icon avia_button_icon_left ' aria-hidden='true' data-av_icon='\ue821' data-av_iconfont='entypo-fontello'><\/span><span class='avia_iconbox_title' >Jetzt buchen<\/span><\/a><\/div><\/p><\/div>\n<div class=\"flex_column av_one_full  flex_column_div av-zero-column-padding first  avia-builder-el-17  el_after_av_one_full  avia-builder-el-last  column-top-margin\" style='margin-top:30; margin-bottom:30; background: #f9f9f9; background-color:#f9f9f9; border-radius:0px; '><section class=\"av_textblock_section \"  itemscope=\"itemscope\" itemtype=\"https:\/\/schema.org\/CreativeWork\" ><div class='avia_textblock  '   itemprop=\"text\" ><h2><span style=\"font-weight: 600;\">H\u00e4ufig gestellte Fragen (FAQs)<\/span><\/h2>\n<h4><b>Kann ich auch kurzfristig ein Ferienhaus bei Westkust Holiday buchen?<\/b><\/h4>\n<p><span style=\"font-weight: 400;\">Ja, Westkust Holiday bietet auch Last-Minute-Buchungen an. \u00dcberpr\u00fcfen Sie einfach die Verf\u00fcgbarkeit auf unserer Website oder kontaktieren Sie unser Team telefonisch.<\/span><\/p>\n<h4><b>Gibt es Kinderfreundliche Aktivit\u00e4ten in der N\u00e4he der Ferienh\u00e4user?<\/b><\/h4>\n<p><span style=\"font-weight: 400;\">Absolut! Die Region bietet zahlreiche familienfreundliche Aktivit\u00e4ten, darunter Freizeitparks, Museen und kinderfreundliche Str\u00e4nde.<\/span><\/p>\n<h4><b>Sind die Ferienh\u00e4user gut ausgestattet?<\/b><\/h4>\n<p><span style=\"font-weight: 400;\">Ja, alle unsere Ferienh\u00e4user sind modern und gut ausgestattet. Sie verf\u00fcgen \u00fcber K\u00fcchen mit allen notwendigen Ger\u00e4ten, gem\u00fctliche Wohnbereiche und komfortable Schlafzimmer.<\/span><\/p>\n<h4><b>Gibt es Restaurants in der N\u00e4he der Ferienh\u00e4user?<\/b><\/h4>\n<p><span style=\"font-weight: 400;\">Ja, in Zoutelande und den umliegenden Orten finden Sie eine Vielzahl von Restaurants und Caf\u00e9s, die lokale und internationale K\u00fcche anbieten.<\/span><\/p>\n<h4><b>Wie erreiche ich das Team von Westkust Holiday f\u00fcr weitere Informationen?<\/b><\/h4>\n<p><span style=\"font-weight: 400;\">Sie k\u00f6nnen uns telefonisch unter (0031) 118 \u2013 561823 erreichen, per WhatsApp unter (0031) 6 \u2013 53672272 oder per E-Mail an info@westkust.nl.<\/span><\/p>\n<\/div><\/section><\/div>\n","protected":false},"excerpt":{"rendered":"","protected":false},"author":3,"featured_media":0,"parent":0,"menu_order":0,"comment_status":"closed","ping_status":"closed","template":"","meta":{"_acf_changed":false,"footnotes":""},"class_list":["post-41627","page","type-page","status-publish","hentry"],"acf":[],"_links":{"self":[{"href":"https:\/\/westkust.nl\/de\/wp-json\/wp\/v2\/pages\/41627","targetHints":{"allow":["GET"]}}],"collection":[{"href":"https:\/\/westkust.nl\/de\/wp-json\/wp\/v2\/pages"}],"about":[{"href":"https:\/\/westkust.nl\/de\/wp-json\/wp\/v2\/types\/page"}],"author":[{"embeddable":true,"href":"https:\/\/westkust.nl\/de\/wp-json\/wp\/v2\/users\/3"}],"replies":[{"embeddable":true,"href":"https:\/\/westkust.nl\/de\/wp-json\/wp\/v2\/comments?post=41627"}],"version-history":[{"count":10,"href":"https:\/\/westkust.nl\/de\/wp-json\/wp\/v2\/pages\/41627\/revisions"}],"predecessor-version":[{"id":43599,"href":"https:\/\/westkust.nl\/de\/wp-json\/wp\/v2\/pages\/41627\/revisions\/43599"}],"wp:attachment":[{"href":"https:\/\/westkust.nl\/de\/wp-json\/wp\/v2\/media?parent=41627"}],"curies":[{"name":"wp","href":"https:\/\/api.w.org\/{rel}","templated":true}]}}