{"id":41593,"date":"2023-11-10T10:13:35","date_gmt":"2023-11-10T10:13:35","guid":{"rendered":"https:\/\/westkust.nl\/?page_id=41593"},"modified":"2025-02-07T14:36:25","modified_gmt":"2025-02-07T14:36:25","slug":"fewo-zoutelande","status":"publish","type":"page","link":"https:\/\/westkust.nl\/de\/fewo-zoutelande\/","title":{"rendered":"Fewo Zoutelande"},"content":{"rendered":"<div class=\"flex_column av_one_full  flex_column_div av-zero-column-padding first  avia-builder-el-0  el_before_av_two_third  avia-builder-el-first  \" style='border-radius:0px; '><p><div  class='avia-image-container  av-styling-    avia-builder-el-1  el_before_av_textblock  avia-builder-el-first  avia-align-center '  itemprop=\"image\" itemscope=\"itemscope\" itemtype=\"https:\/\/schema.org\/ImageObject\"  ><div class='avia-image-container-inner'><div class='avia-image-overlay-wrap'><img decoding=\"async\" class='wp-image-41099 avia-img-lazy-loading-not-41099 avia_image' src=\"https:\/\/westkust.nl\/wp-content\/uploads\/2023\/07\/stranden-zeeland-1000x423.webp\" alt='Stranden Zeeland' title='stranden-zeeland' height=\"423\" width=\"1000\"  itemprop=\"thumbnailUrl\"  \/><\/div><\/div><\/div><br \/>\n<section class=\"av_textblock_section \"  itemscope=\"itemscope\" itemtype=\"https:\/\/schema.org\/CreativeWork\" ><div class='avia_textblock  '  style='font-size:16px; '  itemprop=\"text\" ><h1 style=\"text-align: center;\"><b>Fewo Zoutelande: Entdecken Sie Ihr Traum-Ferienhaus in Zeeland<\/b><\/h1>\n<p><span style=\"font-weight: 400;\">Wenn Sie von einem idyllischen Urlaub am Meer in den Niederlanden tr\u00e4umen, ist Zoutelande in Zeeland genau der richtige Ort. Und Westkust Holiday ist der richtige Ansprechpartner, wenn es um Ihre ideale FeWo in Zoutelande geht! Wir vermieten verschiedene Ferienwohnungen und -h\u00e4user von kleinem Apartment direkt im Ort oder komfortablen Haus mit gro\u00dfem Garten mit Blick ins Gr\u00fcne. Lesen Sie auf dieser Seite\u00a0 alles \u00fcber Westkust Holiday, die komfortablen Ferienwohnungen in Zoutelande und warum dieser K\u00fcstenort ein perfektes Reiseziel ist.<\/span><\/p>\n<\/div><\/section><br \/>\n<div  class='avia-button-wrap avia-button-center  avia-builder-el-3  el_after_av_textblock  avia-builder-el-last ' ><a href='https:\/\/westkust.nl\/de\/unsere-unterkuenfte\/'  class='avia-button  avia-color-theme-color   avia-icon_select-yes-left-icon avia-size-medium avia-position-center '   ><span class='avia_button_icon avia_button_icon_left ' aria-hidden='true' data-av_icon='\ue821' data-av_iconfont='entypo-fontello'><\/span><span class='avia_iconbox_title' >Fewo in Zoutelande ausw\u00e4hlen<\/span><\/a><\/div><\/p><\/div>\n<div class=\"flex_column av_two_third  flex_column_div av-zero-column-padding first  avia-builder-el-4  el_after_av_one_full  el_before_av_one_third  column-top-margin\" style='border-radius:0px; '><section class=\"av_textblock_section \"  itemscope=\"itemscope\" itemtype=\"https:\/\/schema.org\/CreativeWork\" ><div class='avia_textblock  '  style='font-size:16px; '  itemprop=\"text\" ><h2><span style=\"font-weight: 600;\">Warum Zoutelande?<\/span><\/h2>\n<p><span style=\"font-weight: 400;\">Zoutelande ist nicht nur f\u00fcr seine atemberaubenden Str\u00e4nde und charmanten D\u00fcnen bekannt, sondern auch f\u00fcr seine entspannte Atmosph\u00e4re und die vielf\u00e4ltigen Freizeitm\u00f6glichkeiten. Es ist der ideale Ort, um dem Alltag zu entfliehen und echte Erholung zu finden. An der Strandpromenade k\u00f6nnen Sie herrlich flanieren gehen oder einen Sommertag an einem der breiten Sandstr\u00e4nde genie\u00dfen.\u00a0<\/span><\/p>\n<h2><span style=\"font-weight: 600;\">Unsere Fewo\u2019s in Zoutelande: Ein \u00dcberblick<\/span><\/h2>\n<p><span style=\"font-weight: 400;\">Entdecken Sie unsere hochwertigen Ferienwohnungen, die alle Annehmlichkeiten f\u00fcr einen perfekten Aufenthalt bieten. Von gem\u00fctlichen Apartments bis hin zu ger\u00e4umigen Ferienh\u00e4usern &#8211; wir haben f\u00fcr jeden Geschmack das Passende. Wir haben Fewos sowohl im <strong>Ort Zoutelande<\/strong> selbst, als auch in den ruhigeren, etwas weiter nordwestlich gelegenen Ortsteilen <strong>Het Kustlicht<\/strong> und <strong>De Zandput<\/strong>. Alle drei Gebiete liegen an der K\u00fcste und in Laufweite zum wundersch\u00f6nen Sandstrand.<\/span><\/p>\n<\/div><\/section><\/div>\n<div class=\"flex_column av_one_third  flex_column_div av-zero-column-padding   avia-builder-el-6  el_after_av_two_third  el_before_av_one_third  column-top-margin\" style='border-radius:0px; '><p><div  style='height:50px' class='hr hr-invisible   avia-builder-el-7  el_before_av_image  avia-builder-el-first '><span class='hr-inner ' ><span class='hr-inner-style'><\/span><\/span><\/div><br \/>\n<div  class='avia-image-container  av-styling-    avia-builder-el-8  el_after_av_hr  avia-builder-el-last  avia-align-center '  itemprop=\"image\" itemscope=\"itemscope\" itemtype=\"https:\/\/schema.org\/ImageObject\"  ><div class='avia-image-container-inner'><div class='avia-image-overlay-wrap'><img decoding=\"async\" class='wp-image-41594 avia-img-lazy-loading-not-41594 avia_image' src=\"https:\/\/westkust.nl\/wp-content\/uploads\/2023\/11\/fewo-zoutelande.jpg\" alt='Moderne Fewo Zoutelande mit Balkon' title='fewo-zoutelande' height=\"463\" width=\"640\"  itemprop=\"thumbnailUrl\" srcset=\"https:\/\/westkust.nl\/wp-content\/uploads\/2023\/11\/fewo-zoutelande.jpg 640w, https:\/\/westkust.nl\/wp-content\/uploads\/2023\/11\/fewo-zoutelande-300x217.jpg 300w, https:\/\/westkust.nl\/wp-content\/uploads\/2023\/11\/fewo-zoutelande-482x349.jpg 482w\" sizes=\"(max-width: 640px) 100vw, 640px\" \/><\/div><\/div><\/div><\/p><\/div>\n<div class=\"flex_column av_one_third  flex_column_div av-zero-column-padding first  avia-builder-el-9  el_after_av_one_third  el_before_av_one_third  column-top-margin\" style='border-radius:0px; '><p><div  class='avia-image-container  av-styling-    avia-builder-el-10  el_before_av_button  avia-builder-el-first  avia-align-center '  itemprop=\"image\" itemscope=\"itemscope\" itemtype=\"https:\/\/schema.org\/ImageObject\"  ><div class='avia-image-container-inner'><div class='avia-image-overlay-wrap'><img decoding=\"async\" class='wp-image-43535 avia-img-lazy-loading-not-43535 avia_image' src=\"https:\/\/westkust.nl\/wp-content\/uploads\/2025\/02\/fewo-zoutelande-zentrum-180x180.jpg\" alt='Fewo Zoutelande Zentrum' title='fewo zoutelande zentrum' height=\"180\" width=\"180\"  itemprop=\"thumbnailUrl\" srcset=\"https:\/\/westkust.nl\/wp-content\/uploads\/2025\/02\/fewo-zoutelande-zentrum-180x180.jpg 180w, https:\/\/westkust.nl\/wp-content\/uploads\/2025\/02\/fewo-zoutelande-zentrum-80x80.jpg 80w, https:\/\/westkust.nl\/wp-content\/uploads\/2025\/02\/fewo-zoutelande-zentrum-36x36.jpg 36w\" sizes=\"(max-width: 180px) 100vw, 180px\" \/><\/div><\/div><\/div><br \/>\n<div  class='avia-button-wrap avia-button-center  avia-builder-el-11  el_after_av_image  avia-builder-el-last ' ><a href='https:\/\/westkust.nl\/de\/zoutelande-zentrum\/'  class='avia-button  avia-color-theme-color   avia-icon_select-no avia-size-small avia-position-center '   ><span class='avia_iconbox_title' >Fewos in Zoutelande<\/span><\/a><\/div><\/p><\/div>\n<div class=\"flex_column av_one_third  flex_column_div av-zero-column-padding   avia-builder-el-12  el_after_av_one_third  el_before_av_one_third  column-top-margin\" style='border-radius:0px; '><p><div  class='avia-image-container  av-styling-    avia-builder-el-13  el_before_av_button  avia-builder-el-first  avia-align-center '  itemprop=\"image\" itemscope=\"itemscope\" itemtype=\"https:\/\/schema.org\/ImageObject\"  ><div class='avia-image-container-inner'><div class='avia-image-overlay-wrap'><img decoding=\"async\" class='wp-image-43533 avia-img-lazy-loading-not-43533 avia_image' src=\"https:\/\/westkust.nl\/wp-content\/uploads\/2025\/02\/fewo-zoutelande-zandput-180x180.webp\" alt='Fewo Zoutelande Zandput' title='fewo zoutelande zandput' height=\"180\" width=\"180\"  itemprop=\"thumbnailUrl\" srcset=\"https:\/\/westkust.nl\/wp-content\/uploads\/2025\/02\/fewo-zoutelande-zandput-180x180.webp 180w, https:\/\/westkust.nl\/wp-content\/uploads\/2025\/02\/fewo-zoutelande-zandput-80x80.webp 80w, https:\/\/westkust.nl\/wp-content\/uploads\/2025\/02\/fewo-zoutelande-zandput-36x36.webp 36w\" sizes=\"(max-width: 180px) 100vw, 180px\" \/><\/div><\/div><\/div><br \/>\n<div  class='avia-button-wrap avia-button-center  avia-builder-el-14  el_after_av_image  avia-builder-el-last ' ><a href='https:\/\/westkust.nl\/de\/zandput\/'  class='avia-button  avia-color-theme-color   avia-icon_select-no avia-size-small avia-position-center '   ><span class='avia_iconbox_title' >Fewos in De Zandput<\/span><\/a><\/div><\/p><\/div><div class=\"flex_column av_one_third  flex_column_div av-zero-column-padding   avia-builder-el-15  el_after_av_one_third  el_before_av_one_third  column-top-margin\" style='border-radius:0px; '><p><div  class='avia-image-container  av-styling-    avia-builder-el-16  el_before_av_button  avia-builder-el-first  avia-align-center '  itemprop=\"image\" itemscope=\"itemscope\" itemtype=\"https:\/\/schema.org\/ImageObject\"  ><div class='avia-image-container-inner'><div class='avia-image-overlay-wrap'><img decoding=\"async\" class='wp-image-43531 avia-img-lazy-loading-not-43531 avia_image' src=\"https:\/\/westkust.nl\/wp-content\/uploads\/2025\/02\/fewo-zoutelande-kustlicht-180x180.webp\" alt='Fewo Zoutelande Kustlicht' title='fewo zoutelande kustlicht' height=\"180\" width=\"180\"  itemprop=\"thumbnailUrl\" srcset=\"https:\/\/westkust.nl\/wp-content\/uploads\/2025\/02\/fewo-zoutelande-kustlicht-180x180.webp 180w, https:\/\/westkust.nl\/wp-content\/uploads\/2025\/02\/fewo-zoutelande-kustlicht-80x80.webp 80w, https:\/\/westkust.nl\/wp-content\/uploads\/2025\/02\/fewo-zoutelande-kustlicht-36x36.webp 36w\" sizes=\"(max-width: 180px) 100vw, 180px\" \/><\/div><\/div><\/div><br \/>\n<div  class='avia-button-wrap avia-button-center  avia-builder-el-17  el_after_av_image  avia-builder-el-last ' ><a href='https:\/\/westkust.nl\/de\/kustlicht\/'  class='avia-button  avia-color-theme-color   avia-icon_select-no avia-size-small avia-position-center '   ><span class='avia_iconbox_title' >Fewos in Het Kustlicht<\/span><\/a><\/div><\/p><\/div><\/p>\n<div class=\"flex_column av_one_third  flex_column_div av-zero-column-padding first  avia-builder-el-18  el_after_av_one_third  el_before_av_two_third  column-top-margin\" style='border-radius:0px; '><p><div  style='height:50px' class='hr hr-invisible   avia-builder-el-19  el_before_av_image  avia-builder-el-first '><span class='hr-inner ' ><span class='hr-inner-style'><\/span><\/span><\/div><br \/>\n<div  class='avia-image-container  av-styling-    avia-builder-el-20  el_after_av_hr  avia-builder-el-last  avia-align-center '  itemprop=\"image\" itemscope=\"itemscope\" itemtype=\"https:\/\/schema.org\/ImageObject\"  ><div class='avia-image-container-inner'><div class='avia-image-overlay-wrap'><img decoding=\"async\" class='wp-image-41596 avia-img-lazy-loading-not-41596 avia_image' src=\"https:\/\/westkust.nl\/wp-content\/uploads\/2023\/11\/fewo-zoutelande-kamin-495x400.jpg\" alt='Fewo Zoutelande mit Kamin' title='fewo-zoutelande-kamin' height=\"400\" width=\"495\"  itemprop=\"thumbnailUrl\"  \/><\/div><\/div><\/div><\/p><\/div>\n<div class=\"flex_column av_two_third  flex_column_div av-zero-column-padding   avia-builder-el-21  el_after_av_one_third  el_before_av_one_full  column-top-margin\" style='border-radius:0px; '><section class=\"av_textblock_section \"  itemscope=\"itemscope\" itemtype=\"https:\/\/schema.org\/CreativeWork\" ><div class='avia_textblock  '  style='font-size:16px; '  itemprop=\"text\" ><h2><span style=\"font-weight: 600;\">Ausstattung und Annehmlichkeiten<\/span><\/h2>\n<p><span style=\"font-weight: 400;\">In Ihrer Fewo erwartet Sie eine vollst\u00e4ndige Ausstattung, darunter moderne K\u00fcchen, komfortable Schlafzimmer und entspannende Wohnbereiche. Genie\u00dfen Sie Annehmlichkeiten wie kostenfreies WLAN, eigene Parkpl\u00e4tze und vieles mehr. Am besten, Sie klicken sich unsere gro\u00dfe Auswahl und finden genau die Fewo, die am besten zu Ihnen passt!<\/span><\/p>\n<\/div><\/section><br \/>\n<div  style='height:20px' class='hr hr-invisible   avia-builder-el-23  el_after_av_textblock  el_before_av_textblock '><span class='hr-inner ' ><span class='hr-inner-style'><\/span><\/span><\/div><br \/>\n<section class=\"av_textblock_section \"  itemscope=\"itemscope\" itemtype=\"https:\/\/schema.org\/CreativeWork\" ><div class='avia_textblock  '  style='font-size:16px; '  itemprop=\"text\" ><h2><span style=\"font-weight: 600;\">Tipps f\u00fcr einen perfekten Aufenthalt<\/span><\/h2>\n<p><span style=\"font-weight: 400;\">Profitieren Sie von unseren Insidertipps und erfahren Sie, wie Sie das Beste aus Ihrem Aufenthalt herausholen k\u00f6nnen. Von kulinarischen Empfehlungen bis hin zu Geheimtipps &#8211; wir haben alle Infos f\u00fcr Sie. Lesen Sie mehr \u00fcber die <\/span><a href=\"https:\/\/westkust.nl\/de\/ausfluege-in-zeeland\/\"><span style=\"font-weight: 400;\">Umgebung <\/span><\/a><span style=\"font-weight: 400;\">und halten Sie unseren <\/span><a href=\"https:\/\/westkust.nl\/de\/nachrichten\/\"><span style=\"font-weight: 400;\">Blog<\/span><\/a><span style=\"font-weight: 400;\"> im Auge, auf dem wir Sie zum Beispiel \u00fcber aktuelle Veranstaltungen informieren.\u00a0<\/span><\/p>\n<\/div><\/section><\/p><\/div>\n<div class=\"flex_column av_one_full  flex_column_div av-zero-column-padding first  avia-builder-el-25  el_after_av_two_third  el_before_av_one_full  column-top-margin\" style='margin-top:30px; margin-bottom:30px; border-radius:0px; '><section class=\"av_textblock_section \"  itemscope=\"itemscope\" itemtype=\"https:\/\/schema.org\/CreativeWork\" ><div class='avia_textblock  '  style='font-size:16px; '  itemprop=\"text\" ><h2><span style=\"font-weight: 600;\">Buchen Sie jetzt Ihre Fewo in Zoutelande<\/span><\/h2>\n<p><span style=\"font-weight: 400;\">Entdecken Sie die Sch\u00f6nheit von Zoutelande und erleben Sie einen unvergesslichen Urlaub in einer unserer Fewos. Buchen Sie jetzt und sichern Sie sich Ihr St\u00fcck Paradies an der niederl\u00e4ndischen K\u00fcste. Wir freuen uns darauf, Sie bald bei Westkust Holiday begr\u00fc\u00dfen zu d\u00fcrfen!<\/span><\/p>\n<\/div><\/section><br \/>\n<div  class='avia-button-wrap avia-button-center  avia-builder-el-27  el_after_av_textblock  avia-builder-el-last ' ><a href='https:\/\/westkust.nl\/de\/unsere-unterkuenfte\/'  class='avia-button  avia-color-theme-color   avia-icon_select-yes-left-icon avia-size-small avia-position-center '   ><span class='avia_button_icon avia_button_icon_left ' aria-hidden='true' data-av_icon='\ue821' data-av_iconfont='entypo-fontello'><\/span><span class='avia_iconbox_title' >Fewo in Zoutelande ausw\u00e4hlen<\/span><\/a><\/div><\/p><\/div>\n<div class=\"flex_column av_one_full  flex_column_div av-zero-column-padding first  avia-builder-el-28  el_after_av_one_full  el_before_av_one_third  column-top-margin\" style='margin-top:30px; margin-bottom:30px; background: #dddddd; background-color:#dddddd; border-radius:0px; '><section class=\"av_textblock_section \"  itemscope=\"itemscope\" itemtype=\"https:\/\/schema.org\/CreativeWork\" ><div class='avia_textblock  '   itemprop=\"text\" ><h2><span style=\"font-weight: 600;\">FAQs &#8211; H\u00e4ufig gestellte Fragen zu Fewo Zoutelande<\/span><\/h2>\n<h4><b>Wie weit ist der Strand von den Fewos entfernt?<\/b><\/h4>\n<p><span style=\"font-weight: 400;\">Unsere Fewos sind nur wenige Gehminuten vom wundersch\u00f6nen Strand von Zoutelande entfernt.<\/span><\/p>\n<h4><b>Gibt es Einkaufsm\u00f6glichkeiten in der N\u00e4he?<\/b><\/h4>\n<p><span style=\"font-weight: 400;\">Ja, in der Umgebung finden Sie verschiedene Gesch\u00e4fte und Superm\u00e4rkte f\u00fcr Ihren Bedarf.<\/span><\/p>\n<h4><b>Sind die Fewos kinderfreundlich?<\/b><\/h4>\n<p><span style=\"font-weight: 400;\">Absolut! Unsere Unterk\u00fcnfte sind familienfreundlich und bieten auch f\u00fcr Kinder ideale Bedingungen. Manche haben sogar einen Garten mit Spielger\u00e4ten.<\/span><\/p>\n<h4><b>Ist WLAN in den Fewos verf\u00fcgbar?<\/b><\/h4>\n<p><span style=\"font-weight: 400;\">Ja, die meisten unserer Fewos sind mit kostenlosem WLAN ausgestattet.<\/span><\/p>\n<h4><b>Kann ich meinen Aufenthalt stornieren?<\/b><\/h4>\n<p><span style=\"font-weight: 400;\">Ja, eine Stornierung ist m\u00f6glich, wenn Sie eine Stornierungsversicherung abgeschlossen haben. Mehr \u00fcber die Bedingungen und Geb\u00fchren lesen Sie <\/span><a href=\"https:\/\/westkust.nl\/de\/stornierungsbedingungen\/\"><span style=\"font-weight: 400;\">hier<\/span><\/a><span style=\"font-weight: 400;\">.\u00a0<\/span><\/p>\n<\/div><\/section><\/div>\n<div class=\"flex_column av_one_third  flex_column_div av-zero-column-padding first  avia-builder-el-30  el_after_av_one_full  el_before_av_one_third  column-top-margin\" style='border-radius:0px; '><\/div>\n<div class=\"flex_column av_one_third  flex_column_div av-zero-column-padding   avia-builder-el-31  el_after_av_one_third  el_before_av_one_third  column-top-margin\" style='border-radius:0px; '><\/div>\n<div class=\"flex_column av_one_third  flex_column_div av-zero-column-padding   avia-builder-el-32  el_after_av_one_third  avia-builder-el-last  column-top-margin\" style='border-radius:0px; '><\/div>\n","protected":false},"excerpt":{"rendered":"","protected":false},"author":3,"featured_media":0,"parent":0,"menu_order":0,"comment_status":"closed","ping_status":"closed","template":"","meta":{"_acf_changed":false,"footnotes":""},"class_list":["post-41593","page","type-page","status-publish","hentry"],"acf":[],"_links":{"self":[{"href":"https:\/\/westkust.nl\/de\/wp-json\/wp\/v2\/pages\/41593","targetHints":{"allow":["GET"]}}],"collection":[{"href":"https:\/\/westkust.nl\/de\/wp-json\/wp\/v2\/pages"}],"about":[{"href":"https:\/\/westkust.nl\/de\/wp-json\/wp\/v2\/types\/page"}],"author":[{"embeddable":true,"href":"https:\/\/westkust.nl\/de\/wp-json\/wp\/v2\/users\/3"}],"replies":[{"embeddable":true,"href":"https:\/\/westkust.nl\/de\/wp-json\/wp\/v2\/comments?post=41593"}],"version-history":[{"count":12,"href":"https:\/\/westkust.nl\/de\/wp-json\/wp\/v2\/pages\/41593\/revisions"}],"predecessor-version":[{"id":43524,"href":"https:\/\/westkust.nl\/de\/wp-json\/wp\/v2\/pages\/41593\/revisions\/43524"}],"wp:attachment":[{"href":"https:\/\/westkust.nl\/de\/wp-json\/wp\/v2\/media?parent=41593"}],"curies":[{"name":"wp","href":"https:\/\/api.w.org\/{rel}","templated":true}]}}