{"id":41421,"date":"2023-10-17T16:05:12","date_gmt":"2023-10-17T16:05:12","guid":{"rendered":"https:\/\/westkust.nl\/?page_id=41421"},"modified":"2025-10-06T15:07:12","modified_gmt":"2025-10-06T15:07:12","slug":"ferienhaus-zeeland-mit-hund","status":"publish","type":"page","link":"https:\/\/westkust.nl\/de\/ferienhaus-zeeland-mit-hund\/","title":{"rendered":"Ferienhaus Zeeland mit Hund"},"content":{"rendered":"<div class=\"flex_column av_one_full  flex_column_div av-zero-column-padding first  avia-builder-el-0  el_before_av_three_fifth  avia-builder-el-first  \" style='border-radius:0px; '><p><div  class='avia-image-container  av-styling-    avia-builder-el-1  el_before_av_textblock  avia-builder-el-first  avia-align-center '  itemprop=\"image\" itemscope=\"itemscope\" itemtype=\"https:\/\/schema.org\/ImageObject\"  ><div class='avia-image-container-inner'><div class='avia-image-overlay-wrap'><img decoding=\"async\" class='wp-image-41147 avia-img-lazy-loading-not-41147 avia_image' src=\"https:\/\/westkust.nl\/wp-content\/uploads\/2023\/07\/steden-en-dorpen-zeeland-1500x430.webp\" alt='Steden en dorpen Zeeland' title='steden-en-dorpen-zeeland' height=\"430\" width=\"1500\"  itemprop=\"thumbnailUrl\"  \/><\/div><\/div><\/div><br \/>\n<section class=\"av_textblock_section \"  itemscope=\"itemscope\" itemtype=\"https:\/\/schema.org\/CreativeWork\" ><div class='avia_textblock  '  style='font-size:16px; '  itemprop=\"text\" ><h1><b>Ferienhaus Zeeland mit Hund: Urlaubsspa\u00df f\u00fcr die ganze Familie<\/b><\/h1>\n<p>Stellen Sie sich vor: endlose Str\u00e4nde, an denen Ihr Hund fr\u00f6hlich im Sand spielt, malerische D\u00fcnenlandschaften f\u00fcr gemeinsame Spazierg\u00e4nge und hundefreundliche Ferienh\u00e4user, die wie f\u00fcr Sie gemacht sind. Zeeland bietet Ihnen all das \u2013 und noch mehr! Hier wird Ihr Vierbeiner nicht nur geduldet, sondern herzlich willkommen gehei\u00dfen.<\/p>\n<p>Urlaub in Zeeland mit Hund hei\u00dft: durch charmante K\u00fcstend\u00f6rfer bummeln, die Freiheit am Meer genie\u00dfen und gemeinsam mit der Fellnase neue Lieblingspl\u00e4tze entdecken. Lesen Sie hier, was die Region so besonders macht, und starten Sie eine entspannte Auszeit, bei der sich alle wohlf\u00fchlen!<\/p>\n<\/div><\/section><br \/>\n<div  class='avia-button-wrap avia-button-center  avia-builder-el-3  el_after_av_textblock  avia-builder-el-last ' ><a href='https:\/\/westkust.nl\/de\/unsere-unterkuenfte\/'  class='avia-button  avia-color-theme-color   avia-icon_select-yes-left-icon avia-size-small avia-position-center '   ><span class='avia_button_icon avia_button_icon_left ' aria-hidden='true' data-av_icon='\ue821' data-av_iconfont='entypo-fontello'><\/span><span class='avia_iconbox_title' >Ferienhaus in Zeeland suchen und buchen<\/span><\/a><\/div><\/p><\/div>\n<div class=\"flex_column av_three_fifth  flex_column_div av-zero-column-padding first  avia-builder-el-4  el_after_av_one_full  el_before_av_two_fifth  column-top-margin\" style='border-radius:0px; '><section class=\"av_textblock_section \"  itemscope=\"itemscope\" itemtype=\"https:\/\/schema.org\/CreativeWork\" ><div class='avia_textblock  '  style='font-size:16px; '  itemprop=\"text\" ><h2><span style=\"font-weight: 600;\">Die besten Ferienh\u00e4user in Zeeland f\u00fcr Hundebesitzer<\/span><\/h2>\n<p><span style=\"font-weight: 400;\">Westkust Holidays bietet eine exklusive Auswahl an Ferienh\u00e4usern in Zeeland, die speziell auf Hundebesitzer zugeschnitten sind. Von gem\u00fctlichen Ferienwohnungen in Strandn\u00e4he\u00a0 bis zu ger\u00e4umigen H\u00e4usern im gr\u00fcnen Hinterland, bei uns finden Sie die ideale Unterkunft f\u00fcr Ihren Urlaub mit Ihrem pelzigen Freund.<\/span><\/p>\n<h3><span style=\"font-weight: 400;\">Hier eine Auswahl an hundefreundlichen Ferienwohnungen:<\/span><\/h3>\n<ul>\n<li style=\"font-weight: 400;\" aria-level=\"1\"><span style=\"font-weight: 400;\">Direkt im Zentrum von Zoutelande liegt das gem\u00fctliche und modern eingerichtete Apartment \u201c<\/span><a href=\"https:\/\/westkust.nl\/de\/accommodatie-item\/duinstraatje-1\/\"><span style=\"font-weight: 400;\">Duinstraatje 1<\/span><\/a><span style=\"font-weight: 400;\">\u201d. Es bietet Platz f\u00fcr zwei Personen und auch Ihr Hund ist nach Absprache erlaubt.<\/span><\/li>\n<li style=\"font-weight: 400;\" aria-level=\"1\"><span style=\"font-weight: 400;\">Das freistehende Ferienhaus \u201c<\/span><a href=\"https:\/\/westkust.nl\/de\/accommodatie-item\/zandput-52\/\"><span style=\"font-weight: 400;\">Zandput 52<\/span><\/a><span style=\"font-weight: 400;\">\u201d bietet viel Platz f\u00fcr 4 Personen und einen eigenen Garten, \u00fcber den sich Ihr Hund nat\u00fcrlich freuen wird. Bis zu drei Haustiere sind in dieser komfortablen Haus erlaubt. Am Strand ganz in der N\u00e4he haben Sie sogar eins der kleinen Strandh\u00e4uschen dabei!<\/span><\/li>\n<li style=\"font-weight: 400;\" aria-level=\"1\"><span style=\"font-weight: 400;\">Im modernen und luxurios ausgestatteten Ferienhaus \u201c<\/span><a href=\"https:\/\/westkust.nl\/de\/accommodatie-item\/zandput-32\/\"><span style=\"font-weight: 400;\">Zandput 32<\/span><\/a><span style=\"font-weight: 400;\">\u201d finden bis zu 5 Personen und ein kleiner Hund Platz. Hier genie\u00dfen Sie eine gro\u00dfe S\u00fcdterrasse und einen Garten.\u00a0<\/span><\/li>\n<\/ul>\n<\/div><\/section><\/div>\n<div class=\"flex_column av_two_fifth  flex_column_div av-zero-column-padding   avia-builder-el-6  el_after_av_three_fifth  el_before_av_hr  column-top-margin\" style='border-radius:0px; '><div  class='avia-image-container  av-styling-    avia-builder-el-7  avia-builder-el-no-sibling  avia-align-center '  itemprop=\"image\" itemscope=\"itemscope\" itemtype=\"https:\/\/schema.org\/ImageObject\"  ><div class='avia-image-container-inner'><div class='avia-image-overlay-wrap'><img decoding=\"async\" class='wp-image-41424 avia-img-lazy-loading-not-41424 avia_image' src=\"https:\/\/westkust.nl\/wp-content\/uploads\/2023\/10\/ferienhaus-zeeland-mit-hund-und-garten.jpg\" alt='' title='ferienhaus zeeland mit hund und garten' height=\"768\" width=\"845\"  itemprop=\"thumbnailUrl\" srcset=\"https:\/\/westkust.nl\/wp-content\/uploads\/2023\/10\/ferienhaus-zeeland-mit-hund-und-garten.jpg 845w, https:\/\/westkust.nl\/wp-content\/uploads\/2023\/10\/ferienhaus-zeeland-mit-hund-und-garten-300x273.jpg 300w, https:\/\/westkust.nl\/wp-content\/uploads\/2023\/10\/ferienhaus-zeeland-mit-hund-und-garten-768x698.jpg 768w, https:\/\/westkust.nl\/wp-content\/uploads\/2023\/10\/ferienhaus-zeeland-mit-hund-und-garten-705x641.jpg 705w\" sizes=\"(max-width: 845px) 100vw, 845px\" \/><\/div><\/div><\/div><\/div><div   class='hr hr-default   avia-builder-el-8  el_after_av_two_fifth  el_before_av_three_fifth '><span class='hr-inner ' ><span class='hr-inner-style'><\/span><\/span><\/div><\/p>\n<div class=\"flex_column av_three_fifth  flex_column_div av-zero-column-padding first  avia-builder-el-9  el_after_av_hr  el_before_av_two_fifth  \" style='border-radius:0px; '><section class=\"av_textblock_section \"  itemscope=\"itemscope\" itemtype=\"https:\/\/schema.org\/CreativeWork\" ><div class='avia_textblock  '  style='font-size:16px; '  itemprop=\"text\" ><h2>Hundestr\u00e4nde und hundefreundliche Abschnitte bei Zoutelande<\/h2>\n<p data-start=\"0\" data-end=\"197\">Rund um Zoutelande gibt es mehrere hundefreundliche Strandabschnitte, an denen Ihr Vierbeiner willkommen ist. Die Regelungen variieren je nach Jahreszeit und Tageszeit, aber grunds\u00e4tzlich gilt:<\/p>\n<h3 data-start=\"204\" data-end=\"275\"><strong data-start=\"282\" data-end=\"310\">1. Strand von Zoutelande<\/strong><\/h3>\n<ul data-start=\"311\" data-end=\"573\">\n<li data-start=\"311\" data-end=\"490\">\n<p data-start=\"313\" data-end=\"490\"><strong>01. Mai bis 15. September:<\/strong><br data-start=\"343\" data-end=\"346\" \/>Hunde tags\u00fcber (10:00 \u2013 19:00 Uhr) an der Leine erlaubt<br data-start=\"411\" data-end=\"414\" \/>Vor 10:00 Uhr und nach 19:00 Uhr: freies Laufen ohne Leine erlaubt<\/p>\n<\/li>\n<li data-start=\"491\" data-end=\"573\">\n<p data-start=\"493\" data-end=\"573\"><strong>16. September bis 30. April:<\/strong><br data-start=\"525\" data-end=\"528\" \/>Hunde d\u00fcrfen den ganzen Tag frei laufen<\/p>\n<\/li>\n<\/ul>\n<p data-start=\"575\" data-end=\"722\">Der breite Sandstrand eignet sich wunderbar f\u00fcr lange Spazierg\u00e4nge \u2013 besonders morgens und abends ist es f\u00fcr Hundebesitzer ein echtes Highlight.<\/p>\n<h3 data-start=\"204\" data-end=\"275\"><strong data-start=\"729\" data-end=\"778\">\u00a02. Strand zwischen Zoutelande und Westkapelle<\/strong><\/h3>\n<ul>\n<li data-start=\"781\" data-end=\"926\">Hier gelten \u00e4hnliche Regeln wie in Zoutelande selbst.<\/li>\n<li data-start=\"781\" data-end=\"926\">Besonders beliebt ist der Bereich um den Duinweg \u2013 dort ist es meist etwas ruhiger.<\/li>\n<\/ul>\n<h3 data-start=\"204\" data-end=\"275\"><strong data-start=\"933\" data-end=\"988\">3. Strand Richtung Dishoek (\u00f6stlich von Zoutelande)<\/strong><\/h3>\n<ul>\n<li data-start=\"991\" data-end=\"1168\">Auch hier: In der Hauptsaison tags\u00fcber Leinenpflicht, ansonsten freies Laufen m\u00f6glich.<\/li>\n<li data-start=\"991\" data-end=\"1168\">Ruhiger als der zentrale Strand von Zoutelande \u2013 ideal f\u00fcr entspannte Gassirunden.<\/li>\n<\/ul>\n<\/div><\/section><br \/>\n<div   class='hr hr-default   avia-builder-el-11  el_after_av_textblock  el_before_av_textblock '><span class='hr-inner ' ><span class='hr-inner-style'><\/span><\/span><\/div><br \/>\n<section class=\"av_textblock_section \"  itemscope=\"itemscope\" itemtype=\"https:\/\/schema.org\/CreativeWork\" ><div class='avia_textblock  '  style='font-size:16px; '  itemprop=\"text\" ><h3 data-start=\"1175\" data-end=\"1187\">Tipp:<\/h3>\n<ul data-start=\"1188\" data-end=\"1413\">\n<li data-start=\"1188\" data-end=\"1307\">\n<p data-start=\"1190\" data-end=\"1307\">Halten Sie Ausschau nach Beschilderungen vor Ort, da die Regeln von Gemeinde zu Gemeinde leicht variieren k\u00f6nnen.<\/p>\n<\/li>\n<li data-start=\"1308\" data-end=\"1413\">\n<p data-start=\"1310\" data-end=\"1413\">Viele Hundebesitzer sch\u00e4tzen besonders die Nebensaison, da Hunde dann ganzt\u00e4gig frei laufen d\u00fcrfen.<\/p>\n<\/li>\n<\/ul>\n<\/div><\/section><\/p><\/div><div class=\"flex_column av_two_fifth  flex_column_div av-zero-column-padding   avia-builder-el-13  el_after_av_three_fifth  el_before_av_hr  \" style='border-radius:0px; '><p><div  class='avia-image-container  av-styling-    avia-builder-el-14  el_before_av_hr  avia-builder-el-first  avia-align-center '  itemprop=\"image\" itemscope=\"itemscope\" itemtype=\"https:\/\/schema.org\/ImageObject\"  ><div class='avia-image-container-inner'><div class='avia-image-overlay-wrap'><img decoding=\"async\" class='wp-image-44016 avia-img-lazy-loading-not-44016 avia_image' src=\"https:\/\/westkust.nl\/wp-content\/uploads\/2025\/10\/Ferienhaus-Zeeland-mit-Hund-bei-Westkust-Holiday-687x1030.webp\" alt='Ferienhaus Zeeland mit Hund bei Westkust Holiday' title='Ferienhaus Zeeland mit Hund bei Westkust Holiday' height=\"1030\" width=\"687\"  itemprop=\"thumbnailUrl\" srcset=\"https:\/\/westkust.nl\/wp-content\/uploads\/2025\/10\/Ferienhaus-Zeeland-mit-Hund-bei-Westkust-Holiday-687x1030.webp 687w, https:\/\/westkust.nl\/wp-content\/uploads\/2025\/10\/Ferienhaus-Zeeland-mit-Hund-bei-Westkust-Holiday-200x300.webp 200w, https:\/\/westkust.nl\/wp-content\/uploads\/2025\/10\/Ferienhaus-Zeeland-mit-Hund-bei-Westkust-Holiday-768x1152.webp 768w, https:\/\/westkust.nl\/wp-content\/uploads\/2025\/10\/Ferienhaus-Zeeland-mit-Hund-bei-Westkust-Holiday-1024x1536.webp 1024w, https:\/\/westkust.nl\/wp-content\/uploads\/2025\/10\/Ferienhaus-Zeeland-mit-Hund-bei-Westkust-Holiday-1000x1500.webp 1000w, https:\/\/westkust.nl\/wp-content\/uploads\/2025\/10\/Ferienhaus-Zeeland-mit-Hund-bei-Westkust-Holiday-470x705.webp 470w, https:\/\/westkust.nl\/wp-content\/uploads\/2025\/10\/Ferienhaus-Zeeland-mit-Hund-bei-Westkust-Holiday.webp 1280w\" sizes=\"(max-width: 687px) 100vw, 687px\" \/><\/div><\/div><\/div><br \/>\n<div   class='hr hr-default   avia-builder-el-15  el_after_av_image  el_before_av_textblock '><span class='hr-inner ' ><span class='hr-inner-style'><\/span><\/span><\/div><br \/>\n<section class=\"av_textblock_section \"  itemscope=\"itemscope\" itemtype=\"https:\/\/schema.org\/CreativeWork\" ><div class='avia_textblock  '  style='font-size:16px; '  itemprop=\"text\" ><h2><span style=\"font-weight: 600;\">Warum Zeeland?<\/span><\/h2>\n<p><span style=\"font-weight: 400;\">Zeeland zeichnet sich durch seine atemberaubende Natur und die Gastfreundschaft aus. Die Provinz ist reich an hundefreundlichen Str\u00e4nden, Wanderwegen und Aktivit\u00e4ten im Freien. Zeeland bietet eine F\u00fclle von M\u00f6glichkeiten, um Ihren Hund in die Urlaubsfreude einzubeziehen.<\/span><\/p>\n<p><a href=\"https:\/\/westkust.nl\/de\/urlaub-zeeland\/\">Mehr \u00fcber Urlaub in Zeeland lesen<\/a><\/p>\n<\/div><\/section><\/p><\/div><div   class='hr hr-default   avia-builder-el-17  el_after_av_two_fifth  el_before_av_two_third '><span class='hr-inner ' ><span class='hr-inner-style'><\/span><\/span><\/div><\/p>\n<div class=\"flex_column av_two_third  flex_column_div av-zero-column-padding first  avia-builder-el-18  el_after_av_hr  el_before_av_one_third  \" style='border-radius:0px; '><section class=\"av_textblock_section \"  itemscope=\"itemscope\" itemtype=\"https:\/\/schema.org\/CreativeWork\" ><div class='avia_textblock  '  style='font-size:16px; '  itemprop=\"text\" ><h2><span style=\"font-weight: 600;\">Buchen Sie jetzt Ihr Ferienhaus in Zeeland mit Hund<\/span><\/h2>\n<p><span style=\"font-weight: 400;\">Zeeland ist zweifellos ein fantastisches Urlaubsziel f\u00fcr Hundebesitzer. Die Kombination aus malerischer Natur, hundefreundlichen Unterk\u00fcnften und zahlreichen Aktivit\u00e4ten macht Zeeland zu einem unvergesslichen Reiseziel f\u00fcr die ganze Familie. Entspannen Sie am Strand, erkunden Sie die Natur erkunden und probieren Sie gemeinsam mit Ihrem Vierbeiner lokale Leckereien.<\/span><\/p>\n<p><span style=\"font-weight: 400;\">Bei Westkust Holidays <\/span>finden Sie Ihr hundefreundliches Ferienhaus in Zeeland und erleben unvergessliche Momente in dieser erstklassigen Urlaubsregion. Wir freuen uns darauf, Sie und Ihren Hund bei uns willkommen zu hei\u00dfen!<\/p>\n<\/div><\/section><\/div>\n<div class=\"flex_column av_one_third  flex_column_div av-zero-column-padding   avia-builder-el-20  el_after_av_two_third  el_before_av_button  \" style='border-radius:0px; '><div  class='avia-image-container  av-styling-    avia-builder-el-21  avia-builder-el-no-sibling  avia-align-center '  itemprop=\"image\" itemscope=\"itemscope\" itemtype=\"https:\/\/schema.org\/ImageObject\"  ><div class='avia-image-container-inner'><div class='avia-image-overlay-wrap'><img decoding=\"async\" class='wp-image-41422 avia-img-lazy-loading-not-41422 avia_image' src=\"https:\/\/westkust.nl\/wp-content\/uploads\/2023\/10\/ferienhaus-zeeland-mit-hund-dunen.jpg\" alt='Ferienhaus Zeeland mit Hund' title='ferienhaus zeeland mit hund d\u00fcnen' height=\"360\" width=\"640\"  itemprop=\"thumbnailUrl\" srcset=\"https:\/\/westkust.nl\/wp-content\/uploads\/2023\/10\/ferienhaus-zeeland-mit-hund-dunen.jpg 640w, https:\/\/westkust.nl\/wp-content\/uploads\/2023\/10\/ferienhaus-zeeland-mit-hund-dunen-300x169.jpg 300w\" sizes=\"(max-width: 640px) 100vw, 640px\" \/><\/div><\/div><\/div><\/div>\n<div  class='avia-button-wrap avia-button-center  avia-builder-el-22  el_after_av_one_third  el_before_av_hr ' ><a href='https:\/\/westkust.nl\/de\/unsere-unterkuenfte\/'  class='avia-button  avia-color-theme-color   avia-icon_select-yes-left-icon avia-size-small avia-position-center '   ><span class='avia_button_icon avia_button_icon_left ' aria-hidden='true' data-av_icon='\ue821' data-av_iconfont='entypo-fontello'><\/span><span class='avia_iconbox_title' >Jetzt buchen<\/span><\/a><\/div>\n<div   class='hr hr-default   avia-builder-el-23  el_after_av_button  el_before_av_textblock '><span class='hr-inner ' ><span class='hr-inner-style'><\/span><\/span><\/div>\n<section class=\"av_textblock_section \"  itemscope=\"itemscope\" itemtype=\"https:\/\/schema.org\/CreativeWork\" ><div class='avia_textblock  '   itemprop=\"text\" ><h2><span style=\"font-weight: 600;\">H\u00e4ufig gestellte Fragen (FAQ)<\/span><\/h2>\n<h4><b>Welche Str\u00e4nde in Zeeland sind f\u00fcr Hunde zug\u00e4nglich?<\/b><\/h4>\n<p><span style=\"font-weight: 400;\">In Zeeland gibt es viele hundefreundliche Str\u00e4nde. Einige beliebte Optionen sind der Strand von Vrouwenpolder und der Strand von Breskens. Beachten Sie jedoch die lokalen Leinenregeln.<\/span><\/p>\n<h4><b>Gibt es Tier\u00e4rzte in der N\u00e4he, falls mein Hund medizinische Versorgung ben\u00f6tigt?<\/b><\/h4>\n<p><span style=\"font-weight: 400;\">Ja, in Zeeland gibt es Tier\u00e4rzte und Tierkliniken, die Ihnen im Notfall zur Verf\u00fcgung stehen. In der N\u00e4he von Zoutelande gibt es z.B. <a href=\"https:\/\/www.karinvoordieren.nl\/\" target=\"_blank\" rel=\"noopener\">Karin voor Dieren<\/a> oder die <a href=\"https:\/\/www.dierenartsenborratrappeniers.nl\/\" target=\"_blank\" rel=\"noopener\">Tierarztpraxis Borra<\/a>.<\/span><\/p>\n<h4><b>Kann ich meinen Hund mit ins Restaurant nehmen?<\/b><\/h4>\n<p><span style=\"font-weight: 400;\">Einige Restaurants und Caf\u00e9s in Zeeland sind hundefreundlich, aber es ist ratsam, im Voraus anzurufen und nach deren Haustierpolitik zu fragen.<\/span><\/p>\n<h4><b>Welche Aktivit\u00e4ten k\u00f6nnen wir mit unserem Hund in Zeeland unternehmen?<\/b><\/h4>\n<p><span style=\"font-weight: 400;\">In Zeeland k\u00f6nnen Sie mit Ihrem Hund wandern, am Strand spielen, Wassersport betreiben und vieles mehr. Die M\u00f6glichkeiten sind nahezu unbegrenzt.<\/span><\/p>\n<\/div><\/section>\n","protected":false},"excerpt":{"rendered":"","protected":false},"author":3,"featured_media":0,"parent":0,"menu_order":0,"comment_status":"closed","ping_status":"closed","template":"","meta":{"_acf_changed":false,"footnotes":""},"class_list":["post-41421","page","type-page","status-publish","hentry"],"acf":[],"_links":{"self":[{"href":"https:\/\/westkust.nl\/de\/wp-json\/wp\/v2\/pages\/41421","targetHints":{"allow":["GET"]}}],"collection":[{"href":"https:\/\/westkust.nl\/de\/wp-json\/wp\/v2\/pages"}],"about":[{"href":"https:\/\/westkust.nl\/de\/wp-json\/wp\/v2\/types\/page"}],"author":[{"embeddable":true,"href":"https:\/\/westkust.nl\/de\/wp-json\/wp\/v2\/users\/3"}],"replies":[{"embeddable":true,"href":"https:\/\/westkust.nl\/de\/wp-json\/wp\/v2\/comments?post=41421"}],"version-history":[{"count":18,"href":"https:\/\/westkust.nl\/de\/wp-json\/wp\/v2\/pages\/41421\/revisions"}],"predecessor-version":[{"id":44015,"href":"https:\/\/westkust.nl\/de\/wp-json\/wp\/v2\/pages\/41421\/revisions\/44015"}],"wp:attachment":[{"href":"https:\/\/westkust.nl\/de\/wp-json\/wp\/v2\/media?parent=41421"}],"curies":[{"name":"wp","href":"https:\/\/api.w.org\/{rel}","templated":true}]}}