{"id":41216,"date":"2023-08-01T11:03:32","date_gmt":"2023-08-01T11:03:32","guid":{"rendered":"https:\/\/westkust.nl\/?page_id=41216"},"modified":"2023-08-01T11:03:32","modified_gmt":"2023-08-01T11:03:32","slug":"zeeland-mit-kindern","status":"publish","type":"page","link":"https:\/\/westkust.nl\/de\/ausfluege-in-zeeland\/zeeland-mit-kindern\/","title":{"rendered":"Zeeland mit Kindern"},"content":{"rendered":"<div id='av_section_1'  class='avia-section main_color avia-section-default avia-no-border-styling  avia-bg-style-scroll  avia-builder-el-0  el_before_av_one_half  avia-builder-el-first   container_wrap sidebar_right' style=' '  ><div class='container' ><main  role=\"main\" itemprop=\"mainContentOfPage\"  class='template-page content  av-content-small alpha units'><div class='post-entry post-entry-type-page post-entry-41216'><div class='entry-content-wrapper clearfix'>\n<div  class='avia-image-container  av-styling-    avia-builder-el-1  el_before_av_textblock  avia-builder-el-first  avia-align-center '  itemprop=\"image\" itemscope=\"itemscope\" itemtype=\"https:\/\/schema.org\/ImageObject\"  ><div class='avia-image-container-inner'><div class='avia-image-overlay-wrap'><img decoding=\"async\" class='wp-image-41136 avia-img-lazy-loading-not-41136 avia_image' src=\"https:\/\/westkust.nl\/wp-content\/uploads\/2023\/07\/uitjes-met-kinderen-zeeland.webp\" alt='Zeeland mit Kindern' title='Zeeland mit Kindern' height=\"544\" width=\"1500\"  itemprop=\"thumbnailUrl\" srcset=\"https:\/\/westkust.nl\/wp-content\/uploads\/2023\/07\/uitjes-met-kinderen-zeeland.webp 1500w, https:\/\/westkust.nl\/wp-content\/uploads\/2023\/07\/uitjes-met-kinderen-zeeland-300x109.webp 300w, https:\/\/westkust.nl\/wp-content\/uploads\/2023\/07\/uitjes-met-kinderen-zeeland-1030x374.webp 1030w, https:\/\/westkust.nl\/wp-content\/uploads\/2023\/07\/uitjes-met-kinderen-zeeland-768x279.webp 768w, https:\/\/westkust.nl\/wp-content\/uploads\/2023\/07\/uitjes-met-kinderen-zeeland-705x256.webp 705w\" sizes=\"(max-width: 1500px) 100vw, 1500px\" \/><\/div><\/div><\/div>\n<section class=\"av_textblock_section \"  itemscope=\"itemscope\" itemtype=\"https:\/\/schema.org\/CreativeWork\" ><div class='avia_textblock  '   itemprop=\"text\" ><h2>Zeeland mit Kindern &#8211; die besten Ausfl\u00fcge und Aktivit\u00e4ten<\/h2>\n<\/div><\/section>\n<\/div><\/div><\/main><!-- close content main element --><\/div><\/div><div id='after_section_1'  class='main_color av_default_container_wrap container_wrap sidebar_right' style=' '  ><div class='container' ><div class='template-page content  av-content-small alpha units'><div class='post-entry post-entry-type-page post-entry-41216'><div class='entry-content-wrapper clearfix'><div class=\"flex_column av_one_half  flex_column_div av-zero-column-padding first  avia-builder-el-3  el_after_av_section  el_before_av_one_half  avia-builder-el-first  \" style='border-radius:0px; '><section class=\"av_textblock_section \"  itemscope=\"itemscope\" itemtype=\"https:\/\/schema.org\/CreativeWork\" ><div class='avia_textblock  '   itemprop=\"text\" ><h2>Reptilienzoo &#8220;Iguana&#8221;<\/h2>\n<p>Der Reptilienzoo Iguana ist ein besonderer Ort, an dem Sie verschiedene Reptilienarten kennen lernen k\u00f6nnen. Bewundern Sie Schlangen, Eidechsen und Schildkr\u00f6ten in ihrem nat\u00fcrlichen Lebensraum. Ein lehrreicher und faszinierender Ausflug f\u00fcr Jung und Alt!<\/p>\n<p><a title=\"Reptilienzoo Iguana\" href=\"https:\/\/iguana.nl\/\" target=\"_blank\" rel=\"noopener\">&gt; Reptilienzoo Iguana<\/a><\/p>\n<h2>Maritimes Museum Zeeland<\/h2>\n<p>Das Maritime Museum in Vlissingen nimmt Sie mit auf eine Reise durch die bewegte maritime Geschichte Zeelands. Entdecken Sie die Bedeutung des Meeres f\u00fcr die Region und erfahren Sie mehr \u00fcber maritime Traditionen wie Fischerei und Schifffahrt. Kinder k\u00f6nnen auf eine lustige Schatzsuche gehen oder allerlei Spiele spielen.<\/p>\n<p><a title=\"Maritiem Museum Zeeland\" href=\"https:\/\/www.muzeeum.nl\/ontdek\/leuk-voor-kinderen\" target=\"_blank\" rel=\"noopener\">&gt; Maritiem Museum Zeeland<\/a><\/p>\n<\/div><\/section><\/div><div class=\"flex_column av_one_half  flex_column_div av-zero-column-padding   avia-builder-el-5  el_after_av_one_half  avia-builder-el-last  \" style='border-radius:0px; '><section class=\"av_textblock_section \"  itemscope=\"itemscope\" itemtype=\"https:\/\/schema.org\/CreativeWork\" ><div class='avia_textblock  '   itemprop=\"text\" ><h2>Mini Mundi<\/h2>\n<p>Mini Mundi in Middelburg ist ein beliebter Familienvergn\u00fcgungspark mit dem Miniaturland Walcheren, einem gro\u00dfen Indoor- und Outdoor-Spielplatz und einem Vergn\u00fcgungspark voller spannender Fahrgesch\u00e4fte. Erleben Sie aufregende Fahrten mit der Achterbahn, dem Zug und der Schiffschaukel. Genie\u00dfen Sie den 10 Meter hohen Ballonturm und das Karussell. F\u00fcr die Kleinsten gibt es einen Indoor-Spielplatz mit Baukl\u00f6tzen, Ballspielplatz und Krabbelecke.<\/p>\n<p><a title=\"Mini Mundi\" href=\"https:\/\/minimundi.nl\/deutsch\" target=\"_blank\" rel=\"noopener\">&gt; Mini Mundi<\/a><\/p>\n<\/div><\/section><\/div><\/p>\n","protected":false},"excerpt":{"rendered":"","protected":false},"author":3,"featured_media":0,"parent":41182,"menu_order":0,"comment_status":"closed","ping_status":"closed","template":"","meta":{"_acf_changed":false,"footnotes":""},"class_list":["post-41216","page","type-page","status-publish","hentry"],"acf":[],"_links":{"self":[{"href":"https:\/\/westkust.nl\/de\/wp-json\/wp\/v2\/pages\/41216","targetHints":{"allow":["GET"]}}],"collection":[{"href":"https:\/\/westkust.nl\/de\/wp-json\/wp\/v2\/pages"}],"about":[{"href":"https:\/\/westkust.nl\/de\/wp-json\/wp\/v2\/types\/page"}],"author":[{"embeddable":true,"href":"https:\/\/westkust.nl\/de\/wp-json\/wp\/v2\/users\/3"}],"replies":[{"embeddable":true,"href":"https:\/\/westkust.nl\/de\/wp-json\/wp\/v2\/comments?post=41216"}],"version-history":[{"count":2,"href":"https:\/\/westkust.nl\/de\/wp-json\/wp\/v2\/pages\/41216\/revisions"}],"predecessor-version":[{"id":41219,"href":"https:\/\/westkust.nl\/de\/wp-json\/wp\/v2\/pages\/41216\/revisions\/41219"}],"up":[{"embeddable":true,"href":"https:\/\/westkust.nl\/de\/wp-json\/wp\/v2\/pages\/41182"}],"wp:attachment":[{"href":"https:\/\/westkust.nl\/de\/wp-json\/wp\/v2\/media?parent=41216"}],"curies":[{"name":"wp","href":"https:\/\/api.w.org\/{rel}","templated":true}]}}