{"id":41213,"date":"2023-08-01T10:41:33","date_gmt":"2023-08-01T10:41:33","guid":{"rendered":"https:\/\/westkust.nl\/?page_id=41213"},"modified":"2023-08-01T11:43:13","modified_gmt":"2023-08-01T11:43:13","slug":"staedte-und-doerfer","status":"publish","type":"page","link":"https:\/\/westkust.nl\/de\/ausfluege-in-zeeland\/staedte-und-doerfer\/","title":{"rendered":"St\u00e4dte und D\u00f6rfer"},"content":{"rendered":"<div  class='avia-image-container  av-styling-    avia-builder-el-0  el_before_av_section  avia-builder-el-no-sibling  avia-align-center '  itemprop=\"image\" itemscope=\"itemscope\" itemtype=\"https:\/\/schema.org\/ImageObject\"  ><div class='avia-image-container-inner'><div class='avia-image-overlay-wrap'><img decoding=\"async\" class='wp-image-41147 avia-img-lazy-loading-not-41147 avia_image' src=\"https:\/\/westkust.nl\/wp-content\/uploads\/2023\/07\/steden-en-dorpen-zeeland.webp\" alt='St\u00e4dte und D\u00f6rfer in Zeeland' title='St\u00e4dte und D\u00f6rfer in Zeeland' height=\"544\" width=\"1500\"  itemprop=\"thumbnailUrl\" srcset=\"https:\/\/westkust.nl\/wp-content\/uploads\/2023\/07\/steden-en-dorpen-zeeland.webp 1500w, https:\/\/westkust.nl\/wp-content\/uploads\/2023\/07\/steden-en-dorpen-zeeland-300x109.webp 300w, https:\/\/westkust.nl\/wp-content\/uploads\/2023\/07\/steden-en-dorpen-zeeland-1030x374.webp 1030w, https:\/\/westkust.nl\/wp-content\/uploads\/2023\/07\/steden-en-dorpen-zeeland-768x279.webp 768w, https:\/\/westkust.nl\/wp-content\/uploads\/2023\/07\/steden-en-dorpen-zeeland-705x256.webp 705w\" sizes=\"(max-width: 1500px) 100vw, 1500px\" \/><\/div><\/div><\/div>\n<\/div><\/div><\/div><!-- close content main div --><\/div><\/div><div id='av_section_1'  class='avia-section main_color avia-section-default avia-no-border-styling  avia-bg-style-scroll  avia-builder-el-1  el_after_av_image  el_before_av_one_half   container_wrap sidebar_right' style=' '  ><div class='container' ><div class='template-page content  av-content-small alpha units'><div class='post-entry post-entry-type-page post-entry-41213'><div class='entry-content-wrapper clearfix'>\n<section class=\"av_textblock_section \"  itemscope=\"itemscope\" itemtype=\"https:\/\/schema.org\/CreativeWork\" ><div class='avia_textblock  '   itemprop=\"text\" ><h2>St\u00e4dte und D\u00f6rfer in Zeeland<\/h2>\n<\/div><\/section>\n<section class=\"av_textblock_section \"  itemscope=\"itemscope\" itemtype=\"https:\/\/schema.org\/CreativeWork\" ><div class='avia_textblock  '   itemprop=\"text\" ><p>Entdecken Sie die H\u00f6hepunkte Zeelands, von den sonnenverw\u00f6hnten Str\u00e4nden von Zoutelande und Domburg bis zum maritimen Charme von Vlissingen und der historischen Pracht von Middelburg. Wo in Zeeland zieht es Sie dieses Jahr hin?<\/p>\n<p>Unser Tipp: Im Sommer finden in vielen Orten regelm\u00e4\u00dfig tolle <a href=\"https:\/\/westkust.nl\/de\/sommermaerkte-in-zeeland\/\">Sommerm\u00e4rkte in Zeeland<\/a> statt!<\/p>\n<\/div><\/section>\n<\/div><\/div><\/div><!-- close content main div --><\/div><\/div><div id='after_section_1'  class='main_color av_default_container_wrap container_wrap sidebar_right' style=' '  ><div class='container' ><div class='template-page content  av-content-small alpha units'><div class='post-entry post-entry-type-page post-entry-41213'><div class='entry-content-wrapper clearfix'><div class=\"flex_column av_one_half  flex_column_div av-zero-column-padding first  avia-builder-el-4  el_after_av_section  el_before_av_one_half  avia-builder-el-first  \" style='border-radius:0px; '><section class=\"av_textblock_section \"  itemscope=\"itemscope\" itemtype=\"https:\/\/schema.org\/CreativeWork\" ><div class='avia_textblock  '   itemprop=\"text\" ><h2>Zoutelande<\/h2>\n<p>Zoutelande ist der beliebteste Ort in Zeeland. Hier ist immer etwas los, zum Beipsiel laden die vielen sch\u00f6nen Sommerm\u00e4rkte zum Bummeln ein. Was macht Zoutelande so besonders?<\/p>\n<p><strong>Sch\u00f6ne Str\u00e4nde<\/strong>: Zoutelande hat sehr saubere, breite Sandstr\u00e4nde, die sich \u00fcber eine lange K\u00fcstenlinie erstrecken.<br \/>\n<strong>Gem\u00fctliche Atmosph\u00e4re<\/strong>: Der Ort Zoutelande hat eine gem\u00fctliche und entspannte Atmosph\u00e4re. Es gibt viele nette Caf\u00e9s, Restaurants und Gesch\u00e4fte, die die Urlauber genie\u00dfen k\u00f6nnen.<\/p>\n<h2>Vlissingen<\/h2>\n<p>Vlissingen ist eine malerische Hafenstadt in Zeeland in Holland. Sie hat eine reiche maritime Geschichte und ist au\u00dferdem das Tor zur Westerschelde-M\u00fcndung. Mit ihren sch\u00f6nen Str\u00e4nden, dem Boulevard, dem j\u00e4hrlichen Filmfestival und Veranstaltungen wie &#8220;Vlissingen Maritiem&#8221; zieht sie viele Besucher an, die Entspannung und Kultur suchen.<\/p>\n<\/div><\/section><\/div><\/p>\n<div class=\"flex_column av_one_half  flex_column_div av-zero-column-padding   avia-builder-el-6  el_after_av_one_half  avia-builder-el-last  \" style='border-radius:0px; '><section class=\"av_textblock_section \"  itemscope=\"itemscope\" itemtype=\"https:\/\/schema.org\/CreativeWork\" ><div class='avia_textblock  '   itemprop=\"text\" ><h2>Domburg<\/h2>\n<p>Domburg ist als gem\u00fctlicher Badeort in Zeeland, Niederlande, bekannt. Der Ort hat einen sch\u00f6nen Sandstrand und besitzt einen historischen Charme. Das besondere Licht der Stadt lockt viele K\u00fcnstler an. Domburg ist bekannt f\u00fcr Wellness und Kuren, hat freundliche Gesch\u00e4fte und bietet zahlreiche Wassersportm\u00f6glichkeiten. Es ist ein beliebtes Ziel f\u00fcr Entspannung und Kultur.<\/p>\n<h2>Middelburg<\/h2>\n<p>Middelburg, die Hauptstadt von Zeeland, ist eine attraktive Stadt mit reicher Geschichte und kulturellem Erbe. Zu den Highlights geh\u00f6ren der sch\u00f6ne Abdijplein mit seinem imposanten Rathaus, der historische Lange-Jan-Turm und das Zeeuws Museum. Genie\u00dfen Sie bei einem Besuch dieser Stadt die charmanten Grachten, gem\u00fctlichen Caf\u00e9s und die einzigartige zeel\u00e4ndische Gastfreundschaft.<\/p>\n<\/div><\/section><\/div>\n","protected":false},"excerpt":{"rendered":"","protected":false},"author":3,"featured_media":0,"parent":41182,"menu_order":0,"comment_status":"closed","ping_status":"closed","template":"","meta":{"_acf_changed":false,"footnotes":""},"class_list":["post-41213","page","type-page","status-publish","hentry"],"acf":[],"_links":{"self":[{"href":"https:\/\/westkust.nl\/de\/wp-json\/wp\/v2\/pages\/41213","targetHints":{"allow":["GET"]}}],"collection":[{"href":"https:\/\/westkust.nl\/de\/wp-json\/wp\/v2\/pages"}],"about":[{"href":"https:\/\/westkust.nl\/de\/wp-json\/wp\/v2\/types\/page"}],"author":[{"embeddable":true,"href":"https:\/\/westkust.nl\/de\/wp-json\/wp\/v2\/users\/3"}],"replies":[{"embeddable":true,"href":"https:\/\/westkust.nl\/de\/wp-json\/wp\/v2\/comments?post=41213"}],"version-history":[{"count":3,"href":"https:\/\/westkust.nl\/de\/wp-json\/wp\/v2\/pages\/41213\/revisions"}],"predecessor-version":[{"id":41229,"href":"https:\/\/westkust.nl\/de\/wp-json\/wp\/v2\/pages\/41213\/revisions\/41229"}],"up":[{"embeddable":true,"href":"https:\/\/westkust.nl\/de\/wp-json\/wp\/v2\/pages\/41182"}],"wp:attachment":[{"href":"https:\/\/westkust.nl\/de\/wp-json\/wp\/v2\/media?parent=41213"}],"curies":[{"name":"wp","href":"https:\/\/api.w.org\/{rel}","templated":true}]}}