{"id":41204,"date":"2023-07-31T15:02:49","date_gmt":"2023-07-31T15:02:49","guid":{"rendered":"https:\/\/westkust.nl\/?page_id=41204"},"modified":"2023-11-09T11:02:19","modified_gmt":"2023-11-09T11:02:19","slug":"restaurants-in-zeeland","status":"publish","type":"page","link":"https:\/\/westkust.nl\/de\/ausfluege-in-zeeland\/restaurants-in-zeeland\/","title":{"rendered":"Gute Restaurants in Zeeland"},"content":{"rendered":"<div class=\"flex_column av_one_full  flex_column_div av-zero-column-padding first  avia-builder-el-0  el_before_av_one_half  avia-builder-el-first  \" style='border-radius:0px; '><p><div  class='avia-image-container  av-styling-    avia-builder-el-1  el_before_av_textblock  avia-builder-el-first  avia-align-center '  itemprop=\"image\" itemscope=\"itemscope\" itemtype=\"https:\/\/schema.org\/ImageObject\"  ><div class='avia-image-container-inner'><div class='avia-image-overlay-wrap'><img decoding=\"async\" class='wp-image-41149 avia-img-lazy-loading-not-41149 avia_image' src=\"https:\/\/westkust.nl\/wp-content\/uploads\/2023\/07\/steden-en-dorpen-zeeland-.webp\" alt='Restaurants in Zeeland' title='Restaurants in Zeeland' height=\"446\" width=\"1500\"  itemprop=\"thumbnailUrl\" srcset=\"https:\/\/westkust.nl\/wp-content\/uploads\/2023\/07\/steden-en-dorpen-zeeland-.webp 1500w, https:\/\/westkust.nl\/wp-content\/uploads\/2023\/07\/steden-en-dorpen-zeeland--300x89.webp 300w, https:\/\/westkust.nl\/wp-content\/uploads\/2023\/07\/steden-en-dorpen-zeeland--1030x306.webp 1030w, https:\/\/westkust.nl\/wp-content\/uploads\/2023\/07\/steden-en-dorpen-zeeland--768x228.webp 768w, https:\/\/westkust.nl\/wp-content\/uploads\/2023\/07\/steden-en-dorpen-zeeland--705x210.webp 705w\" sizes=\"(max-width: 1500px) 100vw, 1500px\" \/><\/div><\/div><\/div><br \/>\n<section class=\"av_textblock_section \"  itemscope=\"itemscope\" itemtype=\"https:\/\/schema.org\/CreativeWork\" ><div class='avia_textblock  '   itemprop=\"text\" ><h2>Die besten Restaurants in Zeeland<\/h2>\n<\/div><\/section><\/p><\/div><div class=\"flex_column av_one_half  flex_column_div av-zero-column-padding first  avia-builder-el-3  el_after_av_one_full  el_before_av_one_half  column-top-margin\" style='border-radius:0px; '><section class=\"av_textblock_section \"  itemscope=\"itemscope\" itemtype=\"https:\/\/schema.org\/CreativeWork\" ><div class='avia_textblock  '   itemprop=\"text\" ><h2>In Zoutelande<\/h2>\n<ol>\n<li><a title=\"Eetcaf\u00e9 De Babbel\" href=\"https:\/\/www.eetcafedebabbel.nl\/\" target=\"_blank\" rel=\"noopener\">Eetcaf\u00e9 De Babbel<\/a> &#8211; Dieses gem\u00fctliche Lokal bietet schmackhafte Gerichte. Es befindet sich direkt im Zentrum und in der N\u00e4he der D\u00fcnen, was eine gem\u00fctliche Atmosph\u00e4re schafft.<\/li>\n<li><a title=\"Il Punto Zoutelande\" href=\"https:\/\/www.ilpuntozoutelande.nl\/\" target=\"_blank\" rel=\"noopener\">Il Punto Zoutelande<\/a> -Italienisches Restaurant mit leckeren Nudelgerichten, frisch gebackenen Pizzen sowie Fleisch- und Fischgerichten. Hier gibt es gutes Essen zu einem fairen Preis.<\/li>\n<li><a title=\"Strandpaviljoen De Zeeuwse Rivi\u00e8ra\" href=\"https:\/\/zeeuwseriviera.nl\/\" target=\"_blank\" rel=\"noopener\">Strandpaviljoen De Zeeuwse Rivi\u00e8ra<\/a> &#8211; Genie\u00dfen Sie eine k\u00f6stliche Mahlzeit am Strand mit Blick auf das Meer. Der Strandpavillon bietet eine abwechslungsreiche Speisekarte und ist ein idealer Ort zum Entspannen an einem Tag am Meer.<\/li>\n<\/ol>\n<\/div><\/section><\/div><\/p>\n<div class=\"flex_column av_one_half  flex_column_div av-zero-column-padding   avia-builder-el-5  el_after_av_one_half  avia-builder-el-last  column-top-margin\" style='border-radius:0px; '><section class=\"av_textblock_section \"  itemscope=\"itemscope\" itemtype=\"https:\/\/schema.org\/CreativeWork\" ><div class='avia_textblock  '   itemprop=\"text\" ><h2>In Zeeland<\/h2>\n<ol>\n<li><a title=\"Brasserie De Zeezot\" href=\"https:\/\/www.zeezot.nl\/\" target=\"_blank\" rel=\"noopener\">Brasserie De Zeezot<\/a> (Westkapelle) &#8211; Die gem\u00fctliche Brasserie in Westkappele hat eine umfangreiche Fischkarte. Probieren Sie die leckeren Gerichte mit fangfrischem Fisch und erleben Sie die besondere Gastfreundschaft.<\/li>\n<li><a title=\"Brasserie De Tijd\" href=\"https:\/\/brasseriedetijd.nl\/\" target=\"_blank\" rel=\"noopener\">Brasserie De Tijd<\/a> (Westkapelle) &#8211; Die modern eingerichtete Brasserie in Westkappele bietet eine entspannte Atmosph\u00e4re und eine abwechslungsreiche Speisekarte mit lokalen und internationalen Gerichten.<\/li>\n<li><a title=\"El Fuego\" href=\"https:\/\/www.el-fuego.com\/\" target=\"_blank\" rel=\"noopener\">El Fuego<\/a> (Domburg) &#8211; Ein gro\u00dfartiger Ort, um Gerichte aus der mexikanischen K\u00fcche zu probieren. Fajitas, Tortillas, Tacos und Enchiladas&#8230;. es macht Spa\u00df, die besonderen Leckereien zu entdecken.<\/li>\n<\/ol>\n<\/div><\/section><\/div>\n","protected":false},"excerpt":{"rendered":"","protected":false},"author":3,"featured_media":0,"parent":41182,"menu_order":0,"comment_status":"closed","ping_status":"closed","template":"","meta":{"_acf_changed":false,"footnotes":""},"class_list":["post-41204","page","type-page","status-publish","hentry"],"acf":[],"_links":{"self":[{"href":"https:\/\/westkust.nl\/de\/wp-json\/wp\/v2\/pages\/41204","targetHints":{"allow":["GET"]}}],"collection":[{"href":"https:\/\/westkust.nl\/de\/wp-json\/wp\/v2\/pages"}],"about":[{"href":"https:\/\/westkust.nl\/de\/wp-json\/wp\/v2\/types\/page"}],"author":[{"embeddable":true,"href":"https:\/\/westkust.nl\/de\/wp-json\/wp\/v2\/users\/3"}],"replies":[{"embeddable":true,"href":"https:\/\/westkust.nl\/de\/wp-json\/wp\/v2\/comments?post=41204"}],"version-history":[{"count":5,"href":"https:\/\/westkust.nl\/de\/wp-json\/wp\/v2\/pages\/41204\/revisions"}],"predecessor-version":[{"id":41542,"href":"https:\/\/westkust.nl\/de\/wp-json\/wp\/v2\/pages\/41204\/revisions\/41542"}],"up":[{"embeddable":true,"href":"https:\/\/westkust.nl\/de\/wp-json\/wp\/v2\/pages\/41182"}],"wp:attachment":[{"href":"https:\/\/westkust.nl\/de\/wp-json\/wp\/v2\/media?parent=41204"}],"curies":[{"name":"wp","href":"https:\/\/api.w.org\/{rel}","templated":true}]}}