{"id":41182,"date":"2023-07-28T12:18:01","date_gmt":"2023-07-28T12:18:01","guid":{"rendered":"https:\/\/westkust.nl\/?page_id=41182"},"modified":"2023-08-15T09:53:09","modified_gmt":"2023-08-15T09:53:09","slug":"ausfluege-in-zeeland","status":"publish","type":"page","link":"https:\/\/westkust.nl\/de\/ausfluege-in-zeeland\/","title":{"rendered":"Ausfl\u00fcge in Zeeland"},"content":{"rendered":"<div id='av_section_1'  class='avia-section main_color avia-section-default avia-no-border-styling  avia-bg-style-scroll  avia-builder-el-0  el_before_av_one_fourth  avia-builder-el-first   container_wrap sidebar_right' style=' '  ><div class='container' ><main  role=\"main\" itemprop=\"mainContentOfPage\"  class='template-page content  av-content-small alpha units'><div class='post-entry post-entry-type-page post-entry-41182'><div class='entry-content-wrapper clearfix'>\n<div  class='avia-image-container  av-styling-    avia-builder-el-1  el_before_av_textblock  avia-builder-el-first  avia-align-center '  itemprop=\"image\" itemscope=\"itemscope\" itemtype=\"https:\/\/schema.org\/ImageObject\"  ><div class='avia-image-container-inner'><div class='avia-image-overlay-wrap'><img decoding=\"async\" class='wp-image-40061 avia-img-lazy-loading-not-40061 avia_image' src=\"https:\/\/westkust.nl\/wp-content\/uploads\/2022\/01\/vakantie-zoutelande.jpg\" alt='Urlaub in Zeeland' title='Urlaub in Zeeland' height=\"430\" width=\"1500\"  itemprop=\"thumbnailUrl\" srcset=\"https:\/\/westkust.nl\/wp-content\/uploads\/2022\/01\/vakantie-zoutelande.jpg 1500w, https:\/\/westkust.nl\/wp-content\/uploads\/2022\/01\/vakantie-zoutelande-300x86.jpg 300w, https:\/\/westkust.nl\/wp-content\/uploads\/2022\/01\/vakantie-zoutelande-1030x295.jpg 1030w, https:\/\/westkust.nl\/wp-content\/uploads\/2022\/01\/vakantie-zoutelande-768x220.jpg 768w, https:\/\/westkust.nl\/wp-content\/uploads\/2022\/01\/vakantie-zoutelande-705x202.jpg 705w\" sizes=\"(max-width: 1500px) 100vw, 1500px\" \/><\/div><\/div><\/div>\n<section class=\"av_textblock_section \"  itemscope=\"itemscope\" itemtype=\"https:\/\/schema.org\/CreativeWork\" ><div class='avia_textblock  '   itemprop=\"text\" ><h2>Die sch\u00f6nsten Ausfl\u00fcge in Zeeland<\/h2>\n<\/div><\/section>\n<section class=\"av_textblock_section \"  itemscope=\"itemscope\" itemtype=\"https:\/\/schema.org\/CreativeWork\" ><div class='avia_textblock  '   itemprop=\"text\" ><p>Von Ihrem Ferienhaus oder Ihrer Wohnung in Zoutelande aus k\u00f6nnen Sie die sch\u00f6nsten Ausfl\u00fcge unternehmen. Machen Sie einen Spaziergang am Strand, besuchen Sie einen der vielen M\u00e4rkte oder unternehmen Sie etwas mit den Kindern.<\/p>\n<\/div><\/section>\n<\/div><\/div><\/main><!-- close content main element --><\/div><\/div><div id='after_section_1'  class='main_color av_default_container_wrap container_wrap sidebar_right' style=' '  ><div class='container' ><div class='template-page content  av-content-small alpha units'><div class='post-entry post-entry-type-page post-entry-41182'><div class='entry-content-wrapper clearfix'>\n<div class=\"flex_column av_one_fourth  flex_column_div av-zero-column-padding first  avia-builder-el-4  el_after_av_section  el_before_av_one_fourth  avia-builder-el-first  \" style='border-radius:0px; '><p><div  class='avia-image-container  av-styling-    avia-builder-el-5  el_before_av_textblock  avia-builder-el-first  avia-align-center '  itemprop=\"image\" itemscope=\"itemscope\" itemtype=\"https:\/\/schema.org\/ImageObject\"  ><div class='avia-image-container-inner'><div class='avia-image-overlay-wrap'><img decoding=\"async\" class='wp-image-41097 avia-img-lazy-loading-not-41097 avia_image' src=\"https:\/\/westkust.nl\/wp-content\/uploads\/2023\/07\/wandelen-en-fietsen-zoutelande-300x225.webp\" alt='Wandern und Radfahren in Zeeland' title='Wandern und Radfahren in Zeeland' height=\"225\" width=\"300\"  itemprop=\"thumbnailUrl\" srcset=\"https:\/\/westkust.nl\/wp-content\/uploads\/2023\/07\/wandelen-en-fietsen-zoutelande-300x225.webp 300w, https:\/\/westkust.nl\/wp-content\/uploads\/2023\/07\/wandelen-en-fietsen-zoutelande-768x576.webp 768w, https:\/\/westkust.nl\/wp-content\/uploads\/2023\/07\/wandelen-en-fietsen-zoutelande-705x529.webp 705w, https:\/\/westkust.nl\/wp-content\/uploads\/2023\/07\/wandelen-en-fietsen-zoutelande.webp 1000w\" sizes=\"(max-width: 300px) 100vw, 300px\" \/><\/div><\/div><\/div><br \/>\n<section class=\"av_textblock_section \"  itemscope=\"itemscope\" itemtype=\"https:\/\/schema.org\/CreativeWork\" ><div class='avia_textblock  '   itemprop=\"text\" ><h2 style=\"text-align: center;\">Wandern und Radfahren<\/h2>\n<p style=\"text-align: center;\">Wandern und Radfahren in Zeeland ist wunderbar! In der Umgebung finden Sie viele sch\u00f6ne Wege und Touren.<\/p>\n<\/div><\/section><br \/>\n<div  style='height:43px' class='hr hr-invisible   avia-builder-el-7  el_after_av_textblock  el_before_av_button '><span class='hr-inner ' ><span class='hr-inner-style'><\/span><\/span><\/div><br \/>\n<div  class='avia-button-wrap avia-button-center  avia-builder-el-8  el_after_av_hr  avia-builder-el-last ' ><a href='https:\/\/westkust.nl\/de\/ausfluege-in-zeeland\/wandern-in-zeeland\/'  class='avia-button  avia-color-theme-color   avia-icon_select-yes-left-icon avia-size-small avia-position-center '   ><span class='avia_button_icon avia_button_icon_left ' aria-hidden='true' data-av_icon='\ue841' data-av_iconfont='entypo-fontello'><\/span><span class='avia_iconbox_title' >Radfahren und Wandern<\/span><\/a><\/div><\/p><\/div><div class=\"flex_column av_one_fourth  flex_column_div av-zero-column-padding   avia-builder-el-9  el_after_av_one_fourth  el_before_av_one_fourth  \" style='border-radius:0px; '><p><div  class='avia-image-container  av-styling-    avia-builder-el-10  el_before_av_textblock  avia-builder-el-first  avia-align-center '  itemprop=\"image\" itemscope=\"itemscope\" itemtype=\"https:\/\/schema.org\/ImageObject\"  ><div class='avia-image-container-inner'><div class='avia-image-overlay-wrap'><img decoding=\"async\" class='wp-image-41103 avia-img-lazy-loading-not-41103 avia_image' src=\"https:\/\/westkust.nl\/wp-content\/uploads\/2023\/07\/activiteiten-met-kinderen-zeeland-300x225.webp\" alt='Familienausfl\u00fcge in Zeeland' title='Familienausfl\u00fcge in Zeeland' height=\"225\" width=\"300\"  itemprop=\"thumbnailUrl\" srcset=\"https:\/\/westkust.nl\/wp-content\/uploads\/2023\/07\/activiteiten-met-kinderen-zeeland-300x225.webp 300w, https:\/\/westkust.nl\/wp-content\/uploads\/2023\/07\/activiteiten-met-kinderen-zeeland-768x576.webp 768w, https:\/\/westkust.nl\/wp-content\/uploads\/2023\/07\/activiteiten-met-kinderen-zeeland-705x529.webp 705w, https:\/\/westkust.nl\/wp-content\/uploads\/2023\/07\/activiteiten-met-kinderen-zeeland.webp 1000w\" sizes=\"(max-width: 300px) 100vw, 300px\" \/><\/div><\/div><\/div><br \/>\n<section class=\"av_textblock_section \"  itemscope=\"itemscope\" itemtype=\"https:\/\/schema.org\/CreativeWork\" ><div class='avia_textblock  '   itemprop=\"text\" ><h2 style=\"text-align: center;\">Familien- ausfl\u00fcge<\/h2>\n<p style=\"text-align: center;\">Hier finden Sie die besten Freizeitparks und -aktivit\u00e4ten f\u00fcr Kinder in der N\u00e4he Ihres Ferienhauses in Zeeland. Schaffen Sie gemeinsam mit Ihren Kindern die sch\u00f6nsten Urlaubserinnerungen.<\/p>\n<\/div><\/section><br \/>\n<div  class='avia-button-wrap avia-button-center  avia-builder-el-12  el_after_av_textblock  avia-builder-el-last ' ><a href='https:\/\/westkust.nl\/de\/ausfluege-in-zeeland\/zeeland-mit-kindern\/'  class='avia-button  avia-color-theme-color   avia-icon_select-yes-left-icon avia-size-small avia-position-center '   ><span class='avia_button_icon avia_button_icon_left ' aria-hidden='true' data-av_icon='\ue8fe' data-av_iconfont='entypo-fontello'><\/span><span class='avia_iconbox_title' >Zeeland mit Kindern<\/span><\/a><\/div><\/p><\/div><\/p>\n<div class=\"flex_column av_one_fourth  flex_column_div av-zero-column-padding   avia-builder-el-13  el_after_av_one_fourth  el_before_av_one_fourth  \" style='border-radius:0px; '><p><div  class='avia-image-container  av-styling-    avia-builder-el-14  el_before_av_textblock  avia-builder-el-first  avia-align-center '  itemprop=\"image\" itemscope=\"itemscope\" itemtype=\"https:\/\/schema.org\/ImageObject\"  ><div class='avia-image-container-inner'><div class='avia-image-overlay-wrap'><img decoding=\"async\" class='wp-image-41099 avia-img-lazy-loading-not-41099 avia_image' src=\"https:\/\/westkust.nl\/wp-content\/uploads\/2023\/07\/stranden-zeeland-300x225.webp\" alt='D\u00f6rfer in Zeeland' title='D\u00f6rfer in Zeeland' height=\"225\" width=\"300\"  itemprop=\"thumbnailUrl\" srcset=\"https:\/\/westkust.nl\/wp-content\/uploads\/2023\/07\/stranden-zeeland-300x225.webp 300w, https:\/\/westkust.nl\/wp-content\/uploads\/2023\/07\/stranden-zeeland-768x576.webp 768w, https:\/\/westkust.nl\/wp-content\/uploads\/2023\/07\/stranden-zeeland-705x529.webp 705w, https:\/\/westkust.nl\/wp-content\/uploads\/2023\/07\/stranden-zeeland.webp 1000w\" sizes=\"(max-width: 300px) 100vw, 300px\" \/><\/div><\/div><\/div><br \/>\n<section class=\"av_textblock_section \"  itemscope=\"itemscope\" itemtype=\"https:\/\/schema.org\/CreativeWork\" ><div class='avia_textblock  '   itemprop=\"text\" ><h2 style=\"text-align: center;\">Durch D\u00f6rfer bummeln<\/h2>\n<p style=\"text-align: center;\">Besuchen Sie einen Sommermarkt, entdecken Sie die Kultur oder schlendern Sie entlang gem\u00fctlicher Caf\u00e9s. Wir haben die besten Orte in Zeeland f\u00fcr Sie zusammengestellt.<\/p>\n<\/div><\/section><br \/>\n<div  class='avia-button-wrap avia-button-center  avia-builder-el-16  el_after_av_textblock  avia-builder-el-last ' ><a href='https:\/\/westkust.nl\/de\/ausfluege-in-zeeland\/staedte-und-doerfer\/'  class='avia-button  avia-color-theme-color   avia-icon_select-yes-left-icon avia-size-small avia-position-center '   ><span class='avia_button_icon avia_button_icon_left ' aria-hidden='true' data-av_icon='\ue842' data-av_iconfont='entypo-fontello'><\/span><span class='avia_iconbox_title' >D\u00f6rfer und St\u00e4dte in Zeeland<\/span><\/a><\/div><\/p><\/div>\n<div class=\"flex_column av_one_fourth  flex_column_div av-zero-column-padding   avia-builder-el-17  el_after_av_one_fourth  avia-builder-el-last  \" style='border-radius:0px; '><p><div  class='avia-image-container  av-styling-    avia-builder-el-18  el_before_av_textblock  avia-builder-el-first  avia-align-center '  itemprop=\"image\" itemscope=\"itemscope\" itemtype=\"https:\/\/schema.org\/ImageObject\"  ><div class='avia-image-container-inner'><div class='avia-image-overlay-wrap'><img decoding=\"async\" class='wp-image-41101 avia-img-lazy-loading-not-41101 avia_image' src=\"https:\/\/westkust.nl\/wp-content\/uploads\/2023\/07\/restaurants-zeeland-300x225.webp\" alt='Restaurants Zeeland' title='restaurants-zeeland' height=\"225\" width=\"300\"  itemprop=\"thumbnailUrl\" srcset=\"https:\/\/westkust.nl\/wp-content\/uploads\/2023\/07\/restaurants-zeeland-300x225.webp 300w, https:\/\/westkust.nl\/wp-content\/uploads\/2023\/07\/restaurants-zeeland-768x576.webp 768w, https:\/\/westkust.nl\/wp-content\/uploads\/2023\/07\/restaurants-zeeland-705x529.webp 705w, https:\/\/westkust.nl\/wp-content\/uploads\/2023\/07\/restaurants-zeeland.webp 1000w\" sizes=\"(max-width: 300px) 100vw, 300px\" \/><\/div><\/div><\/div><br \/>\n<section class=\"av_textblock_section \"  itemscope=\"itemscope\" itemtype=\"https:\/\/schema.org\/CreativeWork\" ><div class='avia_textblock  '   itemprop=\"text\" ><h2 style=\"text-align: center;\">Restaurants und Caf\u00e9s<\/h2>\n<p style=\"text-align: center;\">Wie w\u00e4re es mit Mittagessen, Brunch oder einem gemeinsamen Abendessen in Zeeland? Hier finden Sie die besten Restaurants, Strandpavillons und Imbissbuden in Zeeland.<\/p>\n<\/div><\/section><br \/>\n<div  class='avia-button-wrap avia-button-center  avia-builder-el-20  el_after_av_textblock  avia-builder-el-last ' ><a href='https:\/\/westkust.nl\/de\/ausfluege-in-zeeland\/restaurants-in-zeeland\/'  class='avia-button  avia-color-theme-color   avia-icon_select-yes-left-icon avia-size-small avia-position-center '   ><span class='avia_button_icon avia_button_icon_left ' aria-hidden='true' data-av_icon='\ue808' data-av_iconfont='entypo-fontello'><\/span><span class='avia_iconbox_title' >Restaurants in Zeeland<\/span><\/a><\/div><\/p><\/div>\n","protected":false},"excerpt":{"rendered":"","protected":false},"author":3,"featured_media":0,"parent":0,"menu_order":0,"comment_status":"closed","ping_status":"closed","template":"","meta":{"_acf_changed":false,"footnotes":""},"class_list":["post-41182","page","type-page","status-publish","hentry"],"acf":[],"_links":{"self":[{"href":"https:\/\/westkust.nl\/de\/wp-json\/wp\/v2\/pages\/41182","targetHints":{"allow":["GET"]}}],"collection":[{"href":"https:\/\/westkust.nl\/de\/wp-json\/wp\/v2\/pages"}],"about":[{"href":"https:\/\/westkust.nl\/de\/wp-json\/wp\/v2\/types\/page"}],"author":[{"embeddable":true,"href":"https:\/\/westkust.nl\/de\/wp-json\/wp\/v2\/users\/3"}],"replies":[{"embeddable":true,"href":"https:\/\/westkust.nl\/de\/wp-json\/wp\/v2\/comments?post=41182"}],"version-history":[{"count":13,"href":"https:\/\/westkust.nl\/de\/wp-json\/wp\/v2\/pages\/41182\/revisions"}],"predecessor-version":[{"id":41280,"href":"https:\/\/westkust.nl\/de\/wp-json\/wp\/v2\/pages\/41182\/revisions\/41280"}],"wp:attachment":[{"href":"https:\/\/westkust.nl\/de\/wp-json\/wp\/v2\/media?parent=41182"}],"curies":[{"name":"wp","href":"https:\/\/api.w.org\/{rel}","templated":true}]}}