{"id":40363,"date":"2023-05-23T15:10:32","date_gmt":"2023-05-23T15:10:32","guid":{"rendered":"https:\/\/westkust.nl\/?page_id=40363"},"modified":"2025-05-05T07:47:20","modified_gmt":"2025-05-05T07:47:20","slug":"ferienhaus-in-zeeland","status":"publish","type":"page","link":"https:\/\/westkust.nl\/de\/ferienhaus-in-zeeland\/","title":{"rendered":"Ferienhaus in Zeeland"},"content":{"rendered":"<div class=\"flex_column av_one_full  flex_column_div av-zero-column-padding first  avia-builder-el-0  el_before_av_button  avia-builder-el-first  \" style='border-radius:0px; '><section class=\"av_textblock_section \"  itemscope=\"itemscope\" itemtype=\"https:\/\/schema.org\/CreativeWork\" ><div class='avia_textblock  '  style='font-size:16px; '  itemprop=\"text\" ><h1><b>Entdecken Sie Ihr traumhaftes Ferienhaus in Zeeland mit Westkust Holidays<\/b><\/h1>\n<p>Zeeland ist ein ideales Reiseziel f\u00fcr alle, die eine entspannte Auszeit am Meer suchen. Endlose Sandstr\u00e4nde, gem\u00fctliche K\u00fcstenorte und eine weitl\u00e4ufige Natur machen die Region perfekt f\u00fcr lange Spazierg\u00e4nge, Radtouren oder einfach zum Abschalten.<\/p>\n<p>Ein <strong>Ferienhaus in Zeeland<\/strong> bietet Ihnen die Freiheit, Ihren Urlaub ganz nach Ihren W\u00fcnschen zu gestalten. Ob direkt am Strand, in einem ruhigen Dorf oder mit Garten und Terrasse \u2013 bei <strong>Westkust Holidays<\/strong> finden Sie eine gro\u00dfe Auswahl an Unterk\u00fcnften f\u00fcr Paare, Familien und Gruppen. Schauen Sie sich unser Angebot an und planen Sie Ihren n\u00e4chsten Zeeland-Urlaub!<\/p>\n<\/div><\/section><\/div>\n<div  class='avia-button-wrap avia-button-center  avia-builder-el-2  el_after_av_one_full  el_before_av_hr ' ><a href=\"https:\/\/westkust.nl\/de\/unsere-unterkuenfte\/\" class=\"avia-button  avia-color-theme-color   avia-icon_select-yes-left-icon avia-size-small avia-position-center \"><span class='avia_button_icon avia_button_icon_left ' aria-hidden='true' data-av_icon='\ue821' data-av_iconfont='entypo-fontello'><\/span><span class='avia_iconbox_title' >Unsere Ferienh\u00e4user ansehen<\/span><\/a><\/div>\n<div   class='hr hr-default   avia-builder-el-3  el_after_av_button  el_before_av_one_half '><span class='hr-inner ' ><span class='hr-inner-style'><\/span><\/span><\/div>\n<div class=\"flex_column av_one_half  flex_column_div av-zero-column-padding first  avia-builder-el-4  el_after_av_hr  el_before_av_one_half  \" style='border-radius:0px; '><section class=\"av_textblock_section \"  itemscope=\"itemscope\" itemtype=\"https:\/\/schema.org\/CreativeWork\" ><div class='avia_textblock  '  style='font-size:16px; '  itemprop=\"text\" ><h2><span style=\"font-weight: 600;\">Erstklassige Ferienh\u00e4user an Zeelands Westk\u00fcste<\/span><\/h2>\n<p><span style=\"font-weight: 400;\">Unsere Ferienh\u00e4user in Zeeland zeichnen sich durch ihre erstklassige Lage und ihre hochwertige Ausstattung aus. Egal, ob Sie eine <a href=\"https:\/\/westkust.nl\/de\/zoutelande-zentrum\/\">gem\u00fctliche Wohnung direkt im Ortszentrum<\/a>, ein <a href=\"https:\/\/westkust.nl\/de\/zandput\/\">Ferienhaus mit Garten im idyllischen Hinterland<\/a> oder eine moderne Villa mit hochwertiger Einrichtung suchen &#8211; bei Westkust Holidays finden Sie garantiert die passende Unterkunft f\u00fcr Ihre Bed\u00fcrfnisse.<\/span><\/p>\n<h2><span style=\"font-weight: 600;\"><img loading=\"lazy\" decoding=\"async\" class=\"alignnone wp-image-40367\" src=\"https:\/\/westkust.nl\/wp-content\/uploads\/2023\/05\/ferienhaus-zeeland-westkust-zandput-36-300x214.jpg\" alt=\"Ferienhaus in Zeeland von Westkust Holidays\" width=\"500\" height=\"357\" srcset=\"https:\/\/westkust.nl\/wp-content\/uploads\/2023\/05\/ferienhaus-zeeland-westkust-zandput-36-300x214.jpg 300w, https:\/\/westkust.nl\/wp-content\/uploads\/2023\/05\/ferienhaus-zeeland-westkust-zandput-36-768x549.jpg 768w, https:\/\/westkust.nl\/wp-content\/uploads\/2023\/05\/ferienhaus-zeeland-westkust-zandput-36-260x185.jpg 260w, https:\/\/westkust.nl\/wp-content\/uploads\/2023\/05\/ferienhaus-zeeland-westkust-zandput-36-705x504.jpg 705w, https:\/\/westkust.nl\/wp-content\/uploads\/2023\/05\/ferienhaus-zeeland-westkust-zandput-36.jpg 980w\" sizes=\"auto, (max-width: 500px) 100vw, 500px\" \/><\/span><\/h2>\n<h4>Ferienhaus Zandput 36<\/h4>\n<p><span style=\"font-weight: 400;\">Sehen Sie sich beispielsweise das gem\u00fctliche Haus <\/span><a href=\"https:\/\/westkust.nl\/de\/accommodatie-item\/zandput-36\/#verblijf\"><span style=\"font-weight: 400;\">Zandput 36<\/span><\/a><span style=\"font-weight: 400;\"> f\u00fcr 4 Personen an. Es liegt in einer ruhigen Ecke eines Bungalowparks und bietet Ausblick auf den Leuchtturm von Westkapelle.\u00a0<\/span><\/p>\n<p><strong>Ausstattung:<\/strong><\/p>\n<ul>\n<li style=\"font-weight: 400;\" aria-level=\"1\"><span style=\"font-weight: 400;\">Holzkamin f\u00fcr gem\u00fctliche Abende<\/span><\/li>\n<li style=\"font-weight: 400;\" aria-level=\"1\"><span style=\"font-weight: 400;\">sonnige und windgesch\u00fctzte Terrasse<\/span><\/li>\n<li style=\"font-weight: 400;\" aria-level=\"1\"><span style=\"font-weight: 400;\">Steingrill im gro\u00dfen Garten<\/span><\/li>\n<li style=\"font-weight: 400;\" aria-level=\"1\"><span style=\"font-weight: 400;\">zwei Schlafzimmer<\/span><\/li>\n<li style=\"font-weight: 400;\" aria-level=\"1\"><span style=\"font-weight: 400;\">voll ausgestattete K\u00fcche<\/span><\/li>\n<li style=\"font-weight: 400;\" aria-level=\"1\"><span style=\"font-weight: 400;\">Waschmaschine<\/span><\/li>\n<li style=\"font-weight: 400;\" aria-level=\"1\"><span style=\"font-weight: 400;\">WLAN<\/span><\/li>\n<li style=\"font-weight: 400;\" aria-level=\"1\"><span style=\"font-weight: 400;\">Leihfahrr\u00e4der inklusive<\/span><\/li>\n<\/ul>\n<h4>Bungalow Branding<\/h4>\n<p><span style=\"font-weight: 400;\">Ein anderes Beispiel ist der moderne<\/span><a href=\"https:\/\/westkust.nl\/de\/accommodatie-item\/branding-19\/\"><span style=\"font-weight: 400;\"> Bungalow Branding 19<\/span><\/a><span style=\"font-weight: 400;\">\u00a0f\u00fcr 6 Personen mit eigenen Garten. Er ist ideal f\u00fcr aktive Familien, da er direkt an einen Spielplatz und Volleyball- und Fu\u00dfballfeld grenzt. Zum Strand sind es nur wenige hundert Meter.<\/span><\/p>\n<p><strong>Ausstattung:<\/strong><\/p>\n<ul>\n<li style=\"font-weight: 400;\" aria-level=\"1\"><span style=\"font-weight: 400;\">k\u00fcrzlich renoviert und sehr gepflegt<\/span><\/li>\n<li style=\"font-weight: 400;\" aria-level=\"1\"><span style=\"font-weight: 400;\">Schiebet\u00fcren zum wundersch\u00f6nen Garten<\/span><\/li>\n<li style=\"font-weight: 400;\" aria-level=\"1\"><span style=\"font-weight: 400;\">3 Schlafzimmer\u00a0<\/span><\/li>\n<li style=\"font-weight: 400;\" aria-level=\"1\"><span style=\"font-weight: 400;\">Luxus-K\u00fcche mit Geschirrsp\u00fcler und Mikrowelle<\/span><\/li>\n<li style=\"font-weight: 400;\" aria-level=\"1\"><span style=\"font-weight: 400;\">Bad mit Badewanne<\/span><\/li>\n<li style=\"font-weight: 400;\" aria-level=\"1\"><span style=\"font-weight: 400;\">Waschmaschine<\/span><\/li>\n<li style=\"font-weight: 400;\" aria-level=\"1\"><span style=\"font-weight: 400;\">separate Toilette<\/span><\/li>\n<li style=\"font-weight: 400;\" aria-level=\"1\"><span style=\"font-weight: 400;\">WLAN<\/span><\/li>\n<\/ul>\n<p>Sie m\u00f6chten lieber ein kleineres <a href=\"https:\/\/westkust.nl\/de\/apartment-zoutelande\/\/\">Apartment in Zoutelande<\/a> mieten? Wir haben auch direkt im Ort eine Anzahl sch\u00f6ner Ferienwohnungen!<\/p>\n<\/div><\/section><br \/>\n<div  class='avia-button-wrap avia-button-center  avia-builder-el-6  el_after_av_textblock  avia-builder-el-last ' ><a href='https:\/\/westkust.nl\/de\/unsere-unterkuenfte\/'  class='avia-button  avia-color-theme-color   avia-icon_select-no avia-size-small avia-position-center '   ><span class='avia_iconbox_title' >Alle Ferienh\u00e4user entdecken<\/span><\/a><\/div><\/p><\/div><div class=\"flex_column av_one_half  flex_column_div av-zero-column-padding   avia-builder-el-7  el_after_av_one_half  el_before_av_hr  \" style='border-radius:0px; '><p><div  class='avia-image-container  av-styling-    avia-builder-el-8  el_before_av_textblock  avia-builder-el-first  avia-align-center '  itemprop=\"image\" itemscope=\"itemscope\" itemtype=\"https:\/\/schema.org\/ImageObject\"  ><div class='avia-image-container-inner'><div class='avia-image-overlay-wrap'><img decoding=\"async\" class='wp-image-40365 avia-img-lazy-loading-not-40365 avia_image' src=\"https:\/\/westkust.nl\/wp-content\/uploads\/2023\/05\/ferienhaus-zeeland-zoutelande-westkust-495x400.jpg\" alt='Urlaub im Ferienhaus in Zeeland' title='ferienhaus in zeeland zoutelande westkust' height=\"400\" width=\"495\"  itemprop=\"thumbnailUrl\" srcset=\"https:\/\/westkust.nl\/wp-content\/uploads\/2023\/05\/ferienhaus-zeeland-zoutelande-westkust-495x400.jpg 495w, https:\/\/westkust.nl\/wp-content\/uploads\/2023\/05\/ferienhaus-zeeland-zoutelande-westkust-845x684.jpg 845w\" sizes=\"(max-width: 495px) 100vw, 495px\" \/><\/div><\/div><\/div><br \/>\n<section class=\"av_textblock_section \"  itemscope=\"itemscope\" itemtype=\"https:\/\/schema.org\/CreativeWork\" ><div class='avia_textblock  '  style='font-size:16px; '  itemprop=\"text\" ><h2><span style=\"font-weight: 600;\">Urlaub in Zeeland: vielf\u00e4ltige Aktivit\u00e4ten<\/span><\/h2>\n<p><span style=\"font-weight: 400;\">Zeeland bietet eine Vielzahl von Aktivit\u00e4ten und Attraktionen, die Ihren Urlaub unvergesslich machen. Erkunden Sie die malerischen K\u00fcstenorte, unternehmen Sie ausgedehnte Strandspazierg\u00e4nge oder entdecken Sie die faszinierende Unterwasserwelt beim Tauchen. Auch f\u00fcr Wassersportbegeisterte gibt es zahlreiche M\u00f6glichkeiten wie Segeln, Surfen oder Kitesurfen. Genie\u00dfen Sie die regionale K\u00fcche und probieren Sie k\u00f6stliche Meeresfr\u00fcchte in den gem\u00fctlichen Restaurants.<\/span><\/p>\n<\/div><\/section><br \/>\n<div  class='avia-button-wrap avia-button-center  avia-builder-el-10  el_after_av_textblock  el_before_av_hr ' ><a href='https:\/\/westkust.nl\/de\/ausfluege-in-zeeland\/'  class='avia-button  avia-color-theme-color   avia-icon_select-no avia-size-small avia-position-center '   ><span class='avia_iconbox_title' >Mehr Ausflugstipps lesen <\/span><\/a><\/div><br \/>\n<div  style='height:50px' class='hr hr-invisible   avia-builder-el-11  el_after_av_button  el_before_av_textblock '><span class='hr-inner ' ><span class='hr-inner-style'><\/span><\/span><\/div><br \/>\n<section class=\"av_textblock_section \"  itemscope=\"itemscope\" itemtype=\"https:\/\/schema.org\/CreativeWork\" ><div class='avia_textblock  '  style='font-size:16px; '  itemprop=\"text\" ><h3><b>Lage im beliebten Urlaubsort Zoutelande<\/b><\/h3>\n<p><a href=\"https:\/\/zoutelande.info\/de\/zoutelande.php\" target=\"_blank\" rel=\"noopener\"><span style=\"font-weight: 400;\">Zoutelande<\/span><\/a>\u00a0z\u00e4hlt zu den beliebtesten Urlaubszielen in Zeeland. Der K\u00fcstenort liegt direkt an einem der wenigen S\u00fcdst\u00e4nde der Niederlande und bietet ideale Bedingungen f\u00fcr einen entspannten Urlaub am Meer. Der feine Sandstrand erstreckt sich kilometerweit und l\u00e4dt zu ausgedehnten Spazierg\u00e4ngen, entspannten Tagen in der Sonne oder Wassersportaktivit\u00e4ten ein.<\/p>\n<p data-start=\"435\" data-end=\"872\" data-is-last-node=\"\" data-is-only-node=\"\">Neben der attraktiven Lage punktet Zoutelande mit einer charmanten Dorfatmosph\u00e4re. Kleine Gesch\u00e4fte, Caf\u00e9s und Restaurants sorgen f\u00fcr eine gem\u00fctliche Umgebung, in der man sich schnell wohlf\u00fchlt. Von Ihrer Ferienwohnung aus erreichen Sie nicht nur den Strand in wenigen Minuten, sondern auch alle wichtigen Einrichtungen des Ortes. Ein Urlaub in Zoutelande verbindet Erholung am Meer mit dem Komfort eines gut ausgestatteten Urlaubsortes.<\/p>\n<h2><span style=\"font-weight: 600;\">Ferienhaus Zeeland buchen bei Westkust Holiday<\/span><\/h2>\n<p><span style=\"font-weight: 400;\">Warum sollten Sie Ihr Ferienhaus in Zeeland bei Westkust Holidays buchen? Wir bieten Ihnen zahlreiche Vorteile, die Ihren Aufenthalt noch angenehmer machen. Unser Buchungsprozess ist einfach und bequem &#8211; Sie k\u00f6nnen Ihr Ferienhaus direkt \u00fcber unsere Webseite buchen. Zudem stehen wir Ihnen jederzeit zur Verf\u00fcgung, um Ihre Fragen zu beantworten und Ihnen bei der Auswahl des perfekten Feriendomizils zu helfen.<\/span><\/p>\n<h3><b>Unser Service f\u00fcr einen sorgenfreien Urlaub<\/b><\/h3>\n<p><span style=\"font-weight: 400;\">Bei Westkust Holidays legen wir gro\u00dfen Wert auf Kundenzufriedenheit. Unser freundliches und kompetentes Team steht Ihnen w\u00e4hrend Ihres Aufenthalts gerne zur Verf\u00fcgung, um sicherzustellen, dass Ihr Urlaub in Zeeland unvergesslich wird.<\/span><\/p>\n<\/div><\/section><\/p><\/div><\/p>\n<div  style='height:50px' class='hr hr-invisible   avia-builder-el-13  el_after_av_one_half  el_before_av_textblock '><span class='hr-inner ' ><span class='hr-inner-style'><\/span><\/span><\/div>\n<section class=\"av_textblock_section \"  itemscope=\"itemscope\" itemtype=\"https:\/\/schema.org\/CreativeWork\" ><div class='avia_textblock  '  style='font-size:16px; '  itemprop=\"text\" ><h2><span style=\"font-weight: 600;\">Traumurlaub in Ihrem Ferienhaus in Zeeland buchen<\/span><\/h2>\n<p><span style=\"font-weight: 400;\">Buchen Sie noch heute Ihr Traum-Ferienhaus in Zeeland bei Westkust Holidays und freuen Sie sich auf eine erholsame und unvergessliche Zeit an der Zeel\u00e4ndischen K\u00fcste. Wir freuen uns darauf, Sie bei uns begr\u00fc\u00dfen zu d\u00fcrfen!<\/span><\/p>\n<\/div><\/section>\n<div  class='avia-button-wrap avia-button-center  avia-builder-el-15  el_after_av_textblock  avia-builder-el-last ' ><a href=\"https:\/\/westkust.nl\/de\/unsere-unterkuenfte\/\" class=\"avia-button  avia-color-theme-color   avia-icon_select-yes-left-icon avia-size-small avia-position-center \"><span class='avia_button_icon avia_button_icon_left ' aria-hidden='true' data-av_icon='\ue881' data-av_iconfont='entypo-fontello'><\/span><span class='avia_iconbox_title' >Jetzt Urlaub buchen<\/span><\/a><\/div>\n","protected":false},"excerpt":{"rendered":"","protected":false},"author":3,"featured_media":0,"parent":0,"menu_order":0,"comment_status":"closed","ping_status":"closed","template":"","meta":{"_acf_changed":false,"footnotes":""},"class_list":["post-40363","page","type-page","status-publish","hentry"],"acf":[],"_links":{"self":[{"href":"https:\/\/westkust.nl\/de\/wp-json\/wp\/v2\/pages\/40363","targetHints":{"allow":["GET"]}}],"collection":[{"href":"https:\/\/westkust.nl\/de\/wp-json\/wp\/v2\/pages"}],"about":[{"href":"https:\/\/westkust.nl\/de\/wp-json\/wp\/v2\/types\/page"}],"author":[{"embeddable":true,"href":"https:\/\/westkust.nl\/de\/wp-json\/wp\/v2\/users\/3"}],"replies":[{"embeddable":true,"href":"https:\/\/westkust.nl\/de\/wp-json\/wp\/v2\/comments?post=40363"}],"version-history":[{"count":12,"href":"https:\/\/westkust.nl\/de\/wp-json\/wp\/v2\/pages\/40363\/revisions"}],"predecessor-version":[{"id":43748,"href":"https:\/\/westkust.nl\/de\/wp-json\/wp\/v2\/pages\/40363\/revisions\/43748"}],"wp:attachment":[{"href":"https:\/\/westkust.nl\/de\/wp-json\/wp\/v2\/media?parent=40363"}],"curies":[{"name":"wp","href":"https:\/\/api.w.org\/{rel}","templated":true}]}}