{"id":337,"date":"2022-01-21T10:54:22","date_gmt":"2022-01-21T10:54:22","guid":{"rendered":"https:\/\/www.westkust.3wstaging.nl\/?page_id=337"},"modified":"2025-02-11T10:26:37","modified_gmt":"2025-02-11T10:26:37","slug":"stornierungsbedingungen","status":"publish","type":"page","link":"https:\/\/westkust.nl\/de\/stornierungsbedingungen\/","title":{"rendered":"Stornierungsbedingungen"},"content":{"rendered":"<div id='av_section_1'  class='avia-section main_color avia-section-default avia-no-border-styling  avia-bg-style-scroll  avia-builder-el-0  avia-builder-el-no-sibling   container_wrap sidebar_right' style=' '  ><div class='container' ><main  role=\"main\" itemprop=\"mainContentOfPage\"  class='template-page content  av-content-small alpha units'><div class='post-entry post-entry-type-page post-entry-337'><div class='entry-content-wrapper clearfix'>\n<div class=\"flex_column av_one_full  flex_column_div av-zero-column-padding first  avia-builder-el-1  avia-builder-el-no-sibling  \" style='border-radius:0px; '><section class=\"av_textblock_section \"  itemscope=\"itemscope\" itemtype=\"https:\/\/schema.org\/CreativeWork\" ><div class='avia_textblock  '   itemprop=\"text\" ><h3>Zahlung und Reservierung<\/h3>\n<div class=\"group w-full text-gray-800 dark:text-gray-100 border-b border-black\/10 dark:border-gray-900\/50 bg-gray-50 dark:bg-&#091;#444654&#093; sm:AIPRM__conversation__response\">\n<div class=\"flex p-4 gap-4 text-base md:gap-6 md:max-w-2xl lg:max-w-xl xl:max-w-3xl md:py-6 lg:px-0 m-auto\">\n<div class=\"relative flex w-&#091;calc(100%-50px)&#093; flex-col gap-1 md:gap-3 lg:w-&#091;calc(100%-115px)&#093;\">\n<div class=\"flex flex-grow flex-col gap-3\">\n<div class=\"min-h-&#091;20px&#093; flex flex-col items-start gap-4 whitespace-pre-wrap break-words\">\n<div class=\"markdown prose w-full break-words dark:prose-invert light AIPRM__conversation__response\">\n<p>Nach dem Versenden des Mietvertrags haben Sie 10 Tage Zeit, um eine Zahlung in H\u00f6he von 50% des Gesamtbetrags vorzunehmen. Sobald diese Zahlung erfolgt ist, ist Ihre Reservierung best\u00e4tigt. Sollten wir innerhalb dieser 10 Tage keine Zahlung erhalten, setzen wir uns mit Ihnen in Verbindung. Falls nach Ablauf der 10 Tage weiterhin keine Zahlung erfolgt, wird die Reservierung storniert. Die zweite Zahlung \u00fcber den Restbetrag in H\u00f6he von 50% muss sp\u00e4testens 10 Tage vor Ihrer Ankunft eingegangen sein.<\/p>\n<h3>Stornierungskosten<\/h3>\n<\/div>\n<\/div>\n<\/div>\n<\/div>\n<\/div>\n<\/div>\n<p>Die Stornierung einer vorhandenen Buchung ist m\u00f6glich, wenn Sie eine Stornierungsversicherung (5% des Mietbetrags) abgeschlossen haben. Es fallen dann folgende Stornierungsgeb\u00fchren an:<\/p>\n<ul>\n<li>Bei einer Stornierung mehr als 3 Monate vor der Ankunft erfolgt eine R\u00fcckzahlung von 25% des Mietbetrags.<\/li>\n<li>Bei einer Stornierung zwischen 3 und 1 Monat vor der Ankunft erfolgt eine R\u00fcckzahlung von 50% des Mietbetrags.<\/li>\n<li>Bei einer Stornierung zwischen 1 Monat und einer Woche vor der Ankunft erfolgt eine R\u00fcckzahlung von 75% des Mietbetrags.<\/li>\n<li>Bei einer Stornierung weniger als eine Woche vor der Ankunft erfolgt keine R\u00fcckzahlung (100% des Mietbetrags werden einbehalten).<\/li>\n<\/ul>\n<p>Die genannten R\u00fcckzahlungsbedingungen in Bezug auf die Stornierung von Mietvertr\u00e4gen basieren auf den Richtlinien der ANVR (Allgemeiner Niederl\u00e4ndischer Verband der Reiseunternehmen).<\/p>\n<h3>Stornierungsbedingungen<\/h3>\n<p>Bitte melden Sie sich umgehend bei Westkust und reichen Sie schriftliche Nachweise ein, wenn Sie in folgenden F\u00e4llen stornieren m\u00f6chten:<\/p>\n<ul>\n<li>Schwere Krankheit, Todesfall oder schwere Verletzung<\/li>\n<li>Arbeitslosigkeit<\/li>\n<\/ul>\n<p>Bitte beachten Sie, dass bei fehlender Teilnahme an der Stornierungsversicherung keine R\u00fcckerstattung der Mietgelder erfolgt.<\/p>\n<h3>Stornierung in Zusammenhang mit Corona<\/h3>\n<ul>\n<li>Im Falle einer Stornierung aufgrund von Corona (Covid-19) erfolgt die Stornierung\u00a0<strong>auf eigenes Risiko<\/strong>\u00a0und es erfolgt<strong>\u00a0keine R\u00fcckerstattung des Mietbetrags<\/strong>.<\/li>\n<li>Wir empfehlen Ihnen dringend, eine eigene Versicherung abzuschlie\u00dfen, da dies nicht durch die Annulierungsversicherung von Westkust abgedeckt wird.<\/li>\n<li>Eine beh\u00f6rdlich angeordnete Einschr\u00e4nkung der maximal zul\u00e4ssigen Personen in einer (Ferien-)Unterkunft gilt NICHT als Grund f\u00fcr eine Stornierung.<\/li>\n<\/ul>\n<\/div><\/section><\/div><\/div><\/div><\/main><!-- close content main element --><\/div><\/div><div id='after_section_1'  class='main_color av_default_container_wrap container_wrap sidebar_right' style=' '  ><div class='container' ><div class='template-page content  av-content-small alpha units'><div class='post-entry post-entry-type-page post-entry-337'><div class='entry-content-wrapper clearfix'>\n","protected":false},"excerpt":{"rendered":"","protected":false},"author":1,"featured_media":0,"parent":0,"menu_order":0,"comment_status":"closed","ping_status":"closed","template":"","meta":{"_acf_changed":false,"footnotes":""},"class_list":["post-337","page","type-page","status-publish","hentry"],"acf":[],"_links":{"self":[{"href":"https:\/\/westkust.nl\/de\/wp-json\/wp\/v2\/pages\/337","targetHints":{"allow":["GET"]}}],"collection":[{"href":"https:\/\/westkust.nl\/de\/wp-json\/wp\/v2\/pages"}],"about":[{"href":"https:\/\/westkust.nl\/de\/wp-json\/wp\/v2\/types\/page"}],"author":[{"embeddable":true,"href":"https:\/\/westkust.nl\/de\/wp-json\/wp\/v2\/users\/1"}],"replies":[{"embeddable":true,"href":"https:\/\/westkust.nl\/de\/wp-json\/wp\/v2\/comments?post=337"}],"version-history":[{"count":10,"href":"https:\/\/westkust.nl\/de\/wp-json\/wp\/v2\/pages\/337\/revisions"}],"predecessor-version":[{"id":43569,"href":"https:\/\/westkust.nl\/de\/wp-json\/wp\/v2\/pages\/337\/revisions\/43569"}],"wp:attachment":[{"href":"https:\/\/westkust.nl\/de\/wp-json\/wp\/v2\/media?parent=337"}],"curies":[{"name":"wp","href":"https:\/\/api.w.org\/{rel}","templated":true}]}}