{"id":206,"date":"2022-01-18T10:53:05","date_gmt":"2022-01-18T10:53:05","guid":{"rendered":"https:\/\/www.westkust.3wstaging.nl\/?page_id=206"},"modified":"2025-05-05T08:28:52","modified_gmt":"2025-05-05T08:28:52","slug":"succes","status":"publish","type":"page","link":"https:\/\/westkust.nl\/de\/succes\/","title":{"rendered":"Succes"},"content":{"rendered":"<section class=\"av_textblock_section \"  itemscope=\"itemscope\" itemtype=\"https:\/\/schema.org\/CreativeWork\" ><div class='avia_textblock  '   itemprop=\"text\" ><p>Vielen Dank f\u00fcr Ihre Reservierung. Sie erhalten in K\u00fcrze eine Best\u00e4tigung per E-Mail. Bitte \u00fcberpr\u00fcfen Sie sicherheitshalber auch Ihren Ordner &#8220;Unerw\u00fcnschte Nachrichten&#8221; (Spam-Ordner).<br \/>\nWenn Sie Fragen haben, wenden Sie sich bitte an uns.<\/p>\n<p>Mit freundichen Gr\u00fc\u00dfen,<\/p>\n<p>Westkust Recreatiebeheer<br \/>\nTel.: +31(0)118561823<\/p>\n<\/div><\/section>\n","protected":false},"excerpt":{"rendered":"","protected":false},"author":1,"featured_media":0,"parent":0,"menu_order":0,"comment_status":"closed","ping_status":"closed","template":"","meta":{"_acf_changed":false,"footnotes":""},"class_list":["post-206","page","type-page","status-publish","hentry"],"acf":[],"_links":{"self":[{"href":"https:\/\/westkust.nl\/de\/wp-json\/wp\/v2\/pages\/206","targetHints":{"allow":["GET"]}}],"collection":[{"href":"https:\/\/westkust.nl\/de\/wp-json\/wp\/v2\/pages"}],"about":[{"href":"https:\/\/westkust.nl\/de\/wp-json\/wp\/v2\/types\/page"}],"author":[{"embeddable":true,"href":"https:\/\/westkust.nl\/de\/wp-json\/wp\/v2\/users\/1"}],"replies":[{"embeddable":true,"href":"https:\/\/westkust.nl\/de\/wp-json\/wp\/v2\/comments?post=206"}],"version-history":[{"count":4,"href":"https:\/\/westkust.nl\/de\/wp-json\/wp\/v2\/pages\/206\/revisions"}],"predecessor-version":[{"id":43754,"href":"https:\/\/westkust.nl\/de\/wp-json\/wp\/v2\/pages\/206\/revisions\/43754"}],"wp:attachment":[{"href":"https:\/\/westkust.nl\/de\/wp-json\/wp\/v2\/media?parent=206"}],"curies":[{"name":"wp","href":"https:\/\/api.w.org\/{rel}","templated":true}]}}