{"id":195,"date":"2022-01-18T10:45:56","date_gmt":"2022-01-18T10:45:56","guid":{"rendered":"https:\/\/www.westkust.3wstaging.nl\/?page_id=195"},"modified":"2025-05-05T07:53:00","modified_gmt":"2025-05-05T07:53:00","slug":"uber-uns","status":"publish","type":"page","link":"https:\/\/westkust.nl\/de\/uber-uns\/","title":{"rendered":"\u00dcber uns"},"content":{"rendered":"<section class=\"av_textblock_section \"  itemscope=\"itemscope\" itemtype=\"https:\/\/schema.org\/CreativeWork\" ><div class='avia_textblock  '   itemprop=\"text\" ><h1 class=\"entry-title single-title\">\u00dcber uns: Westkust Holiday<\/h1>\n<h3>Vermietung von Ferienwohnungen und -h\u00e4usern in Zoutelande<\/h3>\n<p>Herzlich willkommen bei Westkust Holidays! Bei uns finden Sie eine vielf\u00e4ltige Auswahl an Ferienh\u00e4usern, Apartments und Bungalows in Zoutelande und Umgebung. Sie k\u00f6nnen Ihre Buchung bequem \u00fcber die Unterkunftseite oder die Kontaktseite vornehmen.<\/p>\n<p><a href=\"https:\/\/westkust.nl\/de\/unsere-unterkuenfte\/\">Alle Ferienwohnungen ansehen<\/a><\/p>\n<p>Haben Sie eine eigene Unterkunft und m\u00f6chten diese in Zoutelande vermieten? Kein Problem, wir k\u00fcmmern uns um alles. Von der Schl\u00fcssel\u00fcbergabe bis zur Reinigung \u00fcbernehmen wir s\u00e4mtliche Aufgaben, damit Ihr Ferienhaus, Bungalow oder Apartment vermietet werden kann, ohne dass Sie sich darum k\u00fcmmern m\u00fcssen. Kontaktieren Sie uns gerne per E-Mail unter <a href=\"mailto:info@westkust.nl\" target=\"_new\" rel=\"noopener\">info@westkust.nl<\/a>, um die M\u00f6glichkeiten zu besprechen.<\/p>\n<\/div><\/section>\n","protected":false},"excerpt":{"rendered":"","protected":false},"author":1,"featured_media":0,"parent":0,"menu_order":0,"comment_status":"closed","ping_status":"closed","template":"","meta":{"_acf_changed":false,"footnotes":""},"class_list":["post-195","page","type-page","status-publish","hentry"],"acf":[],"_links":{"self":[{"href":"https:\/\/westkust.nl\/de\/wp-json\/wp\/v2\/pages\/195","targetHints":{"allow":["GET"]}}],"collection":[{"href":"https:\/\/westkust.nl\/de\/wp-json\/wp\/v2\/pages"}],"about":[{"href":"https:\/\/westkust.nl\/de\/wp-json\/wp\/v2\/types\/page"}],"author":[{"embeddable":true,"href":"https:\/\/westkust.nl\/de\/wp-json\/wp\/v2\/users\/1"}],"replies":[{"embeddable":true,"href":"https:\/\/westkust.nl\/de\/wp-json\/wp\/v2\/comments?post=195"}],"version-history":[{"count":6,"href":"https:\/\/westkust.nl\/de\/wp-json\/wp\/v2\/pages\/195\/revisions"}],"predecessor-version":[{"id":43750,"href":"https:\/\/westkust.nl\/de\/wp-json\/wp\/v2\/pages\/195\/revisions\/43750"}],"wp:attachment":[{"href":"https:\/\/westkust.nl\/de\/wp-json\/wp\/v2\/media?parent=195"}],"curies":[{"name":"wp","href":"https:\/\/api.w.org\/{rel}","templated":true}]}}